 {"id":16130,"date":"2017-11-13T23:50:10","date_gmt":"2017-11-13T22:50:10","guid":{"rendered":"https:\/\/www.ionisos.com\/?page_id=16130\/"},"modified":"2021-12-09T17:05:52","modified_gmt":"2021-12-09T16:05:52","slug":"qualitat","status":"publish","type":"page","link":"https:\/\/www.ionisos.com\/de\/qualitat\/","title":{"rendered":"Qualit\u00e4t"},"content":{"rendered":"<p>[vc_row bg_image=&#8221;15518&#8243; bg_repeat=&#8221;no-repeat&#8221; text_color=&#8221;light&#8221; text_align=&#8221;center&#8221; top_padding=&#8221;100&#8243; bottom_padding=&#8221;100&#8243;][vc_column width=&#8221;1\/1&#8243;]<h1 class=\"headline font-special fontsize-xxxl fontweight-inherit lh-inherit align-center transform-uppercase \" style=\"margin: 0;\"><strong>Qualit\u00e4t<\/strong><\/h1>[\/vc_column][\/vc_row][vc_row top_padding=&#8221;50&#8243; bottom_padding=&#8221;30&#8243;][vc_column width=&#8221;1\/1&#8243;][vc_column_text]<\/p>\n<p style=\"text-align: center;\"><span style=\"font-family: Abel; font-size: 35px;\">Unsere Qualit\u00e4tspolitik<\/span><\/p>\n<p>[\/vc_column_text][\/vc_column][\/vc_row][vc_row text_align=&#8221;center&#8221;][vc_column width=&#8221;1\/1&#8243;]<div class=\"spacer\" style=\"height: 40px;\"><\/div>[vc_row_inner][vc_column_inner width=&#8221;1\/4&#8243;]<div class=\"flexslider wpb_content_element\"><ul class=\"slides\"><li><img decoding=\"async\" src=\"https:\/\/www.ionisos.com\/wp-content\/uploads\/2017\/03\/ISO-9001-2015-ISO-14001-2015-OHSAS-18001-2007-Certifications_5.png\" alt=\"\" \/><\/li><li><img decoding=\"async\" src=\"https:\/\/www.ionisos.com\/wp-content\/uploads\/2017\/03\/iso-9001-logo-236FB79836-seeklogo.com_.png\" alt=\"\" \/><\/li><\/ul><\/div>[\/vc_column_inner][vc_column_inner width=&#8221;3\/4&#8243;][vc_column_text]<\/p>\n<p style=\"text-align: left;\"><span style=\"font-family: Abel; font-size: 25px;\"> <strong>QHSE-<\/strong>Unternehmenspolitik<\/span><\/p>\n<p style=\"text-align: justify;\">Die Zufriedenheit unserer Kunden, die Qualit\u00e4t unserer Leistungen, die Sicherheit aller sowie der Umweltschutz stehen im Zentrum unserer Interessen.<\/p>\n<p style=\"text-align: justify;\">IONISOS m\u00f6chte sein Dienstleistungsangebot im Bereich der Behandlung mit ionisierenden Strahlen sowie mit Ethylenoxid weiter ausbauen, indem&#8230;<\/p>\n<ul>\n<li style=\"text-align: justify;\">&#8230;die Leistungsf\u00e4higkeit verbessert wird und die Kapazit\u00e4ten der bestehenden Standorte erh\u00f6ht werden<\/li>\n<li style=\"text-align: justify;\">&#8230;neue Standorte erworben werden und der Bekanntheitsgrad des Unternehmens durch diese gesteigert wird.<\/li>\n<\/ul>\n<p>[\/vc_column_text][\/vc_column_inner][\/vc_row_inner]<div class=\"spacer\" style=\"height: 40px;\"><\/div>[\/vc_column][\/vc_row][vc_row type=&#8221;full_width_section&#8221; bg_color=&#8221;#00804d&#8221; text_color=&#8221;light&#8221; text_align=&#8221;center&#8221; top_padding=&#8221;40&#8243; bottom_padding=&#8221;40&#8243;][vc_column width=&#8221;1\/1&#8243;][vc_column_text]<\/p>\n<h4 style=\"text-align: center;\">Die Unternehmensstrategie von IONISOS st\u00fctzt sich auf folgende sechs Leitlinien:<\/h4>\n<p>[\/vc_column_text][\/vc_column][\/vc_row][vc_row][vc_column width=&#8221;1\/1&#8243;]<div class=\"spacer\" style=\"height: 40px;\"><\/div>[\/vc_column][\/vc_row][vc_row][vc_column width=&#8221;1\/1&#8243;][vc_row_inner][vc_column_inner width=&#8221;1\/3&#8243;]<div class=\"minti_list wpb_content_element color-accent checkbox\" style=\"padding-left: 10px;\"><strong>Kundenzufriedenheit:<\/strong><\/p>\n<ul>\n<li>Kenntnis \u00fcber unsere Kunden und deren Bed\u00fcrfnisse<\/li>\n<li>Verf\u00fcgbarkeit und Gew\u00e4hrleistung eines guten Kundenservices<\/li>\n<\/ul>\n<\/div>[\/vc_column_inner][vc_column_inner width=&#8221;1\/3&#8243;]<div class=\"minti_list wpb_content_element color-accent checkbox\" style=\"padding-left: 10px;\"><strong>Mitarbeiter von Ionisos:<\/strong><\/p>\n<ul>\n<li>Verf\u00fcgbarkeit von Kompetenzen, die unseren Bed\u00fcrfnissen entsprechen<\/li>\n<li>Gew\u00e4hrleistung von attraktiven Arbeitsbedingungen<\/li>\n<\/ul>\n<\/div>[\/vc_column_inner][vc_column_inner width=&#8221;1\/3&#8243;]<div class=\"minti_list wpb_content_element color-accent checkbox\" style=\"padding-left: 10px;\"><strong>Zusammenarbeit mit unseren Lieferanten<\/strong><\/p>\n<ul>\n<li>Beherrschung der Eink\u00e4ufe und der Dienstleistungen<\/li>\n<li>Absichern von wichtigen Eink\u00e4ufen<\/li>\n<\/ul>\n<\/div>[\/vc_column_inner][\/vc_row_inner]<div class=\"spacer\" style=\"height: 40px;\"><\/div>[vc_row_inner][vc_column_inner width=&#8221;1\/3&#8243;]<div class=\"minti_list wpb_content_element color-accent checkbox\" style=\"padding-left: 10px;\"><strong>Qualit\u00e4t:<\/strong><\/p>\n<ul>\n<li>Erbringung von Dienstleistungen von hoher Qualit\u00e4t<\/li>\n<li>F\u00fchrung von allen Unternehmensstandorten in einem gleichen Managementsystem<\/li>\n<\/ul>\n<\/div>[\/vc_column_inner][vc_column_inner width=&#8221;1\/3&#8243;]<div class=\"minti_list wpb_content_element color-accent checkbox\" style=\"padding-left: 10px;\"><strong>Hygiene und Sicherheit:<\/strong><\/p>\n<ul>\n<li>Unfallvorbeugung und Folgenbegrenzung<\/li>\n<li>Nutzung aller Anlagen in absoluter Sicherheit<\/li>\n<\/ul>\n<\/div>[\/vc_column_inner][vc_column_inner width=&#8221;1\/3&#8243;]<div class=\"minti_list wpb_content_element color-accent checkbox\" style=\"padding-left: 10px;\"><strong>Umwelt:<\/strong><\/p>\n<ul>\n<li>Reduktion der Umweltbelastung der Standorte<\/li>\n<li>Vorbeugung von Umweltrisiken<\/li>\n<\/ul>\n<\/div>[\/vc_column_inner][\/vc_row_inner][\/vc_column][\/vc_row][vc_row][vc_column width=&#8221;1\/1&#8243;]<div class=\"spacer\" style=\"height: 20px;\"><\/div>[\/vc_column][\/vc_row][vc_row top_padding=&#8221;40&#8243; bottom_padding=&#8221;40&#8243;][vc_column width=&#8221;1\/1&#8243;][vc_column_text]<\/p>\n<blockquote>\n<p style=\"text-align: justify;\">\u201eAls Pr\u00e4sident von Ionisos setze ich mich mit meinem Namen und im Namen der gesamten Gesch\u00e4ftsleitung daf\u00fcr ein, unsere Methode des kontinuierlichen Fortschrittes beizubehalten und zu optimieren. Daf\u00fcr entwickeln wir ein effizientes Managementsystem, welches die Punkte Qualit\u00e4t, Hygiene, Sicherheit und Umwelt abdeckt und das sich auf die ISO-Normen ISO 9001, ISO 13485, ISO 11137 \/ 11135 und die GMP-Richtlinie zur Qualit\u00e4tssicherung, die Norm OHSAS 18001 zum Arbeitsschutz sowie die ISO-Norm 14001 zum Umweltschutz st\u00fctzt.<br \/>\nIch verpflichte mich dazu, die zur Umsetzung dieser Strategie notwendigen personellen, organisatorischen und technischen Mittel bereitzustellen.<\/p>\n<p style=\"text-align: justify;\">Ich z\u00e4hle auf das Engagement aller Beteiligten.\u201c<br \/>\n<strong>Herr Herkens<\/strong><\/p>\n<\/blockquote>\n<p>[\/vc_column_text]<a href=\"https:\/\/www.ionisos.com\/wp-content\/uploads\/2021\/11\/Pages-de-Company-Policy-5-3D.pdf\" target=\"_blank\" class=\"button color-2 medium \" style=\"border-radius: 2px;\">Beschreibung der Unternehmenspolitik downloaden<\/a>[\/vc_column][\/vc_row][vc_row][vc_column width=&#8221;1\/1&#8243;]<div class=\"spacer\" style=\"height: 40px;\"><\/div>[\/vc_column][\/vc_row][vc_row bg_color=&#8221;#f4f4f4&#8243; top_padding=&#8221;50&#8243; bottom_padding=&#8221;30&#8243;][vc_column width=&#8221;1\/1&#8243;][vc_column_text]<\/p>\n<p style=\"text-align: center;\"><span style=\"font-family: Abel; font-size: 35px;\">Unsere\u00a0<b>Qualit\u00e4tszertifikate<\/b><\/span><\/p>\n<p>[\/vc_column_text]<div class=\"spacer\" style=\"height: 40px;\"><\/div>[vc_column_text]<\/p>\n<p style=\"text-align: center;\"><span style=\"font-family: Abel; font-size: 25px;\"><strong>Die IONISOS Standorte<\/strong>sind den jeweils angewandten Techniken entsprechend zertifiziert:<\/span><\/p>\n<p style=\"text-align: center;\"><em>Durch Klick auf die folgenden Links k\u00f6nnen Sie die Zertifikate downloaden<\/em><\/p>\n<p>[\/vc_column_text][vc_row_inner][vc_column_inner width=&#8221;1\/6&#8243;][\/vc_column_inner][vc_column_inner width=&#8221;1\/6&#8243;]<a href=\"https:\/\/www.ionisos.com\/wp-content\/uploads\/2021\/07\/ISO-9001-11758-7_signe.pdf\" target=\"_blank\" class=\"button color-3 medium \" style=\"border-radius: 2px;\">ISO 9001<\/a>[\/vc_column_inner][vc_column_inner width=&#8221;1\/6&#8243;]<a href=\"https:\/\/www.ionisos.com\/wp-content\/uploads\/2017\/07\/certifs-sterylene.pdf\" target=\"_blank\" class=\"button custom medium \" style=\"background-color: #027039; border-color: #027039;border-radius: 2px;\">ISO 11135<\/a>[\/vc_column_inner][vc_column_inner width=&#8221;1\/6&#8243;]<a href=\"https:\/\/www.ionisos.com\/wp-content\/uploads\/2021\/07\/ISO-13485-30418-4-site.pdf\" target=\"_blank\" class=\"button color-3 medium \" style=\"border-radius: 2px;\">ISO 11137\/13485<\/a>[\/vc_column_inner][vc_column_inner width=&#8221;1\/6&#8243;]<a href=\"https:\/\/www.ionisos.com\/wp-content\/uploads\/2021\/12\/Certificat-14001-tous-sites-09122021.pdf\" target=\"_blank\" class=\"button custom medium \" style=\"background-color: #027039; border-color: #027039;border-radius: 2px;\">ISO 14001<\/a>[\/vc_column_inner][vc_column_inner width=&#8221;1\/6&#8243;]<a href=\"https:\/\/www.ionisos.com\/wp-content\/uploads\/2020\/08\/IQNet_ISO-50001-2020.pdf\" target=\"_blank\" class=\"button color-3 medium \" style=\"border-radius: 2px;\">Iso 50001<\/a>[\/vc_column_inner][\/vc_row_inner][vc_row_inner][vc_column_inner width=&#8221;1\/2&#8243;]<div class=\"minti_list wpb_content_element color-grey checkbox\" style=\"padding-left: 10px;\"><strong>GMP-Richtlinie<\/strong>:<\/p>\n<ul>\n<li><a href=\"https:\/\/www.ionisos.com\/wp-content\/uploads\/2021\/04\/Certificat-GMP-veterinaire-Chaumesnil.pdf\" target=\"_blank\" rel=\"noopener noreferrer\">Chaumesnil<\/a><\/li>\n<li><a href=\"https:\/\/www.ionisos.com\/wp-content\/uploads\/2021\/01\/Dagneux-Certificat-BPF-ANSM-2020.pdf\">Dagneux<\/a><\/li>\n<li><a href=\"https:\/\/www.ionisos.com\/wp-content\/uploads\/2020\/03\/Certificat-BPF-GMP-Pouzauges-ANSES-validit\u00e9-2023-08-23.pdf\">Pouzauges<\/a><\/li>\n<li><a href=\"https:\/\/www.ionisos.com\/wp-content\/uploads\/2020\/03\/2018-2021-Certificat-de-conformit\u00e9-Sabl\u00e9-BPF-ANSM.pdf\" target=\"_blank\" rel=\"noopener noreferrer\">Sable sur Sarthe<\/a><\/li>\n<\/ul>\n<\/div>[\/vc_column_inner][vc_column_inner width=&#8221;1\/2&#8243;]<div class=\"spacer\" style=\"height: 40px;\"><\/div><div class=\"minti_list wpb_content_element color-grey checkbox\" style=\"padding-left: 10px;\">\n<ul>\n<li><a href=\"\/wp-content\/uploads\/2017\/03\/AFSSAPS-2011-08-LETTRE-Autorisation-LAB-PHARMA.pdf\" target=\"_blank\" rel=\"noopener noreferrer\">11.08.2011: Zulassung der pharmazeutischen Einrichtung des Standorts in Dagneux<\/a><\/li>\n<li><a href=\"\/wp-content\/uploads\/2017\/03\/autorisation-veto-pouzauges.pdf\" target=\"_blank\" rel=\"noopener noreferrer\">Zulassung der pharmazeutisch-veterin\u00e4ren Einrichtung des Standorts in Pouzauges<\/a><\/li>\n<li><a href=\"\/wp-content\/uploads\/2017\/03\/anses-veto-dagneux.pdf\" target=\"_blank\" rel=\"noopener noreferrer\">Zulassung der pharmazeutisch-veterin\u00e4ren Einrichtung des Standorts in Dagneux<\/a><\/li>\n<\/ul>\n<\/div>[\/vc_column_inner][\/vc_row_inner]<div class=\"spacer\" style=\"height: 40px;\"><\/div>[\/vc_column][\/vc_row]<\/p>\n","protected":false},"excerpt":{"rendered":"<p>[vc_row bg_image=&#8221;15518&#8243; bg_repeat=&#8221;no-repeat&#8221; text_color=&#8221;light&#8221; text_align=&#8221;center&#8221; top_padding=&#8221;100&#8243; bottom_padding=&#8221;100&#8243;][vc_column width=&#8221;1\/1&#8243;][\/vc_column][\/vc_row][vc_row top_padding=&#8221;50&#8243; bottom_padding=&#8221;30&#8243;][vc_column width=&#8221;1\/1&#8243;][vc_column_text] Unsere Qualit\u00e4tspolitik [\/vc_column_text][\/vc_column][\/vc_row][vc_row text_align=&#8221;center&#8221;][vc_column width=&#8221;1\/1&#8243;][vc_row_inner][vc_column_inner width=&#8221;1\/4&#8243;][\/vc_column_inner][vc_column_inner width=&#8221;3\/4&#8243;][vc_column_text] QHSE-Unternehmenspolitik Die Zufriedenheit unserer Kunden, die Qualit\u00e4t unserer Leistungen, die Sicherheit aller sowie der Umweltschutz stehen im Zentrum unserer Interessen. IONISOS m\u00f6chte sein Dienstleistungsangebot im Bereich der Behandlung mit ionisierenden Strahlen sowie mit Ethylenoxid weiter ausbauen, indem&#8230; &#8230;die Leistungsf\u00e4higkeit verbessert wird und die Kapazit\u00e4ten der bestehenden Standorte erh\u00f6ht werden &#8230;neue Standorte erworben werden und der Bekanntheitsgrad des Unternehmens durch diese gesteigert wird. [\/vc_column_text][\/vc_column_inner][\/vc_row_inner][\/vc_column][\/vc_row][vc_row type=&#8221;full_width_section&#8221; bg_color=&#8221;#00804d&#8221; text_color=&#8221;light&#8221; text_align=&#8221;center&#8221; top_padding=&#8221;40&#8243; bottom_padding=&#8221;40&#8243;][vc_column width=&#8221;1\/1&#8243;][vc_column_text] Die Unternehmensstrategie von IONISOS st\u00fctzt sich auf folgende sechs Leitlinien: [\/vc_column_text][\/vc_column][\/vc_row][vc_row][vc_column width=&#8221;1\/1&#8243;][\/vc_column][\/vc_row][vc_row][vc_column width=&#8221;1\/1&#8243;][vc_row_inner][vc_column_inner width=&#8221;1\/3&#8243;][\/vc_column_inner][vc_column_inner width=&#8221;1\/3&#8243;][\/vc_column_inner][vc_column_inner width=&#8221;1\/3&#8243;][\/vc_column_inner][\/vc_row_inner][vc_row_inner][vc_column_inner width=&#8221;1\/3&#8243;][\/vc_column_inner][vc_column_inner width=&#8221;1\/3&#8243;][\/vc_column_inner][vc_column_inner width=&#8221;1\/3&#8243;][\/vc_column_inner][\/vc_row_inner][\/vc_column][\/vc_row][vc_row][vc_column width=&#8221;1\/1&#8243;][\/vc_column][\/vc_row][vc_row top_padding=&#8221;40&#8243; bottom_padding=&#8221;40&#8243;][vc_column width=&#8221;1\/1&#8243;][vc_column_text] \u201eAls Pr\u00e4sident von Ionisos setze ich mich mit meinem Namen und im Namen der gesamten Gesch\u00e4ftsleitung daf\u00fcr ein, unsere Methode des kontinuierlichen Fortschrittes beizubehalten und zu optimieren. Daf\u00fcr entwickeln wir ein effizientes Managementsystem, welches die Punkte Qualit\u00e4t, Hygiene, Sicherheit und Umwelt abdeckt und das sich auf die ISO-Normen ISO 9001, ISO 13485, ISO 11137 \/ 11135 und die GMP-Richtlinie zur Qualit\u00e4tssicherung, die Norm OHSAS 18001 zum Arbeitsschutz sowie die ISO-Norm 14001 zum Umweltschutz st\u00fctzt. Ich verpflichte mich dazu, die zur Umsetzung dieser Strategie notwendigen personellen, organisatorischen und technischen Mittel [&hellip;]<\/p>\n","protected":false},"author":1,"featured_media":0,"parent":0,"menu_order":0,"comment_status":"closed","ping_status":"closed","template":"","meta":{"inline_featured_image":false,"footnotes":""},"class_list":["post-16130","page","type-page","status-publish","hentry"],"yoast_head":"<!-- This site is optimized with the Yoast SEO plugin v26.3 - https:\/\/yoast.com\/wordpress\/plugins\/seo\/ -->\n<title>Qualit\u00e4t - Ionisos<\/title>\n<meta name=\"robots\" content=\"index, follow, max-snippet:-1, max-image-preview:large, max-video-preview:-1\" \/>\n<link rel=\"canonical\" href=\"https:\/\/www.ionisos.com\/de\/qualitat\/\" \/>\n<meta property=\"og:locale\" content=\"de_DE\" \/>\n<meta property=\"og:type\" content=\"article\" \/>\n<meta property=\"og:title\" content=\"Qualit\u00e4t - Ionisos\" \/>\n<meta property=\"og:description\" content=\"[vc_row bg_image=&#8221;15518&#8243; bg_repeat=&#8221;no-repeat&#8221; text_color=&#8221;light&#8221; text_align=&#8221;center&#8221; top_padding=&#8221;100&#8243; bottom_padding=&#8221;100&#8243;][vc_column width=&#8221;1\/1&#8243;][\/vc_column][\/vc_row][vc_row top_padding=&#8221;50&#8243; bottom_padding=&#8221;30&#8243;][vc_column width=&#8221;1\/1&#8243;][vc_column_text] Unsere Qualit\u00e4tspolitik [\/vc_column_text][\/vc_column][\/vc_row][vc_row text_align=&#8221;center&#8221;][vc_column width=&#8221;1\/1&#8243;][vc_row_inner][vc_column_inner width=&#8221;1\/4&#8243;][\/vc_column_inner][vc_column_inner width=&#8221;3\/4&#8243;][vc_column_text] QHSE-Unternehmenspolitik Die Zufriedenheit unserer Kunden, die Qualit\u00e4t unserer Leistungen, die Sicherheit aller sowie der Umweltschutz stehen im Zentrum unserer Interessen. IONISOS m\u00f6chte sein Dienstleistungsangebot im Bereich der Behandlung mit ionisierenden Strahlen sowie mit Ethylenoxid weiter ausbauen, indem&#8230; &#8230;die Leistungsf\u00e4higkeit verbessert wird und die Kapazit\u00e4ten der bestehenden Standorte erh\u00f6ht werden &#8230;neue Standorte erworben werden und der Bekanntheitsgrad des Unternehmens durch diese gesteigert wird. [\/vc_column_text][\/vc_column_inner][\/vc_row_inner][\/vc_column][\/vc_row][vc_row type=&#8221;full_width_section&#8221; bg_color=&#8221;#00804d&#8221; text_color=&#8221;light&#8221; text_align=&#8221;center&#8221; top_padding=&#8221;40&#8243; bottom_padding=&#8221;40&#8243;][vc_column width=&#8221;1\/1&#8243;][vc_column_text] Die Unternehmensstrategie von IONISOS st\u00fctzt sich auf folgende sechs Leitlinien: [\/vc_column_text][\/vc_column][\/vc_row][vc_row][vc_column width=&#8221;1\/1&#8243;][\/vc_column][\/vc_row][vc_row][vc_column width=&#8221;1\/1&#8243;][vc_row_inner][vc_column_inner width=&#8221;1\/3&#8243;][\/vc_column_inner][vc_column_inner width=&#8221;1\/3&#8243;][\/vc_column_inner][vc_column_inner width=&#8221;1\/3&#8243;][\/vc_column_inner][\/vc_row_inner][vc_row_inner][vc_column_inner width=&#8221;1\/3&#8243;][\/vc_column_inner][vc_column_inner width=&#8221;1\/3&#8243;][\/vc_column_inner][vc_column_inner width=&#8221;1\/3&#8243;][\/vc_column_inner][\/vc_row_inner][\/vc_column][\/vc_row][vc_row][vc_column width=&#8221;1\/1&#8243;][\/vc_column][\/vc_row][vc_row top_padding=&#8221;40&#8243; bottom_padding=&#8221;40&#8243;][vc_column width=&#8221;1\/1&#8243;][vc_column_text] \u201eAls Pr\u00e4sident von Ionisos setze ich mich mit meinem Namen und im Namen der gesamten Gesch\u00e4ftsleitung daf\u00fcr ein, unsere Methode des kontinuierlichen Fortschrittes beizubehalten und zu optimieren. Daf\u00fcr entwickeln wir ein effizientes Managementsystem, welches die Punkte Qualit\u00e4t, Hygiene, Sicherheit und Umwelt abdeckt und das sich auf die ISO-Normen ISO 9001, ISO 13485, ISO 11137 \/ 11135 und die GMP-Richtlinie zur Qualit\u00e4tssicherung, die Norm OHSAS 18001 zum Arbeitsschutz sowie die ISO-Norm 14001 zum Umweltschutz st\u00fctzt. Ich verpflichte mich dazu, die zur Umsetzung dieser Strategie notwendigen personellen, organisatorischen und technischen Mittel [&hellip;]\" \/>\n<meta property=\"og:url\" content=\"https:\/\/www.ionisos.com\/de\/qualitat\/\" \/>\n<meta property=\"og:site_name\" content=\"Ionisos\" \/>\n<meta property=\"article:modified_time\" content=\"2021-12-09T16:05:52+00:00\" \/>\n<meta name=\"twitter:card\" content=\"summary_large_image\" \/>\n<meta name=\"twitter:label1\" content=\"Gesch\u00e4tzte Lesezeit\" \/>\n\t<meta name=\"twitter:data1\" content=\"5\u00a0Minuten\" \/>\n<script type=\"application\/ld+json\" class=\"yoast-schema-graph\">{\"@context\":\"https:\/\/schema.org\",\"@graph\":[{\"@type\":\"WebPage\",\"@id\":\"https:\/\/www.ionisos.com\/de\/qualitat\/\",\"url\":\"https:\/\/www.ionisos.com\/de\/qualitat\/\",\"name\":\"Qualit\u00e4t - Ionisos\",\"isPartOf\":{\"@id\":\"https:\/\/www.ionisos.com\/#website\"},\"datePublished\":\"2017-11-13T22:50:10+00:00\",\"dateModified\":\"2021-12-09T16:05:52+00:00\",\"breadcrumb\":{\"@id\":\"https:\/\/www.ionisos.com\/de\/qualitat\/#breadcrumb\"},\"inLanguage\":\"de\",\"potentialAction\":[{\"@type\":\"ReadAction\",\"target\":[\"https:\/\/www.ionisos.com\/de\/qualitat\/\"]}]},{\"@type\":\"BreadcrumbList\",\"@id\":\"https:\/\/www.ionisos.com\/de\/qualitat\/#breadcrumb\",\"itemListElement\":[{\"@type\":\"ListItem\",\"position\":1,\"name\":\"Accueil\",\"item\":\"https:\/\/www.ionisos.com\/de\/\"},{\"@type\":\"ListItem\",\"position\":2,\"name\":\"Qualit\u00e4t\"}]},{\"@type\":\"WebSite\",\"@id\":\"https:\/\/www.ionisos.com\/#website\",\"url\":\"https:\/\/www.ionisos.com\/\",\"name\":\"Ionisos\",\"description\":\"Ionisation par \u00e9lectrons acc\u00e9l\u00e9r\u00e9s, rayons gamma, rayons X et oxyde d&#039;\u00e9thyl\u00e8ne\",\"potentialAction\":[{\"@type\":\"SearchAction\",\"target\":{\"@type\":\"EntryPoint\",\"urlTemplate\":\"https:\/\/www.ionisos.com\/?s={search_term_string}\"},\"query-input\":{\"@type\":\"PropertyValueSpecification\",\"valueRequired\":true,\"valueName\":\"search_term_string\"}}],\"inLanguage\":\"de\"}]}<\/script>\n<!-- \/ Yoast SEO plugin. -->","yoast_head_json":{"title":"Qualit\u00e4t - Ionisos","robots":{"index":"index","follow":"follow","max-snippet":"max-snippet:-1","max-image-preview":"max-image-preview:large","max-video-preview":"max-video-preview:-1"},"canonical":"https:\/\/www.ionisos.com\/de\/qualitat\/","og_locale":"de_DE","og_type":"article","og_title":"Qualit\u00e4t - Ionisos","og_description":"[vc_row bg_image=&#8221;15518&#8243; bg_repeat=&#8221;no-repeat&#8221; text_color=&#8221;light&#8221; text_align=&#8221;center&#8221; top_padding=&#8221;100&#8243; bottom_padding=&#8221;100&#8243;][vc_column width=&#8221;1\/1&#8243;][\/vc_column][\/vc_row][vc_row top_padding=&#8221;50&#8243; bottom_padding=&#8221;30&#8243;][vc_column width=&#8221;1\/1&#8243;][vc_column_text] Unsere Qualit\u00e4tspolitik [\/vc_column_text][\/vc_column][\/vc_row][vc_row text_align=&#8221;center&#8221;][vc_column width=&#8221;1\/1&#8243;][vc_row_inner][vc_column_inner width=&#8221;1\/4&#8243;][\/vc_column_inner][vc_column_inner width=&#8221;3\/4&#8243;][vc_column_text] QHSE-Unternehmenspolitik Die Zufriedenheit unserer Kunden, die Qualit\u00e4t unserer Leistungen, die Sicherheit aller sowie der Umweltschutz stehen im Zentrum unserer Interessen. IONISOS m\u00f6chte sein Dienstleistungsangebot im Bereich der Behandlung mit ionisierenden Strahlen sowie mit Ethylenoxid weiter ausbauen, indem&#8230; &#8230;die Leistungsf\u00e4higkeit verbessert wird und die Kapazit\u00e4ten der bestehenden Standorte erh\u00f6ht werden &#8230;neue Standorte erworben werden und der Bekanntheitsgrad des Unternehmens durch diese gesteigert wird. [\/vc_column_text][\/vc_column_inner][\/vc_row_inner][\/vc_column][\/vc_row][vc_row type=&#8221;full_width_section&#8221; bg_color=&#8221;#00804d&#8221; text_color=&#8221;light&#8221; text_align=&#8221;center&#8221; top_padding=&#8221;40&#8243; bottom_padding=&#8221;40&#8243;][vc_column width=&#8221;1\/1&#8243;][vc_column_text] Die Unternehmensstrategie von IONISOS st\u00fctzt sich auf folgende sechs Leitlinien: [\/vc_column_text][\/vc_column][\/vc_row][vc_row][vc_column width=&#8221;1\/1&#8243;][\/vc_column][\/vc_row][vc_row][vc_column width=&#8221;1\/1&#8243;][vc_row_inner][vc_column_inner width=&#8221;1\/3&#8243;][\/vc_column_inner][vc_column_inner width=&#8221;1\/3&#8243;][\/vc_column_inner][vc_column_inner width=&#8221;1\/3&#8243;][\/vc_column_inner][\/vc_row_inner][vc_row_inner][vc_column_inner width=&#8221;1\/3&#8243;][\/vc_column_inner][vc_column_inner width=&#8221;1\/3&#8243;][\/vc_column_inner][vc_column_inner width=&#8221;1\/3&#8243;][\/vc_column_inner][\/vc_row_inner][\/vc_column][\/vc_row][vc_row][vc_column width=&#8221;1\/1&#8243;][\/vc_column][\/vc_row][vc_row top_padding=&#8221;40&#8243; bottom_padding=&#8221;40&#8243;][vc_column width=&#8221;1\/1&#8243;][vc_column_text] \u201eAls Pr\u00e4sident von Ionisos setze ich mich mit meinem Namen und im Namen der gesamten Gesch\u00e4ftsleitung daf\u00fcr ein, unsere Methode des kontinuierlichen Fortschrittes beizubehalten und zu optimieren. Daf\u00fcr entwickeln wir ein effizientes Managementsystem, welches die Punkte Qualit\u00e4t, Hygiene, Sicherheit und Umwelt abdeckt und das sich auf die ISO-Normen ISO 9001, ISO 13485, ISO 11137 \/ 11135 und die GMP-Richtlinie zur Qualit\u00e4tssicherung, die Norm OHSAS 18001 zum Arbeitsschutz sowie die ISO-Norm 14001 zum Umweltschutz st\u00fctzt. Ich verpflichte mich dazu, die zur Umsetzung dieser Strategie notwendigen personellen, organisatorischen und technischen Mittel [&hellip;]","og_url":"https:\/\/www.ionisos.com\/de\/qualitat\/","og_site_name":"Ionisos","article_modified_time":"2021-12-09T16:05:52+00:00","twitter_card":"summary_large_image","twitter_misc":{"Gesch\u00e4tzte Lesezeit":"5\u00a0Minuten"},"schema":{"@context":"https:\/\/schema.org","@graph":[{"@type":"WebPage","@id":"https:\/\/www.ionisos.com\/de\/qualitat\/","url":"https:\/\/www.ionisos.com\/de\/qualitat\/","name":"Qualit\u00e4t - Ionisos","isPartOf":{"@id":"https:\/\/www.ionisos.com\/#website"},"datePublished":"2017-11-13T22:50:10+00:00","dateModified":"2021-12-09T16:05:52+00:00","breadcrumb":{"@id":"https:\/\/www.ionisos.com\/de\/qualitat\/#breadcrumb"},"inLanguage":"de","potentialAction":[{"@type":"ReadAction","target":["https:\/\/www.ionisos.com\/de\/qualitat\/"]}]},{"@type":"BreadcrumbList","@id":"https:\/\/www.ionisos.com\/de\/qualitat\/#breadcrumb","itemListElement":[{"@type":"ListItem","position":1,"name":"Accueil","item":"https:\/\/www.ionisos.com\/de\/"},{"@type":"ListItem","position":2,"name":"Qualit\u00e4t"}]},{"@type":"WebSite","@id":"https:\/\/www.ionisos.com\/#website","url":"https:\/\/www.ionisos.com\/","name":"Ionisos","description":"Ionisation par \u00e9lectrons acc\u00e9l\u00e9r\u00e9s, rayons gamma, rayons X et oxyde d&#039;\u00e9thyl\u00e8ne","potentialAction":[{"@type":"SearchAction","target":{"@type":"EntryPoint","urlTemplate":"https:\/\/www.ionisos.com\/?s={search_term_string}"},"query-input":{"@type":"PropertyValueSpecification","valueRequired":true,"valueName":"search_term_string"}}],"inLanguage":"de"}]}},"_links":{"self":[{"href":"https:\/\/www.ionisos.com\/de\/wp-json\/wp\/v2\/pages\/16130","targetHints":{"allow":["GET"]}}],"collection":[{"href":"https:\/\/www.ionisos.com\/de\/wp-json\/wp\/v2\/pages"}],"about":[{"href":"https:\/\/www.ionisos.com\/de\/wp-json\/wp\/v2\/types\/page"}],"author":[{"embeddable":true,"href":"https:\/\/www.ionisos.com\/de\/wp-json\/wp\/v2\/users\/1"}],"replies":[{"embeddable":true,"href":"https:\/\/www.ionisos.com\/de\/wp-json\/wp\/v2\/comments?post=16130"}],"version-history":[{"count":29,"href":"https:\/\/www.ionisos.com\/de\/wp-json\/wp\/v2\/pages\/16130\/revisions"}],"predecessor-version":[{"id":19450,"href":"https:\/\/www.ionisos.com\/de\/wp-json\/wp\/v2\/pages\/16130\/revisions\/19450"}],"wp:attachment":[{"href":"https:\/\/www.ionisos.com\/de\/wp-json\/wp\/v2\/media?parent=16130"}],"curies":[{"name":"wp","href":"https:\/\/api.w.org\/{rel}","templated":true}]}}