 {"id":16126,"date":"2017-11-13T23:50:10","date_gmt":"2017-11-13T22:50:10","guid":{"rendered":"https:\/\/www.ionisos.com\/?page_id=16126\/"},"modified":"2025-10-17T11:18:23","modified_gmt":"2025-10-17T09:18:23","slug":"ethylenoxid","status":"publish","type":"page","link":"https:\/\/www.ionisos.com\/de\/unsere-aktivitaeten\/ethylenoxid\/","title":{"rendered":"Ethylenoxid"},"content":{"rendered":"<p>[vc_row bg_image=&#8221;18987&#8243; text_color=&#8221;light&#8221; text_align=&#8221;center&#8221; top_padding=&#8221;100&#8243; bottom_padding=&#8221;100&#8243; parallax_content=&#8221;parallax_content_value&#8221;][vc_column width=&#8221;1\/1&#8243;]<h1 class=\"headline font-special fontsize-xxxl fontweight-inherit lh-inherit align-center transform-uppercase \" style=\"margin: 0;\"><strong>Ethylenoxid<\/strong><\/h1>[\/vc_column][\/vc_row][vc_row][vc_column width=&#8221;1\/1&#8243;]<div class=\"spacer\" style=\"height: 40px;\"><\/div>[vc_column_text]<\/p>\n<p style=\"text-align: center;\"><span style=\"font-family: Abel; font-size: 25px;\">Die Sterilisation mit Ethylenoxid ist eine L\u00f6sung f\u00fcr Produkte, die nicht mit ionisierender Strahlung kompatibel sind. Sie hat ein breites Anwendungsspektrum zur Behandlung von Medizinprodukten dank eines Verfahrens bei niedriger Temperatur, das eine Verformung oder Oxidation der Materialien vermeidet.<\/span><\/p>\n<p>[\/vc_column_text]<div class=\"spacer\" style=\"height: 20px;\"><\/div>[\/vc_column][\/vc_row][vc_row][vc_column width=&#8221;1\/2&#8243;]<div class=\"video-embed  wpb_content_element\"><iframe loading=\"lazy\" title=\"Ethylenoxid bei Ionisos\" width=\"1161\" height=\"653\" src=\"https:\/\/www.youtube.com\/embed\/mJzl5OpZwLM?feature=oembed\" frameborder=\"0\" allow=\"accelerometer; autoplay; clipboard-write; encrypted-media; gyroscope; picture-in-picture; web-share\" referrerpolicy=\"strict-origin-when-cross-origin\" allowfullscreen><\/iframe><\/div>[\/vc_column][vc_column width=&#8221;1\/2&#8243;][vc_column_text]<\/p>\n<h3>Grundprinzip<\/h3>\n<p>Ethylenoxid ist ein wirksames Sterilisierungsgas, haupts\u00e4chlich aufgrund seiner F\u00e4higkeit, Proteine und Nukleins\u00e4uren zu alkylieren. Diese Wirkung ver\u00e4ndert Mikroorganismen (Bakterien, Viren, Pilze) und macht sie inaktiv.<\/p>\n<h3>Prozessschritte<\/h3>\n<ol>\n<li><strong>Vorbehandlung und Befeuchtung<\/strong> :\n<ul>\n<li style=\"list-style-type: none;\">\n<ul>\n<li>Die zu sterilisierenden Artikel werden zun\u00e4chst einer warmen und feuchten Umgebung ausgesetzt, um sie f\u00fcr das EO-Gas durchl\u00e4ssiger zu machen.<\/li>\n<\/ul>\n<\/li>\n<\/ul>\n<p>&nbsp;<\/li>\n<li><strong>Einf\u00fchrung des EO<\/strong> :\n<ul>\n<li style=\"list-style-type: none;\">\n<ul>\n<li>Danach wird Ethylenoxid in die Sterilisationskammer eingef\u00fchrt.<\/li>\n<li>Die Konzentration des Gases, die Temperatur und die Feuchtigkeit werden sorgf\u00e4ltig kontrolliert, um die Effizienz der Sterilisation zu maximieren.<\/li>\n<\/ul>\n<\/li>\n<\/ul>\n<p>&nbsp;<\/li>\n<li><strong>Exposition<\/strong> :\n<ul>\n<li style=\"list-style-type: none;\">\n<ul>\n<li>Die Artikel bleiben f\u00fcr eine definierte Zeit in der Kammer, wodurch das EO-Gas in die Materialien eindringen und sie sterilisieren kann.<\/li>\n<\/ul>\n<\/li>\n<\/ul>\n<p>&nbsp;<\/li>\n<li><strong>Bel\u00fcftung<\/strong> :\n<ul>\n<li>Nach der Exposition werden die Artikel bel\u00fcftet, um alle R\u00fcckst\u00e4nde des EO zu entfernen.<\/li>\n<\/ul>\n<\/li>\n<\/ol>\n<p>[\/vc_column_text]<div class=\"minti_list wpb_content_element color-accent plus\" style=\"padding-left: 10px;\">Die Vorteile der Sterilisation mit Ethylenoxid:<\/p>\n<ul>\n<li>Wirksam f\u00fcr temperatur- und feuchtigkeitsempfindliche Materialien.<\/li>\n<li>Tiefe Penetration, ideal f\u00fcr komplexe oder verpackte Artikel.<\/li>\n<\/ul>\n<\/div>[\/vc_column][\/vc_row][vc_row][vc_column width=&#8221;1\/1&#8243;]<div class=\"spacer\" style=\"height: 80px;\"><\/div>[vc_column_text]<\/p>\n<p style=\"text-align: center;\"><span style=\"font-family: Abel;\"><span style=\"font-size: 25px;\">Unsere Ethylenoxid-Behandlungsst\u00e4tten<\/span><\/span><\/p>\n<p>[\/vc_column_text]<div class=\"spacer\" style=\"height: 30px;\"><\/div>[\/vc_column][\/vc_row][vc_row][vc_column width=&#8221;1\/3&#8243;]<a href=\"https:\/\/www.ionisos.com\/de\/firmenlinks\/civrieux-dazergues\/\" target=\"_self\" class=\"button custom full \" style=\"background-color: #21b3aa; border-color: #21b3aa;border-radius: 2px;\"><strong>CIVRIEUX D&#8217;AZERGUES<\/strong><br \/>\nFrankreich<\/a>[\/vc_column][vc_column width=&#8221;1\/3&#8243;]<a href=\"https:\/\/www.ionisos.com\/de\/firmenlinks\/kleve\/\" target=\"_self\" class=\"button custom full \" style=\"background-color: #21b3aa; border-color: #21b3aa;border-radius: 2px;\"><strong>KLEVE<\/strong><br \/>\nDeutschland<\/a>[\/vc_column][vc_column width=&#8221;1\/3&#8243;]<a href=\"https:\/\/www.ionisos.com\/de\/firmenlinks\/gien\/\" target=\"_self\" class=\"button custom full \" style=\"background-color: #21b3aa; border-color: #21b3aa;border-radius: 2px;\"><strong>GIEN<\/strong><br \/>\nFrankreich<\/a>[\/vc_column][\/vc_row][vc_row][vc_column width=&#8221;1\/1&#8243;]<div class=\"spacer\" style=\"height: 40px;\"><\/div>[\/vc_column][\/vc_row][vc_row bg_color=&#8221;#0b2677&#8243; text_color=&#8221;light&#8221; text_align=&#8221;center&#8221; top_padding=&#8221;40&#8243; bottom_padding=&#8221;40&#8243;][vc_column width=&#8221;2\/3&#8243;]<div class=\"spacer\" style=\"height: 5px;\"><\/div>[vc_column_text]<\/p>\n<h3 style=\"text-align: left;\">Ionisos bietet auch die Behandlung mit Ebeam- und Gamma-Bestrahlung an.<\/h3>\n<p>[\/vc_column_text][\/vc_column][vc_column width=&#8221;1\/3&#8243;][vc_column_text]<a href=\"\/de\/unsere-aktivitaeten\/beta-bestrahlung\/\" target=\"_self\" class=\"button color-8 medium \" style=\"border-radius: 2px;\">Ebeam<\/a> \u00a0 \u00a0 \u00a0 \u00a0<a href=\"\/de\/unsere-aktivitaeten\/gamma-bestrahlung\/\" target=\"_self\" class=\"button color-8 medium \" style=\"border-radius: 2px;\">Gamma<\/a>[\/vc_column_text][\/vc_column][\/vc_row]<\/p>\n","protected":false},"excerpt":{"rendered":"<p>[vc_row bg_image=&#8221;18987&#8243; text_color=&#8221;light&#8221; text_align=&#8221;center&#8221; top_padding=&#8221;100&#8243; bottom_padding=&#8221;100&#8243; parallax_content=&#8221;parallax_content_value&#8221;][vc_column width=&#8221;1\/1&#8243;][\/vc_column][\/vc_row][vc_row][vc_column width=&#8221;1\/1&#8243;][vc_column_text] Die Sterilisation mit Ethylenoxid ist eine L\u00f6sung f\u00fcr Produkte, die nicht mit ionisierender Strahlung kompatibel sind. Sie hat ein breites Anwendungsspektrum zur Behandlung von Medizinprodukten dank eines Verfahrens bei niedriger Temperatur, das eine Verformung oder Oxidation der Materialien vermeidet. [\/vc_column_text][\/vc_column][\/vc_row][vc_row][vc_column width=&#8221;1\/2&#8243;][\/vc_column][vc_column width=&#8221;1\/2&#8243;][vc_column_text] Grundprinzip Ethylenoxid ist ein wirksames Sterilisierungsgas, haupts\u00e4chlich aufgrund seiner F\u00e4higkeit, Proteine und Nukleins\u00e4uren zu alkylieren. Diese Wirkung ver\u00e4ndert Mikroorganismen (Bakterien, Viren, Pilze) und macht sie inaktiv. Prozessschritte Vorbehandlung und Befeuchtung : Die zu sterilisierenden Artikel werden zun\u00e4chst einer warmen und feuchten Umgebung ausgesetzt, um sie f\u00fcr das EO-Gas durchl\u00e4ssiger zu machen. &nbsp; Einf\u00fchrung des EO : Danach wird Ethylenoxid in die Sterilisationskammer eingef\u00fchrt. Die Konzentration des Gases, die Temperatur und die Feuchtigkeit werden sorgf\u00e4ltig kontrolliert, um die Effizienz der Sterilisation zu maximieren. &nbsp; Exposition : Die Artikel bleiben f\u00fcr eine definierte Zeit in der Kammer, wodurch das EO-Gas in die Materialien eindringen und sie sterilisieren kann. &nbsp; Bel\u00fcftung : Nach der Exposition werden die Artikel bel\u00fcftet, um alle R\u00fcckst\u00e4nde des EO zu entfernen. [\/vc_column_text][\/vc_column][\/vc_row][vc_row][vc_column width=&#8221;1\/1&#8243;][vc_column_text] Unsere Ethylenoxid-Behandlungsst\u00e4tten [\/vc_column_text][\/vc_column][\/vc_row][vc_row][vc_column width=&#8221;1\/3&#8243;][\/vc_column][vc_column width=&#8221;1\/3&#8243;][\/vc_column][vc_column width=&#8221;1\/3&#8243;][\/vc_column][\/vc_row][vc_row][vc_column width=&#8221;1\/1&#8243;][\/vc_column][\/vc_row][vc_row bg_color=&#8221;#0b2677&#8243; text_color=&#8221;light&#8221; text_align=&#8221;center&#8221; top_padding=&#8221;40&#8243; bottom_padding=&#8221;40&#8243;][vc_column width=&#8221;2\/3&#8243;][vc_column_text] Ionisos bietet auch die Behandlung mit Ebeam- und Gamma-Bestrahlung an. [\/vc_column_text][\/vc_column][vc_column [&hellip;]<\/p>\n","protected":false},"author":1,"featured_media":0,"parent":16116,"menu_order":0,"comment_status":"closed","ping_status":"closed","template":"","meta":{"inline_featured_image":false,"footnotes":""},"class_list":["post-16126","page","type-page","status-publish","hentry"],"yoast_head":"<!-- This site is optimized with the Yoast SEO plugin v26.3 - https:\/\/yoast.com\/wordpress\/plugins\/seo\/ -->\n<title>Ethylenoxid - Ionisos<\/title>\n<meta name=\"description\" content=\"IONISOS stellt Ihnen seine Sterilisationsdienste mit Ethylenoxid zur Behandlung Ihrer Medizinprodukte und pharmazeutischen Produkte vor.\" \/>\n<meta name=\"robots\" content=\"index, follow, max-snippet:-1, max-image-preview:large, max-video-preview:-1\" \/>\n<link rel=\"canonical\" href=\"https:\/\/www.ionisos.com\/de\/unsere-aktivitaeten\/ethylenoxid\/\" \/>\n<meta property=\"og:locale\" content=\"de_DE\" \/>\n<meta property=\"og:type\" content=\"article\" \/>\n<meta property=\"og:title\" content=\"Ethylenoxid - Ionisos\" \/>\n<meta property=\"og:description\" content=\"IONISOS stellt Ihnen seine Sterilisationsdienste mit Ethylenoxid zur Behandlung Ihrer Medizinprodukte und pharmazeutischen Produkte vor.\" \/>\n<meta property=\"og:url\" content=\"https:\/\/www.ionisos.com\/de\/unsere-aktivitaeten\/ethylenoxid\/\" \/>\n<meta property=\"og:site_name\" content=\"Ionisos\" \/>\n<meta property=\"article:modified_time\" content=\"2025-10-17T09:18:23+00:00\" \/>\n<meta name=\"twitter:card\" content=\"summary_large_image\" \/>\n<meta name=\"twitter:label1\" content=\"Gesch\u00e4tzte Lesezeit\" \/>\n\t<meta name=\"twitter:data1\" content=\"2\u00a0Minuten\" \/>\n<script type=\"application\/ld+json\" class=\"yoast-schema-graph\">{\"@context\":\"https:\/\/schema.org\",\"@graph\":[{\"@type\":\"WebPage\",\"@id\":\"https:\/\/www.ionisos.com\/de\/unsere-aktivitaeten\/ethylenoxid\/\",\"url\":\"https:\/\/www.ionisos.com\/de\/unsere-aktivitaeten\/ethylenoxid\/\",\"name\":\"Ethylenoxid - Ionisos\",\"isPartOf\":{\"@id\":\"https:\/\/www.ionisos.com\/#website\"},\"datePublished\":\"2017-11-13T22:50:10+00:00\",\"dateModified\":\"2025-10-17T09:18:23+00:00\",\"description\":\"IONISOS stellt Ihnen seine Sterilisationsdienste mit Ethylenoxid zur Behandlung Ihrer Medizinprodukte und pharmazeutischen Produkte vor.\",\"breadcrumb\":{\"@id\":\"https:\/\/www.ionisos.com\/de\/unsere-aktivitaeten\/ethylenoxid\/#breadcrumb\"},\"inLanguage\":\"de\",\"potentialAction\":[{\"@type\":\"ReadAction\",\"target\":[\"https:\/\/www.ionisos.com\/de\/unsere-aktivitaeten\/ethylenoxid\/\"]}]},{\"@type\":\"BreadcrumbList\",\"@id\":\"https:\/\/www.ionisos.com\/de\/unsere-aktivitaeten\/ethylenoxid\/#breadcrumb\",\"itemListElement\":[{\"@type\":\"ListItem\",\"position\":1,\"name\":\"Accueil\",\"item\":\"https:\/\/www.ionisos.com\/de\/\"},{\"@type\":\"ListItem\",\"position\":2,\"name\":\"Unsere Aktivit\u00e4ten\",\"item\":\"https:\/\/www.ionisos.com\/de\/unsere-aktivitaeten\/\"},{\"@type\":\"ListItem\",\"position\":3,\"name\":\"Ethylenoxid\"}]},{\"@type\":\"WebSite\",\"@id\":\"https:\/\/www.ionisos.com\/#website\",\"url\":\"https:\/\/www.ionisos.com\/\",\"name\":\"Ionisos\",\"description\":\"Ionisation par \u00e9lectrons acc\u00e9l\u00e9r\u00e9s, rayons gamma, rayons X et oxyde d&#039;\u00e9thyl\u00e8ne\",\"potentialAction\":[{\"@type\":\"SearchAction\",\"target\":{\"@type\":\"EntryPoint\",\"urlTemplate\":\"https:\/\/www.ionisos.com\/?s={search_term_string}\"},\"query-input\":{\"@type\":\"PropertyValueSpecification\",\"valueRequired\":true,\"valueName\":\"search_term_string\"}}],\"inLanguage\":\"de\"}]}<\/script>\n<!-- \/ Yoast SEO plugin. -->","yoast_head_json":{"title":"Ethylenoxid - Ionisos","description":"IONISOS stellt Ihnen seine Sterilisationsdienste mit Ethylenoxid zur Behandlung Ihrer Medizinprodukte und pharmazeutischen Produkte vor.","robots":{"index":"index","follow":"follow","max-snippet":"max-snippet:-1","max-image-preview":"max-image-preview:large","max-video-preview":"max-video-preview:-1"},"canonical":"https:\/\/www.ionisos.com\/de\/unsere-aktivitaeten\/ethylenoxid\/","og_locale":"de_DE","og_type":"article","og_title":"Ethylenoxid - Ionisos","og_description":"IONISOS stellt Ihnen seine Sterilisationsdienste mit Ethylenoxid zur Behandlung Ihrer Medizinprodukte und pharmazeutischen Produkte vor.","og_url":"https:\/\/www.ionisos.com\/de\/unsere-aktivitaeten\/ethylenoxid\/","og_site_name":"Ionisos","article_modified_time":"2025-10-17T09:18:23+00:00","twitter_card":"summary_large_image","twitter_misc":{"Gesch\u00e4tzte Lesezeit":"2\u00a0Minuten"},"schema":{"@context":"https:\/\/schema.org","@graph":[{"@type":"WebPage","@id":"https:\/\/www.ionisos.com\/de\/unsere-aktivitaeten\/ethylenoxid\/","url":"https:\/\/www.ionisos.com\/de\/unsere-aktivitaeten\/ethylenoxid\/","name":"Ethylenoxid - Ionisos","isPartOf":{"@id":"https:\/\/www.ionisos.com\/#website"},"datePublished":"2017-11-13T22:50:10+00:00","dateModified":"2025-10-17T09:18:23+00:00","description":"IONISOS stellt Ihnen seine Sterilisationsdienste mit Ethylenoxid zur Behandlung Ihrer Medizinprodukte und pharmazeutischen Produkte vor.","breadcrumb":{"@id":"https:\/\/www.ionisos.com\/de\/unsere-aktivitaeten\/ethylenoxid\/#breadcrumb"},"inLanguage":"de","potentialAction":[{"@type":"ReadAction","target":["https:\/\/www.ionisos.com\/de\/unsere-aktivitaeten\/ethylenoxid\/"]}]},{"@type":"BreadcrumbList","@id":"https:\/\/www.ionisos.com\/de\/unsere-aktivitaeten\/ethylenoxid\/#breadcrumb","itemListElement":[{"@type":"ListItem","position":1,"name":"Accueil","item":"https:\/\/www.ionisos.com\/de\/"},{"@type":"ListItem","position":2,"name":"Unsere Aktivit\u00e4ten","item":"https:\/\/www.ionisos.com\/de\/unsere-aktivitaeten\/"},{"@type":"ListItem","position":3,"name":"Ethylenoxid"}]},{"@type":"WebSite","@id":"https:\/\/www.ionisos.com\/#website","url":"https:\/\/www.ionisos.com\/","name":"Ionisos","description":"Ionisation par \u00e9lectrons acc\u00e9l\u00e9r\u00e9s, rayons gamma, rayons X et oxyde d&#039;\u00e9thyl\u00e8ne","potentialAction":[{"@type":"SearchAction","target":{"@type":"EntryPoint","urlTemplate":"https:\/\/www.ionisos.com\/?s={search_term_string}"},"query-input":{"@type":"PropertyValueSpecification","valueRequired":true,"valueName":"search_term_string"}}],"inLanguage":"de"}]}},"_links":{"self":[{"href":"https:\/\/www.ionisos.com\/de\/wp-json\/wp\/v2\/pages\/16126","targetHints":{"allow":["GET"]}}],"collection":[{"href":"https:\/\/www.ionisos.com\/de\/wp-json\/wp\/v2\/pages"}],"about":[{"href":"https:\/\/www.ionisos.com\/de\/wp-json\/wp\/v2\/types\/page"}],"author":[{"embeddable":true,"href":"https:\/\/www.ionisos.com\/de\/wp-json\/wp\/v2\/users\/1"}],"replies":[{"embeddable":true,"href":"https:\/\/www.ionisos.com\/de\/wp-json\/wp\/v2\/comments?post=16126"}],"version-history":[{"count":23,"href":"https:\/\/www.ionisos.com\/de\/wp-json\/wp\/v2\/pages\/16126\/revisions"}],"predecessor-version":[{"id":27479,"href":"https:\/\/www.ionisos.com\/de\/wp-json\/wp\/v2\/pages\/16126\/revisions\/27479"}],"up":[{"embeddable":true,"href":"https:\/\/www.ionisos.com\/de\/wp-json\/wp\/v2\/pages\/16116"}],"wp:attachment":[{"href":"https:\/\/www.ionisos.com\/de\/wp-json\/wp\/v2\/media?parent=16126"}],"curies":[{"name":"wp","href":"https:\/\/api.w.org\/{rel}","templated":true}]}}