 {"id":16122,"date":"2017-05-22T16:00:24","date_gmt":"2017-05-22T14:00:24","guid":{"rendered":"https:\/\/www.ionisos.com\/?page_id=16122\/"},"modified":"2025-10-29T10:28:45","modified_gmt":"2025-10-29T09:28:45","slug":"gamma-bestrahlung","status":"publish","type":"page","link":"https:\/\/www.ionisos.com\/de\/unsere-aktivitaeten\/gamma-bestrahlung\/","title":{"rendered":"Gamma Bestrahlung"},"content":{"rendered":"<p>[vc_row bg_image=&#8221;15639&#8243; bg_repeat=&#8221;no-repeat&#8221; text_color=&#8221;light&#8221; text_align=&#8221;center&#8221; top_padding=&#8221;100&#8243; bottom_padding=&#8221;100&#8243;][vc_column width=&#8221;1\/1&#8243;]<h1 class=\"headline font-special fontsize-xxxl fontweight-inherit lh-inherit align-center transform-uppercase \" style=\"margin: 0;\">Gamma <strong>Bestrahlung<\/strong><\/h1>[\/vc_column][\/vc_row][vc_row][vc_column width=&#8221;1\/1&#8243;]<div class=\"spacer\" style=\"height: 40px;\"><\/div>[vc_column_text]<\/p>\n<p style=\"text-align: center;\"><span style=\"font-family: Abel; font-size: 25px;\">Beim eingesetzten Bestrahlungsverfahren werden die zu bestrahlenden Produkte w\u00e4hrend einer begrenzten Dauer Gamma-Strahlen ausgesetzt, die von einer Kobalt-60-Quelle emittiert werden.<\/span><\/p>\n<p>[\/vc_column_text]<div class=\"spacer\" style=\"height: 40px;\"><\/div>[\/vc_column][\/vc_row][vc_row][vc_column width=&#8221;1\/2&#8243;]<div class=\"flexslider wpb_content_element\"><ul class=\"slides\"><li><img decoding=\"async\" src=\"https:\/\/www.ionisos.com\/wp-content\/uploads\/2017\/03\/DSC_0048.jpg\" alt=\"\" \/><\/li><li><img decoding=\"async\" src=\"https:\/\/www.ionisos.com\/wp-content\/uploads\/2017\/03\/DSC_1080.jpg\" alt=\"\" \/><\/li><li><img decoding=\"async\" src=\"https:\/\/www.ionisos.com\/wp-content\/uploads\/2017\/03\/Stockage-balancelle-Dagneux.jpg\" alt=\"\" \/><\/li><\/ul><\/div>[\/vc_column][vc_column width=&#8221;1\/2&#8243;][vc_column_text]Die Gamma-Anlage arbeitet in zwei Energiebereichen: <strong>1,17 und 1,33 MeV.<\/strong><\/p>\n<p><strong>Hinweis<\/strong>: Erst bei Energiebereichen \u00fcber 10 MeV wird Radioaktivit\u00e4t im bestrahlten Produkt erzeugt. Der Energiebereich, in dem die Gammaphotonen beim eingesetzten Bestrahlungsverfahren emittiert werden, ist also zu schwach, um Radioaktivit\u00e4t zu induzieren.<\/p>\n<p>In der Bestrahlungseinheit bleibt die Strahlenquelle w\u00e4hrend des ganzen Bestrahlungsvorgangs in der Bestrahlungsposition, n\u00e4mlich in der Luft.<\/p>\n<p>Die Produkte werden auf einer automatischen F\u00f6rdereinrichtung in die Bestrahlungseinheit bef\u00f6rdert, wo sie nach einem festen Schema und mit angemessener Geschwindigkeit ein Strahlungsfeld passieren, bevor sie aus der Bestrahlungsquelle transportiert werden.[\/vc_column_text]<div class=\"minti_list wpb_content_element color-accent plus\" style=\"padding-left: 10px;\">Die Strahlendosis, die durch einen Teil des Schaukelf\u00f6rderers unabh\u00e4ngig von seiner Position im Ionisator absorbiert wird, h\u00e4ngt haupts\u00e4chlich von folgenden Faktoren ab :<\/p>\n<ul>\n<li>der Aktivit\u00e4t und der Geometrie der Strahlenquelle,<\/li>\n<li>der Entfernung zwischen der Quelle und dem Schaukelf\u00f6rderer,<\/li>\n<li>der Dauer der Bestrahlung,<\/li>\n<li>der Zusammensetzung sowie Dichte der Produkte.<\/li>\n<\/ul>\n<\/div>[vc_tta_accordion style=&#8221;flat&#8221; active_section=&#8221;0&#8243; collapsible_all=&#8221;true&#8221;][vc_tta_section title=&#8221;Technik: auf Paletten oder in Packst\u00fccken&#8221; tab_id=&#8221;1490622542764-db62caec-e48a&#8221;][vc_column_text]<\/p>\n<p style=\"text-align: justify;\"><strong>Bestrahlung auf Paletten<\/strong><\/p>\n<p style=\"text-align: justify;\"><a href=\"https:\/\/www.ionisos.com\/de\/firmenlinks\/sable-sur-sarthe\/\">Sabl\u00e9 sur Sarthe<\/a> and <a href=\"https:\/\/www.ionisos.com\/de\/firmenlinks\/pouzauges\/\">Pouzauges<\/a><\/p>\n<p>[\/vc_column_text]<div class=\"single_image wpb_content_element align-left    \" data-animation=\"none\" data-delay=\"0\"><img loading=\"lazy\" decoding=\"async\" width=\"450\" height=\"288\" src=\"https:\/\/www.ionisos.com\/wp-content\/uploads\/2017\/03\/eclatgamma.jpg\" class=\"attachment-full\" alt=\"\" srcset=\"https:\/\/www.ionisos.com\/wp-content\/uploads\/2017\/03\/eclatgamma.jpg 450w, https:\/\/www.ionisos.com\/wp-content\/uploads\/2017\/03\/eclatgamma-300x192.jpg 300w, https:\/\/www.ionisos.com\/wp-content\/uploads\/2017\/03\/eclatgamma-200x128.jpg 200w\" sizes=\"auto, (max-width: 450px) 100vw, 450px\" \/><\/div>[vc_column_text]<\/p>\n<ol>\n<li>Produkteingang<\/li>\n<li>Eingangskontrolle<\/li>\n<li>Automatisierte Palettenbeladung und -entladung<\/li>\n<li>Labyrinth<\/li>\n<li>Bestrahlungseinhheit<\/li>\n<li>Automatische Zwischenlagerung<\/li>\n<li>Lagerung der bestrahlten Produkte<\/li>\n<li>Kontrolle vor Versand<\/li>\n<li>Versand der Produkte<\/li>\n<\/ol>\n<p>[\/vc_column_text][vc_column_text]<strong>Bestrahlung auf Schaukelf\u00f6rderer<\/strong><\/p>\n<p><a href=\"https:\/\/www.ionisos.com\/de\/firmenlinks\/dagneux\/\">Dagneux<\/a>.[\/vc_column_text]<div class=\"single_image wpb_content_element align-left    \" data-animation=\"none\" data-delay=\"0\"><img loading=\"lazy\" decoding=\"async\" width=\"450\" height=\"218\" src=\"https:\/\/www.ionisos.com\/wp-content\/uploads\/2017\/05\/dagneux_eclat.jpg\" class=\"attachment-full\" alt=\"\" srcset=\"https:\/\/www.ionisos.com\/wp-content\/uploads\/2017\/05\/dagneux_eclat.jpg 450w, https:\/\/www.ionisos.com\/wp-content\/uploads\/2017\/05\/dagneux_eclat-300x145.jpg 300w, https:\/\/www.ionisos.com\/wp-content\/uploads\/2017\/05\/dagneux_eclat-200x97.jpg 200w\" sizes=\"auto, (max-width: 450px) 100vw, 450px\" \/><\/div>[vc_column_text]Nahezu 50 Jahre Grundlagen- und Zweckforschung haben den Beweis f\u00fcr die Wirksamkeit und die Unsch\u00e4dlichkeit der ionisierenden Bestrahlung erbracht, die von der Weltgesundheitsorganisation und der Food and Agriculture Oranization garantiert und empfohlen wird.<\/p>\n<p><strong>EIN PRAKTISCHES UND SICHERES VERFAHREN<\/strong><\/p>\n<p>Die Bestrahlung erfolgt nach folgenden Regeln:<\/p>\n<ul>\n<li>Das Produkt bleibt verpackt (keine sp\u00e4tere Neuverseuchung)<\/li>\n<li>Bestrahlung ohne Temperaturerh\u00f6hung (w\u00e4rmeempfindliche, gek\u00fchlte oder gefrorene Produkte)<\/li>\n<li>Bestrahlung ohne Quarant\u00e4ne: die Produkte sind sofort nach der Behandlung verf\u00fcgbar und senken somit die Lagerkosten<\/li>\n<\/ul>\n<p>[\/vc_column_text][\/vc_tta_section][\/vc_tta_accordion][\/vc_column][\/vc_row][vc_row][vc_column width=&#8221;1\/1&#8243;]<div class=\"spacer\" style=\"height: 40px;\"><\/div>[\/vc_column][\/vc_row][vc_row bg_color=&#8221;#0b2677&#8243; text_color=&#8221;light&#8221; text_align=&#8221;center&#8221; top_padding=&#8221;40&#8243; bottom_padding=&#8221;40&#8243;][vc_column width=&#8221;3\/4&#8243;]<div class=\"spacer\" style=\"height: 5px;\"><\/div>[vc_column_text]<\/p>\n<h3 style=\"text-align: left;\">Ionisos bietet auch Strahlenbehandlung Beta und Ethylenoxid.<\/h3>\n<p>[\/vc_column_text][\/vc_column][vc_column width=&#8221;1\/4&#8243;][vc_column_text]<a href=\"\/de\/unsere-aktivitaeten\/beta-bestrahlung\/\" target=\"_self\" class=\"button color-8 medium \" style=\"border-radius: 2px;\">Ebeam-Bestrahlung<\/a>\u00a0 \u00a0 <a href=\"\/de\/unsere-aktivitaeten\/ethylenoxid\/\" target=\"_self\" class=\"button color-8 medium \" style=\"border-radius: 2px;\">Ethylenoxid<\/a>[\/vc_column_text][\/vc_column][\/vc_row]<\/p>\n","protected":false},"excerpt":{"rendered":"<p>[vc_row bg_image=&#8221;15639&#8243; bg_repeat=&#8221;no-repeat&#8221; text_color=&#8221;light&#8221; text_align=&#8221;center&#8221; top_padding=&#8221;100&#8243; bottom_padding=&#8221;100&#8243;][vc_column width=&#8221;1\/1&#8243;][\/vc_column][\/vc_row][vc_row][vc_column width=&#8221;1\/1&#8243;][vc_column_text] Beim eingesetzten Bestrahlungsverfahren werden die zu bestrahlenden Produkte w\u00e4hrend einer begrenzten Dauer Gamma-Strahlen ausgesetzt, die von einer Kobalt-60-Quelle emittiert werden. [\/vc_column_text][\/vc_column][\/vc_row][vc_row][vc_column width=&#8221;1\/2&#8243;][\/vc_column][vc_column width=&#8221;1\/2&#8243;][vc_column_text]Die Gamma-Anlage arbeitet in zwei Energiebereichen: 1,17 und 1,33 MeV. Hinweis: Erst bei Energiebereichen \u00fcber 10 MeV wird Radioaktivit\u00e4t im bestrahlten Produkt erzeugt. Der Energiebereich, in dem die Gammaphotonen beim eingesetzten Bestrahlungsverfahren emittiert werden, ist also zu schwach, um Radioaktivit\u00e4t zu induzieren. In der Bestrahlungseinheit bleibt die Strahlenquelle w\u00e4hrend des ganzen Bestrahlungsvorgangs in der Bestrahlungsposition, n\u00e4mlich in der Luft. Die Produkte werden auf einer automatischen F\u00f6rdereinrichtung in die Bestrahlungseinheit bef\u00f6rdert, wo sie nach einem festen Schema und mit angemessener Geschwindigkeit ein Strahlungsfeld passieren, bevor sie aus der Bestrahlungsquelle transportiert werden.[\/vc_column_text][vc_tta_accordion style=&#8221;flat&#8221; active_section=&#8221;0&#8243; collapsible_all=&#8221;true&#8221;][vc_tta_section title=&#8221;Technik: auf Paletten oder in Packst\u00fccken&#8221; tab_id=&#8221;1490622542764-db62caec-e48a&#8221;][vc_column_text] Bestrahlung auf Paletten Sabl\u00e9 sur Sarthe and Pouzauges [\/vc_column_text][vc_column_text] Produkteingang Eingangskontrolle Automatisierte Palettenbeladung und -entladung Labyrinth Bestrahlungseinhheit Automatische Zwischenlagerung Lagerung der bestrahlten Produkte Kontrolle vor Versand Versand der Produkte [\/vc_column_text][vc_column_text]Bestrahlung auf Schaukelf\u00f6rderer Dagneux.[\/vc_column_text][vc_column_text]Nahezu 50 Jahre Grundlagen- und Zweckforschung haben den Beweis f\u00fcr die Wirksamkeit und die Unsch\u00e4dlichkeit der ionisierenden Bestrahlung erbracht, die von der Weltgesundheitsorganisation und der Food and Agriculture Oranization garantiert und empfohlen wird. EIN PRAKTISCHES UND SICHERES [&hellip;]<\/p>\n","protected":false},"author":1,"featured_media":0,"parent":16116,"menu_order":0,"comment_status":"closed","ping_status":"closed","template":"","meta":{"inline_featured_image":false,"footnotes":""},"class_list":["post-16122","page","type-page","status-publish","hentry"],"yoast_head":"<!-- This site is optimized with the Yoast SEO plugin v26.3 - https:\/\/yoast.com\/wordpress\/plugins\/seo\/ -->\n<title>Gamma Bestrahlung - Ionisos<\/title>\n<meta name=\"robots\" content=\"index, follow, max-snippet:-1, max-image-preview:large, max-video-preview:-1\" \/>\n<link rel=\"canonical\" href=\"https:\/\/www.ionisos.com\/de\/unsere-aktivitaeten\/gamma-bestrahlung\/\" \/>\n<meta property=\"og:locale\" content=\"de_DE\" \/>\n<meta property=\"og:type\" content=\"article\" \/>\n<meta property=\"og:title\" content=\"Gamma Bestrahlung - Ionisos\" \/>\n<meta property=\"og:description\" content=\"[vc_row bg_image=&#8221;15639&#8243; bg_repeat=&#8221;no-repeat&#8221; text_color=&#8221;light&#8221; text_align=&#8221;center&#8221; top_padding=&#8221;100&#8243; bottom_padding=&#8221;100&#8243;][vc_column width=&#8221;1\/1&#8243;][\/vc_column][\/vc_row][vc_row][vc_column width=&#8221;1\/1&#8243;][vc_column_text] Beim eingesetzten Bestrahlungsverfahren werden die zu bestrahlenden Produkte w\u00e4hrend einer begrenzten Dauer Gamma-Strahlen ausgesetzt, die von einer Kobalt-60-Quelle emittiert werden. [\/vc_column_text][\/vc_column][\/vc_row][vc_row][vc_column width=&#8221;1\/2&#8243;][\/vc_column][vc_column width=&#8221;1\/2&#8243;][vc_column_text]Die Gamma-Anlage arbeitet in zwei Energiebereichen: 1,17 und 1,33 MeV. Hinweis: Erst bei Energiebereichen \u00fcber 10 MeV wird Radioaktivit\u00e4t im bestrahlten Produkt erzeugt. Der Energiebereich, in dem die Gammaphotonen beim eingesetzten Bestrahlungsverfahren emittiert werden, ist also zu schwach, um Radioaktivit\u00e4t zu induzieren. In der Bestrahlungseinheit bleibt die Strahlenquelle w\u00e4hrend des ganzen Bestrahlungsvorgangs in der Bestrahlungsposition, n\u00e4mlich in der Luft. Die Produkte werden auf einer automatischen F\u00f6rdereinrichtung in die Bestrahlungseinheit bef\u00f6rdert, wo sie nach einem festen Schema und mit angemessener Geschwindigkeit ein Strahlungsfeld passieren, bevor sie aus der Bestrahlungsquelle transportiert werden.[\/vc_column_text][vc_tta_accordion style=&#8221;flat&#8221; active_section=&#8221;0&#8243; collapsible_all=&#8221;true&#8221;][vc_tta_section title=&#8221;Technik: auf Paletten oder in Packst\u00fccken&#8221; tab_id=&#8221;1490622542764-db62caec-e48a&#8221;][vc_column_text] Bestrahlung auf Paletten Sabl\u00e9 sur Sarthe and Pouzauges [\/vc_column_text][vc_column_text] Produkteingang Eingangskontrolle Automatisierte Palettenbeladung und -entladung Labyrinth Bestrahlungseinhheit Automatische Zwischenlagerung Lagerung der bestrahlten Produkte Kontrolle vor Versand Versand der Produkte [\/vc_column_text][vc_column_text]Bestrahlung auf Schaukelf\u00f6rderer Dagneux.[\/vc_column_text][vc_column_text]Nahezu 50 Jahre Grundlagen- und Zweckforschung haben den Beweis f\u00fcr die Wirksamkeit und die Unsch\u00e4dlichkeit der ionisierenden Bestrahlung erbracht, die von der Weltgesundheitsorganisation und der Food and Agriculture Oranization garantiert und empfohlen wird. EIN PRAKTISCHES UND SICHERES [&hellip;]\" \/>\n<meta property=\"og:url\" content=\"https:\/\/www.ionisos.com\/de\/unsere-aktivitaeten\/gamma-bestrahlung\/\" \/>\n<meta property=\"og:site_name\" content=\"Ionisos\" \/>\n<meta property=\"article:modified_time\" content=\"2025-10-29T09:28:45+00:00\" \/>\n<meta name=\"twitter:card\" content=\"summary_large_image\" \/>\n<meta name=\"twitter:label1\" content=\"Gesch\u00e4tzte Lesezeit\" \/>\n\t<meta name=\"twitter:data1\" content=\"2\u00a0Minuten\" \/>\n<script type=\"application\/ld+json\" class=\"yoast-schema-graph\">{\"@context\":\"https:\/\/schema.org\",\"@graph\":[{\"@type\":\"WebPage\",\"@id\":\"https:\/\/www.ionisos.com\/de\/unsere-aktivitaeten\/gamma-bestrahlung\/\",\"url\":\"https:\/\/www.ionisos.com\/de\/unsere-aktivitaeten\/gamma-bestrahlung\/\",\"name\":\"Gamma Bestrahlung - Ionisos\",\"isPartOf\":{\"@id\":\"https:\/\/www.ionisos.com\/#website\"},\"datePublished\":\"2017-05-22T14:00:24+00:00\",\"dateModified\":\"2025-10-29T09:28:45+00:00\",\"breadcrumb\":{\"@id\":\"https:\/\/www.ionisos.com\/de\/unsere-aktivitaeten\/gamma-bestrahlung\/#breadcrumb\"},\"inLanguage\":\"de\",\"potentialAction\":[{\"@type\":\"ReadAction\",\"target\":[\"https:\/\/www.ionisos.com\/de\/unsere-aktivitaeten\/gamma-bestrahlung\/\"]}]},{\"@type\":\"BreadcrumbList\",\"@id\":\"https:\/\/www.ionisos.com\/de\/unsere-aktivitaeten\/gamma-bestrahlung\/#breadcrumb\",\"itemListElement\":[{\"@type\":\"ListItem\",\"position\":1,\"name\":\"Accueil\",\"item\":\"https:\/\/www.ionisos.com\/de\/\"},{\"@type\":\"ListItem\",\"position\":2,\"name\":\"Unsere Aktivit\u00e4ten\",\"item\":\"https:\/\/www.ionisos.com\/de\/unsere-aktivitaeten\/\"},{\"@type\":\"ListItem\",\"position\":3,\"name\":\"Gamma Bestrahlung\"}]},{\"@type\":\"WebSite\",\"@id\":\"https:\/\/www.ionisos.com\/#website\",\"url\":\"https:\/\/www.ionisos.com\/\",\"name\":\"Ionisos\",\"description\":\"Ionisation par \u00e9lectrons acc\u00e9l\u00e9r\u00e9s, rayons gamma, rayons X et oxyde d&#039;\u00e9thyl\u00e8ne\",\"potentialAction\":[{\"@type\":\"SearchAction\",\"target\":{\"@type\":\"EntryPoint\",\"urlTemplate\":\"https:\/\/www.ionisos.com\/?s={search_term_string}\"},\"query-input\":{\"@type\":\"PropertyValueSpecification\",\"valueRequired\":true,\"valueName\":\"search_term_string\"}}],\"inLanguage\":\"de\"}]}<\/script>\n<!-- \/ Yoast SEO plugin. -->","yoast_head_json":{"title":"Gamma Bestrahlung - Ionisos","robots":{"index":"index","follow":"follow","max-snippet":"max-snippet:-1","max-image-preview":"max-image-preview:large","max-video-preview":"max-video-preview:-1"},"canonical":"https:\/\/www.ionisos.com\/de\/unsere-aktivitaeten\/gamma-bestrahlung\/","og_locale":"de_DE","og_type":"article","og_title":"Gamma Bestrahlung - Ionisos","og_description":"[vc_row bg_image=&#8221;15639&#8243; bg_repeat=&#8221;no-repeat&#8221; text_color=&#8221;light&#8221; text_align=&#8221;center&#8221; top_padding=&#8221;100&#8243; bottom_padding=&#8221;100&#8243;][vc_column width=&#8221;1\/1&#8243;][\/vc_column][\/vc_row][vc_row][vc_column width=&#8221;1\/1&#8243;][vc_column_text] Beim eingesetzten Bestrahlungsverfahren werden die zu bestrahlenden Produkte w\u00e4hrend einer begrenzten Dauer Gamma-Strahlen ausgesetzt, die von einer Kobalt-60-Quelle emittiert werden. [\/vc_column_text][\/vc_column][\/vc_row][vc_row][vc_column width=&#8221;1\/2&#8243;][\/vc_column][vc_column width=&#8221;1\/2&#8243;][vc_column_text]Die Gamma-Anlage arbeitet in zwei Energiebereichen: 1,17 und 1,33 MeV. Hinweis: Erst bei Energiebereichen \u00fcber 10 MeV wird Radioaktivit\u00e4t im bestrahlten Produkt erzeugt. Der Energiebereich, in dem die Gammaphotonen beim eingesetzten Bestrahlungsverfahren emittiert werden, ist also zu schwach, um Radioaktivit\u00e4t zu induzieren. In der Bestrahlungseinheit bleibt die Strahlenquelle w\u00e4hrend des ganzen Bestrahlungsvorgangs in der Bestrahlungsposition, n\u00e4mlich in der Luft. Die Produkte werden auf einer automatischen F\u00f6rdereinrichtung in die Bestrahlungseinheit bef\u00f6rdert, wo sie nach einem festen Schema und mit angemessener Geschwindigkeit ein Strahlungsfeld passieren, bevor sie aus der Bestrahlungsquelle transportiert werden.[\/vc_column_text][vc_tta_accordion style=&#8221;flat&#8221; active_section=&#8221;0&#8243; collapsible_all=&#8221;true&#8221;][vc_tta_section title=&#8221;Technik: auf Paletten oder in Packst\u00fccken&#8221; tab_id=&#8221;1490622542764-db62caec-e48a&#8221;][vc_column_text] Bestrahlung auf Paletten Sabl\u00e9 sur Sarthe and Pouzauges [\/vc_column_text][vc_column_text] Produkteingang Eingangskontrolle Automatisierte Palettenbeladung und -entladung Labyrinth Bestrahlungseinhheit Automatische Zwischenlagerung Lagerung der bestrahlten Produkte Kontrolle vor Versand Versand der Produkte [\/vc_column_text][vc_column_text]Bestrahlung auf Schaukelf\u00f6rderer Dagneux.[\/vc_column_text][vc_column_text]Nahezu 50 Jahre Grundlagen- und Zweckforschung haben den Beweis f\u00fcr die Wirksamkeit und die Unsch\u00e4dlichkeit der ionisierenden Bestrahlung erbracht, die von der Weltgesundheitsorganisation und der Food and Agriculture Oranization garantiert und empfohlen wird. EIN PRAKTISCHES UND SICHERES [&hellip;]","og_url":"https:\/\/www.ionisos.com\/de\/unsere-aktivitaeten\/gamma-bestrahlung\/","og_site_name":"Ionisos","article_modified_time":"2025-10-29T09:28:45+00:00","twitter_card":"summary_large_image","twitter_misc":{"Gesch\u00e4tzte Lesezeit":"2\u00a0Minuten"},"schema":{"@context":"https:\/\/schema.org","@graph":[{"@type":"WebPage","@id":"https:\/\/www.ionisos.com\/de\/unsere-aktivitaeten\/gamma-bestrahlung\/","url":"https:\/\/www.ionisos.com\/de\/unsere-aktivitaeten\/gamma-bestrahlung\/","name":"Gamma Bestrahlung - Ionisos","isPartOf":{"@id":"https:\/\/www.ionisos.com\/#website"},"datePublished":"2017-05-22T14:00:24+00:00","dateModified":"2025-10-29T09:28:45+00:00","breadcrumb":{"@id":"https:\/\/www.ionisos.com\/de\/unsere-aktivitaeten\/gamma-bestrahlung\/#breadcrumb"},"inLanguage":"de","potentialAction":[{"@type":"ReadAction","target":["https:\/\/www.ionisos.com\/de\/unsere-aktivitaeten\/gamma-bestrahlung\/"]}]},{"@type":"BreadcrumbList","@id":"https:\/\/www.ionisos.com\/de\/unsere-aktivitaeten\/gamma-bestrahlung\/#breadcrumb","itemListElement":[{"@type":"ListItem","position":1,"name":"Accueil","item":"https:\/\/www.ionisos.com\/de\/"},{"@type":"ListItem","position":2,"name":"Unsere Aktivit\u00e4ten","item":"https:\/\/www.ionisos.com\/de\/unsere-aktivitaeten\/"},{"@type":"ListItem","position":3,"name":"Gamma Bestrahlung"}]},{"@type":"WebSite","@id":"https:\/\/www.ionisos.com\/#website","url":"https:\/\/www.ionisos.com\/","name":"Ionisos","description":"Ionisation par \u00e9lectrons acc\u00e9l\u00e9r\u00e9s, rayons gamma, rayons X et oxyde d&#039;\u00e9thyl\u00e8ne","potentialAction":[{"@type":"SearchAction","target":{"@type":"EntryPoint","urlTemplate":"https:\/\/www.ionisos.com\/?s={search_term_string}"},"query-input":{"@type":"PropertyValueSpecification","valueRequired":true,"valueName":"search_term_string"}}],"inLanguage":"de"}]}},"_links":{"self":[{"href":"https:\/\/www.ionisos.com\/de\/wp-json\/wp\/v2\/pages\/16122","targetHints":{"allow":["GET"]}}],"collection":[{"href":"https:\/\/www.ionisos.com\/de\/wp-json\/wp\/v2\/pages"}],"about":[{"href":"https:\/\/www.ionisos.com\/de\/wp-json\/wp\/v2\/types\/page"}],"author":[{"embeddable":true,"href":"https:\/\/www.ionisos.com\/de\/wp-json\/wp\/v2\/users\/1"}],"replies":[{"embeddable":true,"href":"https:\/\/www.ionisos.com\/de\/wp-json\/wp\/v2\/comments?post=16122"}],"version-history":[{"count":6,"href":"https:\/\/www.ionisos.com\/de\/wp-json\/wp\/v2\/pages\/16122\/revisions"}],"predecessor-version":[{"id":27559,"href":"https:\/\/www.ionisos.com\/de\/wp-json\/wp\/v2\/pages\/16122\/revisions\/27559"}],"up":[{"embeddable":true,"href":"https:\/\/www.ionisos.com\/de\/wp-json\/wp\/v2\/pages\/16116"}],"wp:attachment":[{"href":"https:\/\/www.ionisos.com\/de\/wp-json\/wp\/v2\/media?parent=16122"}],"curies":[{"name":"wp","href":"https:\/\/api.w.org\/{rel}","templated":true}]}}