 {"id":16119,"date":"2017-05-22T15:51:12","date_gmt":"2017-05-22T13:51:12","guid":{"rendered":"https:\/\/www.ionisos.com\/?page_id=16119\/"},"modified":"2025-02-27T11:05:44","modified_gmt":"2025-02-27T10:05:44","slug":"beta-bestrahlung","status":"publish","type":"page","link":"https:\/\/www.ionisos.com\/de\/unsere-aktivitaeten\/beta-bestrahlung\/","title":{"rendered":"Beta Bestrahlung"},"content":{"rendered":"<p>[vc_row bg_image=&#8221;15629&#8243; bg_repeat=&#8221;no-repeat&#8221; text_color=&#8221;light&#8221; text_align=&#8221;center&#8221; top_padding=&#8221;100&#8243; bottom_padding=&#8221;100&#8243;][vc_column width=&#8221;1\/1&#8243;]<h1 class=\"headline font-special fontsize-xxxl fontweight-inherit lh-inherit align-center transform-uppercase \" style=\"margin: 0;\"><strong>Ebeam<\/strong>-Bestrahlung<\/h1>[\/vc_column][\/vc_row][vc_row][vc_column width=&#8221;1\/1&#8243;]<div class=\"spacer\" style=\"height: 40px;\"><\/div>[vc_column_text]<\/p>\n<p style=\"text-align: center;\"><span style=\"font-family: Abel; font-size: 25px;\">Das in der Anlage angewandte Ionisierungsverfahren besteht darin, dass das Material kontinuierlich mit geregelter Geschwindigkeit durchlaufen wird, die zu behandelnden Produkte der von einem Elektronenbeschleuniger ausgesandten Ebeam-Strahlung auszusetzen. <\/span><\/p>\n<p>[\/vc_column_text]<div class=\"spacer\" style=\"height: 40px;\"><\/div>[\/vc_column][\/vc_row][vc_row][vc_column width=&#8221;1\/2&#8243;]<div class=\"flexslider wpb_content_element\"><ul class=\"slides\"><li><img decoding=\"async\" src=\"https:\/\/www.ionisos.com\/wp-content\/uploads\/2017\/03\/123-2326_IMG-1.jpg\" alt=\"\" \/><\/li><li><img decoding=\"async\" src=\"https:\/\/www.ionisos.com\/wp-content\/uploads\/2017\/03\/123-2325_IMG.jpg\" alt=\"\" \/><\/li><li><img decoding=\"async\" src=\"https:\/\/www.ionisos.com\/wp-content\/uploads\/2017\/03\/IMG_0004.jpg\" alt=\"\" \/><\/li><li><img decoding=\"async\" src=\"https:\/\/www.ionisos.com\/wp-content\/uploads\/2017\/03\/DSC00033.jpg\" alt=\"\" \/><\/li><li><img decoding=\"async\" src=\"https:\/\/www.ionisos.com\/wp-content\/uploads\/2017\/03\/Stand-2014.jpg\" alt=\"\" \/><\/li><\/ul><\/div>[\/vc_column][vc_column width=&#8221;1\/2&#8243;][vc_column_text]Der Elektronenbeschleuniger arbeitet in einem einzigen Energiebereich:<br \/>\n<strong>9,8 MeV +\/- 0,2.<\/strong><\/p>\n<p>Die Produkte werden auf einer automatischen F\u00f6rdereinrichtung in die Bestrahlungseinheit und danach unter einen Elektronenstrahl bef\u00f6rdert. Die Durchlaufgeschwindigkeit h\u00e4ngt von der notwendigen Strahlendosis und der Produktbeschaffenheit ab.<\/p>\n<p>Die Bestrahlung erfolgt grunds\u00e4tzlich in zwei Durchg\u00e4ngen: ein Durchgang f\u00fcr eine Kartonseite, ein Durchgang f\u00fcr die andere Kartonseite (zweiseitige Bestrahlung).[\/vc_column_text]<div class=\"minti_list wpb_content_element color-accent plus\" style=\"padding-left: 10px;\">Die im Produkt absorbierte Strahlendosis h\u00e4ngt haupts\u00e4chlich von folgenden Faktoren ab:<\/p>\n<ul>\n<li>der Leistung und der Energie des Elektronenstrahls,<\/li>\n<li>der Durchlaufgeschwindigkeit unter dem Strahl,<\/li>\n<li>der Zusammensetzung und der Dichte der Produkte.<\/li>\n<\/ul>\n<\/div>[vc_tta_accordion style=&#8221;flat&#8221; active_section=&#8221;0&#8243; collapsible_all=&#8221;true&#8221;][vc_tta_section title=&#8221;Technik : in Packst\u00fccken&#8221; tab_id=&#8221;1490622542764-db62caec-e48a&#8221;][vc_column_text]<a href=\"https:\/\/www.ionisos.com\/en\/our-sites\/chaumesnil\/\">Chaumesnil<\/a> and <a href=\"https:\/\/www.ionisos.com\/en\/our-sites\/ionisos-iberica\/\">Tarac\u00f3n\u00a0 (Spain)<\/a><\/p>\n<p>Die Elektronenstrahlen werden von elektrischen Generatoren aus Hochenergie-Elektronen (10 MeV) mit hoher Eindringkraft erzeugt.<\/p>\n<p>Die Bestrahlung erfolgt durchgehend und schnell: sie dauert nur wenige Sekunden. Die Einheit f\u00fcr die Strahlendosis ist kiloGray (kGy), und die Dosis ist umgekehrt proportional zur Geschwindigkeit des F\u00f6rderers unter dem Elektronenstrahl.<\/p>\n<p>Die F\u00f6rderergeschwindigkeit ist der einzige Kontrollparameter nach der Validierung der Verpackung.<\/p>\n<p>Die F\u00f6rderergeschwindigkeit ist der einzige Kontrollparameter nach der Validierung der Verpackung.<\/p>\n<p>Eine sichere und wiederholbare Behandlung.<\/p>\n<p>Die Dateien, die Archivierung der Unterlagen sowie die Einfachheit des Verfahrens gew\u00e4hrleisten die Wiederholgenauigkeit und die Sicherheit der Bestrahlungen. Die ionisierende Bestrahlung ist ein physikalisches Verfahren ohne Langzeitwirkungen und ohne Temperaturerh\u00f6hung.[\/vc_column_text][\/vc_tta_section][\/vc_tta_accordion][\/vc_column][\/vc_row][vc_row][vc_column width=&#8221;1\/1&#8243;]<div class=\"spacer\" style=\"height: 40px;\"><\/div>[\/vc_column][\/vc_row][vc_row bg_color=&#8221;#0b2677&#8243; text_color=&#8221;light&#8221; text_align=&#8221;center&#8221; top_padding=&#8221;40&#8243; bottom_padding=&#8221;40&#8243;][vc_column width=&#8221;3\/4&#8243;]<div class=\"spacer\" style=\"height: 5px;\"><\/div>[vc_column_text]<\/p>\n<h3 style=\"text-align: left;\">Ionisos bietet auch die\u00a0Gamma Bestrahlung und Ethylenoxid<\/h3>\n<p>[\/vc_column_text][\/vc_column][vc_column width=&#8221;1\/4&#8243;][vc_column_text]<a href=\"\/de\/unsere-aktivitaeten\/gamma-bestrahlung\/\" target=\"_self\" class=\"button color-8 medium \" style=\"border-radius: 2px;\">Gamma bestrahlung<\/a><a href=\"\/de\/unsere-aktivitaeten\/ethylenoxid\/\" target=\"_self\" class=\"button color-8 medium \" style=\"border-radius: 2px;\">Ethylenoxid<\/a>[\/vc_column_text][\/vc_column][\/vc_row]<\/p>\n","protected":false},"excerpt":{"rendered":"<p>[vc_row bg_image=&#8221;15629&#8243; bg_repeat=&#8221;no-repeat&#8221; text_color=&#8221;light&#8221; text_align=&#8221;center&#8221; top_padding=&#8221;100&#8243; bottom_padding=&#8221;100&#8243;][vc_column width=&#8221;1\/1&#8243;][\/vc_column][\/vc_row][vc_row][vc_column width=&#8221;1\/1&#8243;][vc_column_text] Das in der Anlage angewandte Ionisierungsverfahren besteht darin, dass das Material kontinuierlich mit geregelter Geschwindigkeit durchlaufen wird, die zu behandelnden Produkte der von einem Elektronenbeschleuniger ausgesandten Ebeam-Strahlung auszusetzen. [\/vc_column_text][\/vc_column][\/vc_row][vc_row][vc_column width=&#8221;1\/2&#8243;][\/vc_column][vc_column width=&#8221;1\/2&#8243;][vc_column_text]Der Elektronenbeschleuniger arbeitet in einem einzigen Energiebereich: 9,8 MeV +\/- 0,2. Die Produkte werden auf einer automatischen F\u00f6rdereinrichtung in die Bestrahlungseinheit und danach unter einen Elektronenstrahl bef\u00f6rdert. Die Durchlaufgeschwindigkeit h\u00e4ngt von der notwendigen Strahlendosis und der Produktbeschaffenheit ab. Die Bestrahlung erfolgt grunds\u00e4tzlich in zwei Durchg\u00e4ngen: ein Durchgang f\u00fcr eine Kartonseite, ein Durchgang f\u00fcr die andere Kartonseite (zweiseitige Bestrahlung).[\/vc_column_text][vc_tta_accordion style=&#8221;flat&#8221; active_section=&#8221;0&#8243; collapsible_all=&#8221;true&#8221;][vc_tta_section title=&#8221;Technik : in Packst\u00fccken&#8221; tab_id=&#8221;1490622542764-db62caec-e48a&#8221;][vc_column_text]Chaumesnil and Tarac\u00f3n\u00a0 (Spain) Die Elektronenstrahlen werden von elektrischen Generatoren aus Hochenergie-Elektronen (10 MeV) mit hoher Eindringkraft erzeugt. Die Bestrahlung erfolgt durchgehend und schnell: sie dauert nur wenige Sekunden. Die Einheit f\u00fcr die Strahlendosis ist kiloGray (kGy), und die Dosis ist umgekehrt proportional zur Geschwindigkeit des F\u00f6rderers unter dem Elektronenstrahl. Die F\u00f6rderergeschwindigkeit ist der einzige Kontrollparameter nach der Validierung der Verpackung. Die F\u00f6rderergeschwindigkeit ist der einzige Kontrollparameter nach der Validierung der Verpackung. Eine sichere und wiederholbare Behandlung. Die Dateien, die Archivierung der Unterlagen sowie die Einfachheit des Verfahrens gew\u00e4hrleisten die Wiederholgenauigkeit und die Sicherheit der Bestrahlungen. [&hellip;]<\/p>\n","protected":false},"author":1,"featured_media":0,"parent":16116,"menu_order":0,"comment_status":"closed","ping_status":"closed","template":"","meta":{"inline_featured_image":false,"footnotes":""},"class_list":["post-16119","page","type-page","status-publish","hentry"],"yoast_head":"<!-- This site is optimized with the Yoast SEO plugin v26.3 - https:\/\/yoast.com\/wordpress\/plugins\/seo\/ -->\n<title>Beta Bestrahlung - Ionisos<\/title>\n<meta name=\"robots\" content=\"index, follow, max-snippet:-1, max-image-preview:large, max-video-preview:-1\" \/>\n<link rel=\"canonical\" href=\"https:\/\/www.ionisos.com\/de\/unsere-aktivitaeten\/beta-bestrahlung\/\" \/>\n<meta property=\"og:locale\" content=\"de_DE\" \/>\n<meta property=\"og:type\" content=\"article\" \/>\n<meta property=\"og:title\" content=\"Beta Bestrahlung - Ionisos\" \/>\n<meta property=\"og:description\" content=\"[vc_row bg_image=&#8221;15629&#8243; bg_repeat=&#8221;no-repeat&#8221; text_color=&#8221;light&#8221; text_align=&#8221;center&#8221; top_padding=&#8221;100&#8243; bottom_padding=&#8221;100&#8243;][vc_column width=&#8221;1\/1&#8243;][\/vc_column][\/vc_row][vc_row][vc_column width=&#8221;1\/1&#8243;][vc_column_text] Das in der Anlage angewandte Ionisierungsverfahren besteht darin, dass das Material kontinuierlich mit geregelter Geschwindigkeit durchlaufen wird, die zu behandelnden Produkte der von einem Elektronenbeschleuniger ausgesandten Ebeam-Strahlung auszusetzen. [\/vc_column_text][\/vc_column][\/vc_row][vc_row][vc_column width=&#8221;1\/2&#8243;][\/vc_column][vc_column width=&#8221;1\/2&#8243;][vc_column_text]Der Elektronenbeschleuniger arbeitet in einem einzigen Energiebereich: 9,8 MeV +\/- 0,2. Die Produkte werden auf einer automatischen F\u00f6rdereinrichtung in die Bestrahlungseinheit und danach unter einen Elektronenstrahl bef\u00f6rdert. Die Durchlaufgeschwindigkeit h\u00e4ngt von der notwendigen Strahlendosis und der Produktbeschaffenheit ab. Die Bestrahlung erfolgt grunds\u00e4tzlich in zwei Durchg\u00e4ngen: ein Durchgang f\u00fcr eine Kartonseite, ein Durchgang f\u00fcr die andere Kartonseite (zweiseitige Bestrahlung).[\/vc_column_text][vc_tta_accordion style=&#8221;flat&#8221; active_section=&#8221;0&#8243; collapsible_all=&#8221;true&#8221;][vc_tta_section title=&#8221;Technik : in Packst\u00fccken&#8221; tab_id=&#8221;1490622542764-db62caec-e48a&#8221;][vc_column_text]Chaumesnil and Tarac\u00f3n\u00a0 (Spain) Die Elektronenstrahlen werden von elektrischen Generatoren aus Hochenergie-Elektronen (10 MeV) mit hoher Eindringkraft erzeugt. Die Bestrahlung erfolgt durchgehend und schnell: sie dauert nur wenige Sekunden. Die Einheit f\u00fcr die Strahlendosis ist kiloGray (kGy), und die Dosis ist umgekehrt proportional zur Geschwindigkeit des F\u00f6rderers unter dem Elektronenstrahl. Die F\u00f6rderergeschwindigkeit ist der einzige Kontrollparameter nach der Validierung der Verpackung. Die F\u00f6rderergeschwindigkeit ist der einzige Kontrollparameter nach der Validierung der Verpackung. Eine sichere und wiederholbare Behandlung. Die Dateien, die Archivierung der Unterlagen sowie die Einfachheit des Verfahrens gew\u00e4hrleisten die Wiederholgenauigkeit und die Sicherheit der Bestrahlungen. [&hellip;]\" \/>\n<meta property=\"og:url\" content=\"https:\/\/www.ionisos.com\/de\/unsere-aktivitaeten\/beta-bestrahlung\/\" \/>\n<meta property=\"og:site_name\" content=\"Ionisos\" \/>\n<meta property=\"article:modified_time\" content=\"2025-02-27T10:05:44+00:00\" \/>\n<meta name=\"twitter:card\" content=\"summary_large_image\" \/>\n<meta name=\"twitter:label1\" content=\"Gesch\u00e4tzte Lesezeit\" \/>\n\t<meta name=\"twitter:data1\" content=\"3\u00a0Minuten\" \/>\n<script type=\"application\/ld+json\" class=\"yoast-schema-graph\">{\"@context\":\"https:\/\/schema.org\",\"@graph\":[{\"@type\":\"WebPage\",\"@id\":\"https:\/\/www.ionisos.com\/de\/unsere-aktivitaeten\/beta-bestrahlung\/\",\"url\":\"https:\/\/www.ionisos.com\/de\/unsere-aktivitaeten\/beta-bestrahlung\/\",\"name\":\"Beta Bestrahlung - Ionisos\",\"isPartOf\":{\"@id\":\"https:\/\/www.ionisos.com\/#website\"},\"datePublished\":\"2017-05-22T13:51:12+00:00\",\"dateModified\":\"2025-02-27T10:05:44+00:00\",\"breadcrumb\":{\"@id\":\"https:\/\/www.ionisos.com\/de\/unsere-aktivitaeten\/beta-bestrahlung\/#breadcrumb\"},\"inLanguage\":\"de\",\"potentialAction\":[{\"@type\":\"ReadAction\",\"target\":[\"https:\/\/www.ionisos.com\/de\/unsere-aktivitaeten\/beta-bestrahlung\/\"]}]},{\"@type\":\"BreadcrumbList\",\"@id\":\"https:\/\/www.ionisos.com\/de\/unsere-aktivitaeten\/beta-bestrahlung\/#breadcrumb\",\"itemListElement\":[{\"@type\":\"ListItem\",\"position\":1,\"name\":\"Accueil\",\"item\":\"https:\/\/www.ionisos.com\/de\/\"},{\"@type\":\"ListItem\",\"position\":2,\"name\":\"Unsere Aktivit\u00e4ten\",\"item\":\"https:\/\/www.ionisos.com\/de\/unsere-aktivitaeten\/\"},{\"@type\":\"ListItem\",\"position\":3,\"name\":\"Beta Bestrahlung\"}]},{\"@type\":\"WebSite\",\"@id\":\"https:\/\/www.ionisos.com\/#website\",\"url\":\"https:\/\/www.ionisos.com\/\",\"name\":\"Ionisos\",\"description\":\"Ionisation par \u00e9lectrons acc\u00e9l\u00e9r\u00e9s, rayons gamma, rayons X et oxyde d&#039;\u00e9thyl\u00e8ne\",\"potentialAction\":[{\"@type\":\"SearchAction\",\"target\":{\"@type\":\"EntryPoint\",\"urlTemplate\":\"https:\/\/www.ionisos.com\/?s={search_term_string}\"},\"query-input\":{\"@type\":\"PropertyValueSpecification\",\"valueRequired\":true,\"valueName\":\"search_term_string\"}}],\"inLanguage\":\"de\"}]}<\/script>\n<!-- \/ Yoast SEO plugin. -->","yoast_head_json":{"title":"Beta Bestrahlung - Ionisos","robots":{"index":"index","follow":"follow","max-snippet":"max-snippet:-1","max-image-preview":"max-image-preview:large","max-video-preview":"max-video-preview:-1"},"canonical":"https:\/\/www.ionisos.com\/de\/unsere-aktivitaeten\/beta-bestrahlung\/","og_locale":"de_DE","og_type":"article","og_title":"Beta Bestrahlung - Ionisos","og_description":"[vc_row bg_image=&#8221;15629&#8243; bg_repeat=&#8221;no-repeat&#8221; text_color=&#8221;light&#8221; text_align=&#8221;center&#8221; top_padding=&#8221;100&#8243; bottom_padding=&#8221;100&#8243;][vc_column width=&#8221;1\/1&#8243;][\/vc_column][\/vc_row][vc_row][vc_column width=&#8221;1\/1&#8243;][vc_column_text] Das in der Anlage angewandte Ionisierungsverfahren besteht darin, dass das Material kontinuierlich mit geregelter Geschwindigkeit durchlaufen wird, die zu behandelnden Produkte der von einem Elektronenbeschleuniger ausgesandten Ebeam-Strahlung auszusetzen. [\/vc_column_text][\/vc_column][\/vc_row][vc_row][vc_column width=&#8221;1\/2&#8243;][\/vc_column][vc_column width=&#8221;1\/2&#8243;][vc_column_text]Der Elektronenbeschleuniger arbeitet in einem einzigen Energiebereich: 9,8 MeV +\/- 0,2. Die Produkte werden auf einer automatischen F\u00f6rdereinrichtung in die Bestrahlungseinheit und danach unter einen Elektronenstrahl bef\u00f6rdert. Die Durchlaufgeschwindigkeit h\u00e4ngt von der notwendigen Strahlendosis und der Produktbeschaffenheit ab. Die Bestrahlung erfolgt grunds\u00e4tzlich in zwei Durchg\u00e4ngen: ein Durchgang f\u00fcr eine Kartonseite, ein Durchgang f\u00fcr die andere Kartonseite (zweiseitige Bestrahlung).[\/vc_column_text][vc_tta_accordion style=&#8221;flat&#8221; active_section=&#8221;0&#8243; collapsible_all=&#8221;true&#8221;][vc_tta_section title=&#8221;Technik : in Packst\u00fccken&#8221; tab_id=&#8221;1490622542764-db62caec-e48a&#8221;][vc_column_text]Chaumesnil and Tarac\u00f3n\u00a0 (Spain) Die Elektronenstrahlen werden von elektrischen Generatoren aus Hochenergie-Elektronen (10 MeV) mit hoher Eindringkraft erzeugt. Die Bestrahlung erfolgt durchgehend und schnell: sie dauert nur wenige Sekunden. Die Einheit f\u00fcr die Strahlendosis ist kiloGray (kGy), und die Dosis ist umgekehrt proportional zur Geschwindigkeit des F\u00f6rderers unter dem Elektronenstrahl. Die F\u00f6rderergeschwindigkeit ist der einzige Kontrollparameter nach der Validierung der Verpackung. Die F\u00f6rderergeschwindigkeit ist der einzige Kontrollparameter nach der Validierung der Verpackung. Eine sichere und wiederholbare Behandlung. Die Dateien, die Archivierung der Unterlagen sowie die Einfachheit des Verfahrens gew\u00e4hrleisten die Wiederholgenauigkeit und die Sicherheit der Bestrahlungen. [&hellip;]","og_url":"https:\/\/www.ionisos.com\/de\/unsere-aktivitaeten\/beta-bestrahlung\/","og_site_name":"Ionisos","article_modified_time":"2025-02-27T10:05:44+00:00","twitter_card":"summary_large_image","twitter_misc":{"Gesch\u00e4tzte Lesezeit":"3\u00a0Minuten"},"schema":{"@context":"https:\/\/schema.org","@graph":[{"@type":"WebPage","@id":"https:\/\/www.ionisos.com\/de\/unsere-aktivitaeten\/beta-bestrahlung\/","url":"https:\/\/www.ionisos.com\/de\/unsere-aktivitaeten\/beta-bestrahlung\/","name":"Beta Bestrahlung - Ionisos","isPartOf":{"@id":"https:\/\/www.ionisos.com\/#website"},"datePublished":"2017-05-22T13:51:12+00:00","dateModified":"2025-02-27T10:05:44+00:00","breadcrumb":{"@id":"https:\/\/www.ionisos.com\/de\/unsere-aktivitaeten\/beta-bestrahlung\/#breadcrumb"},"inLanguage":"de","potentialAction":[{"@type":"ReadAction","target":["https:\/\/www.ionisos.com\/de\/unsere-aktivitaeten\/beta-bestrahlung\/"]}]},{"@type":"BreadcrumbList","@id":"https:\/\/www.ionisos.com\/de\/unsere-aktivitaeten\/beta-bestrahlung\/#breadcrumb","itemListElement":[{"@type":"ListItem","position":1,"name":"Accueil","item":"https:\/\/www.ionisos.com\/de\/"},{"@type":"ListItem","position":2,"name":"Unsere Aktivit\u00e4ten","item":"https:\/\/www.ionisos.com\/de\/unsere-aktivitaeten\/"},{"@type":"ListItem","position":3,"name":"Beta Bestrahlung"}]},{"@type":"WebSite","@id":"https:\/\/www.ionisos.com\/#website","url":"https:\/\/www.ionisos.com\/","name":"Ionisos","description":"Ionisation par \u00e9lectrons acc\u00e9l\u00e9r\u00e9s, rayons gamma, rayons X et oxyde d&#039;\u00e9thyl\u00e8ne","potentialAction":[{"@type":"SearchAction","target":{"@type":"EntryPoint","urlTemplate":"https:\/\/www.ionisos.com\/?s={search_term_string}"},"query-input":{"@type":"PropertyValueSpecification","valueRequired":true,"valueName":"search_term_string"}}],"inLanguage":"de"}]}},"_links":{"self":[{"href":"https:\/\/www.ionisos.com\/de\/wp-json\/wp\/v2\/pages\/16119","targetHints":{"allow":["GET"]}}],"collection":[{"href":"https:\/\/www.ionisos.com\/de\/wp-json\/wp\/v2\/pages"}],"about":[{"href":"https:\/\/www.ionisos.com\/de\/wp-json\/wp\/v2\/types\/page"}],"author":[{"embeddable":true,"href":"https:\/\/www.ionisos.com\/de\/wp-json\/wp\/v2\/users\/1"}],"replies":[{"embeddable":true,"href":"https:\/\/www.ionisos.com\/de\/wp-json\/wp\/v2\/comments?post=16119"}],"version-history":[{"count":7,"href":"https:\/\/www.ionisos.com\/de\/wp-json\/wp\/v2\/pages\/16119\/revisions"}],"predecessor-version":[{"id":26085,"href":"https:\/\/www.ionisos.com\/de\/wp-json\/wp\/v2\/pages\/16119\/revisions\/26085"}],"up":[{"embeddable":true,"href":"https:\/\/www.ionisos.com\/de\/wp-json\/wp\/v2\/pages\/16116"}],"wp:attachment":[{"href":"https:\/\/www.ionisos.com\/de\/wp-json\/wp\/v2\/media?parent=16119"}],"curies":[{"name":"wp","href":"https:\/\/api.w.org\/{rel}","templated":true}]}}