 {"id":16116,"date":"2017-05-22T15:36:08","date_gmt":"2017-05-22T13:36:08","guid":{"rendered":"https:\/\/www.ionisos.com\/?page_id=16116\/"},"modified":"2025-10-29T10:27:38","modified_gmt":"2025-10-29T09:27:38","slug":"unsere-aktivitaeten","status":"publish","type":"page","link":"https:\/\/www.ionisos.com\/de\/unsere-aktivitaeten\/","title":{"rendered":"Unsere Aktivit\u00e4ten"},"content":{"rendered":"<p>[vc_row bg_image=&#8221;15566&#8243; bg_repeat=&#8221;no-repeat&#8221; text_color=&#8221;light&#8221; text_align=&#8221;center&#8221; top_padding=&#8221;100&#8243; bottom_padding=&#8221;100&#8243;][vc_column width=&#8221;1\/1&#8243;]<h1 class=\"headline font-special fontsize-xxxl fontweight-inherit lh-inherit align-center transform-uppercase \" style=\"margin: 0;\">Unsere <strong>Aktivit\u00e4ten<\/strong><\/h1>[\/vc_column][\/vc_row][vc_row][vc_column width=&#8221;1\/1&#8243;]<div class=\"spacer\" style=\"height: 40px;\"><\/div>[\/vc_column][\/vc_row][vc_row bg_position=&#8221;left top&#8221;][vc_column width=&#8221;1\/1&#8243;]<h2 class=\"headline font-special fontsize-m fontweight-600 lh-inherit align-center transform-uppercase \" style=\"margin: 0 0 20px 0;\"> Die Funktionen<\/h2>[vc_row_inner][vc_column_inner width=&#8221;1\/2&#8243;]<div class=\"iconbox  iconbox-style-8 icon-color-greyscale color-dark clearfix\"><h3>Sterilisation<\/h3><i class=\"fa sl-drop boxicon\" style=\"\"><\/i><p><a href=\"\/de\/unsere-aktivitaeten\/sterilisieren\/\" target=\"_self\" class=\"button color-1 small \" style=\"border-radius: 2px;\">Erfahren Sie mehr<\/a><\/p><\/div>[\/vc_column_inner][vc_column_inner width=&#8221;1\/2&#8243;]<div class=\"iconbox  iconbox-style-8 icon-color-greyscale color-dark clearfix\"><h3>Vernetzen<\/h3><i class=\"fa sl-layers boxicon\" style=\"\"><\/i><p><a href=\"\/de\/unsere-aktivitaeten\/vernetzen\/\" target=\"_self\" class=\"button color-1 small \" style=\"border-radius: 2px;\">Erfahren Sie mehr<\/a><\/p><\/div>[\/vc_column_inner][\/vc_row_inner][\/vc_column][\/vc_row][vc_row][vc_column width=&#8221;1\/1&#8243;]<div class=\"spacer\" style=\"height: 40px;\"><\/div>[\/vc_column][\/vc_row][vc_row][vc_column width=&#8221;2\/3&#8243;]<h2 class=\"headline font-special fontsize-m fontweight-600 lh-inherit align-left transform-uppercase \" style=\"margin: 0 0 20px 0;\">Die Anwendungsbereiche<\/h2>[vc_column_text]Die Ionisation kann in <strong>verschiedenen Bereichen<\/strong> f\u00fcr <strong>verschiedene Anwendungen<\/strong> eingesetzt werden.[\/vc_column_text][vc_tta_accordion style=&#8221;flat&#8221; active_section=&#8221;0&#8243; collapsible_all=&#8221;true&#8221;][vc_tta_section title=&#8221;Die medizinischen und chirurgischen Bereiche&#8221; tab_id=&#8221;1490695151271-56f9569b-07aa&#8221;][vc_column_text]<\/p>\n<p style=\"text-align: justify;\">Die Sterilisation von <strong>Einweg-Medizin- und Chirurgiematerialien<\/strong> sowie von <strong>Laborartikeln<\/strong> erfolgt durch hermetische Verpackungen, im Stadium des verpackten Produkts auf Paletten.<\/p>\n<p style=\"text-align: justify;\">Sie hinterl\u00e4sst <strong>keine toxischen R\u00fcckst\u00e4nde in den ionisierten Materialien<\/strong>, was die sofortige Verwendung des Materials nach der Sterilisation erm\u00f6glicht.<\/p>\n<p style=\"text-align: justify;\">Mit einer anerkannten Effizienz seit den fr\u00fchen 50er Jahren ist die Ionisation das f\u00fchrende Sterilisationsverfahren in wirtschaftlich entwickelten L\u00e4ndern.<\/p>\n<p>[\/vc_column_text][\/vc_tta_section][vc_tta_section title=&#8221;Die Pharmazie und Kosmetik&#8221; tab_id=&#8221;1490695151300-493eb754-19d8&#8243;][vc_column_text]<\/p>\n<p style=\"text-align: justify;\">Die Ionisation wird auf leere Verpackungen, Rohstoffe, aber auch auf Fertigprodukte angewendet.<\/p>\n<p style=\"text-align: justify;\">Sie ist Teil des <strong>Qualit\u00e4tssicherungskonzepts<\/strong>, ebenso wie Verfahren unter laminarer Str\u00f6mung, Arbeiten in Reinr\u00e4umen und die Automatisierung von Prozessen.<\/p>\n<p>[\/vc_column_text][\/vc_tta_section][vc_tta_section title=&#8221;Die Kunststoffchemie&#8221; tab_id=&#8221;1490695151339-6a8b96a4-75fc&#8221;][vc_column_text]<\/p>\n<p style=\"text-align: justify;\">Die Ionisation <strong>verbessert die mechanischen Eigenschaften von Polyethylenfolien<\/strong> und erm\u00f6glicht es, bei gleicher Leistung die Dicke um 40 bis 60 % zu <strong>verringern<\/strong>.<\/p>\n<p style=\"text-align: justify;\">Sie <strong>erweitert die Schmelzbereiche von schrumpfbaren Folien<\/strong>. Dadurch wird die Maschinenkalibrierung weniger heikel und die Qualit\u00e4t des Schrumpfens verbessert.<\/p>\n<p style=\"text-align: justify;\">Mehrere Forschungsprogramme sind im Gange, um das Anwendungsgebiet der Ionisation von Polymeren zu erweitern.<\/p>\n<p>[\/vc_column_text][\/vc_tta_section][\/vc_tta_accordion][\/vc_column][vc_column width=&#8221;1\/3&#8243;]<div class=\"single_image wpb_content_element align-left  animate   \" data-animation=\"fade-in-from-right\" data-delay=\"0\"><img loading=\"lazy\" decoding=\"async\" width=\"800\" height=\"700\" src=\"https:\/\/www.ionisos.com\/wp-content\/uploads\/2017\/03\/Fotolia_92798419_Subscription_Monthly_M-1-1.jpg\" class=\"attachment-full\" alt=\"\" srcset=\"https:\/\/www.ionisos.com\/wp-content\/uploads\/2017\/03\/Fotolia_92798419_Subscription_Monthly_M-1-1.jpg 800w, https:\/\/www.ionisos.com\/wp-content\/uploads\/2017\/03\/Fotolia_92798419_Subscription_Monthly_M-1-1-300x263.jpg 300w, https:\/\/www.ionisos.com\/wp-content\/uploads\/2017\/03\/Fotolia_92798419_Subscription_Monthly_M-1-1-768x672.jpg 768w, https:\/\/www.ionisos.com\/wp-content\/uploads\/2017\/03\/Fotolia_92798419_Subscription_Monthly_M-1-1-200x175.jpg 200w\" sizes=\"auto, (max-width: 800px) 100vw, 800px\" \/><\/div>[\/vc_column][\/vc_row][vc_row][vc_column width=&#8221;1\/1&#8243;]<div class=\"spacer\" style=\"height: 40px;\"><\/div>[\/vc_column][\/vc_row][vc_row bg_color=&#8221;#f4f4f4&#8243; text_align=&#8221;center&#8221; top_padding=&#8221;40&#8243; bottom_padding=&#8221;40&#8243;][vc_column width=&#8221;1\/1&#8243;]<h2 class=\"headline font-special fontsize-m fontweight-600 lh-inherit align-center transform-uppercase \" style=\"margin: 0 0 20px 0;\">Die Techniken<\/h2>[vc_column_text]<a href=\"\/de\/unsere-aktivitaeten\/beta-bestrahlung\/\" target=\"_self\" class=\"button custom medium \" style=\"background-color: #ea5045; border-color: #ea5045;border-radius: 2px;\">Ebeam-Bestrahlung<\/a><a href=\"\/de\/unsere-aktivitaeten\/gamma-bestrahlung\/\" target=\"_self\" class=\"button custom medium \" style=\"background-color: #5996d1; border-color: #5996d1;border-radius: 2px;\">Gamma-Strahlen<\/a><a href=\"https:\/\/www.ionisos.com\/de\/unsere-aktivitaeten\/x-ray-behandlung\/\" target=\"_self\" class=\"button custom medium \" style=\"background-color: #EF9E1C; border-color: #EF9E1C;border-radius: 2px;\">R\u00f6ntgenstrahlen<\/a><a href=\"\/de\/unsere-aktivitaeten\/ethylenoxid\/\" target=\"_self\" class=\"button custom medium \" style=\"background-color: #21b3aa; border-color: #21b3aa;border-radius: 2px;\">Ethylendioxid<\/a>[\/vc_column_text][\/vc_column][\/vc_row][vc_row bg_color=&#8221;#0b2677&#8243; text_color=&#8221;light&#8221; text_align=&#8221;center&#8221; top_padding=&#8221;40&#8243; bottom_padding=&#8221;40&#8243;][vc_column width=&#8221;3\/4&#8243;]<div class=\"spacer\" style=\"height: 5px;\"><\/div>[vc_column_text]<\/p>\n<h3 style=\"text-align: left;\">Die Ionisos-Gruppe bietet Ihnen an, gemeinsam Forschungs- und Entwicklungsprogramme durchzuf\u00fchren.<\/h3>\n<p>[\/vc_column_text][\/vc_column][vc_column width=&#8221;1\/4&#8243;]<a href=\"\/de\/das-unternehmen\/forschung-und-entwicklung\/\" target=\"_self\" class=\"button color-8 medium \" style=\"border-radius: 2px;\">Mehr erfahren<\/a>[\/vc_column][\/vc_row][vc_row][vc_column width=&#8221;1\/1&#8243;]<div class=\"spacer\" style=\"height: 40px;\"><\/div>[vc_column_text]<\/p>\n<p style=\"text-align: center;\"><span style=\"font-family: Abel; font-size: 25px;\">Um seine Sterilisationsaktivit\u00e4ten f\u00fcr medizinische Ger\u00e4te, kosmetische Produkte, pharmazeutische Rohstoffe, Verpackungen&#8230; <strong>k\u00f6nnen mehrere Zusatzleistungen<\/strong> durch die Ionisos-Gruppe organisiert werden:<\/span><\/p>\n<p>[\/vc_column_text][vc_row_inner][vc_column_inner width=&#8221;1\/2&#8243;]<div class=\"minti_list wpb_content_element color-accent plus\" style=\"padding-left: 10px;\">\n<ul>\n<li>Beratung,<\/li>\n<li>Informationen zur Gesetzgebung,<\/li>\n<li>Transport und Aufteilung Ihrer Bestellungen von unseren Werken,<\/li>\n<li>Gefrierlagerung,<\/li>\n<li>Mikrobiologische Kontrollen.<\/li>\n<\/ul>\n<\/div>[\/vc_column_inner][vc_column_inner width=&#8221;1\/2&#8243;]<div class=\"minti_list wpb_content_element color-accent plus\" style=\"padding-left: 10px;\">\n<ul>\n<li>Widerstandstests,<\/li>\n<li>Validierung der Behandlung,<\/li>\n<li>Leistungsqualifikation: <a href=\"\/nos-services\/traitement-beta\/\">Beta-Verfahren<\/a>, <a href=\"\/nos-services\/traitement-gamma\/\">Gamma-Verfahren<\/a>, <a href=\"https:\/\/www.ionisos.com\/de\/unsere-aktivitaeten\/ethylenoxid\/\">Ethylendioxid<\/a><\/li>\n<li>Schulung Ihres Personals in unseren Technologien.<\/li>\n<\/ul>\n<\/div>[\/vc_column_inner][\/vc_row_inner]<div class=\"spacer\" style=\"height: 40px;\"><\/div>[\/vc_column][\/vc_row][vc_row bg_color=&#8221;#f4f4f4&#8243;][vc_column width=&#8221;1\/1&#8243;]<div class=\"spacer\" style=\"height: 40px;\"><\/div>[vc_column_text]<\/p>\n<p style=\"text-align: center;\"><span style=\"font-family: Abel; font-size: 25px;\"><strong>F\u00fcr jede Behandlung<\/strong> f\u00fchrt die Ionisos-Gruppe durch:<\/span><\/p>\n<p>[\/vc_column_text][\/vc_column][\/vc_row][vc_row bg_color=&#8221;#f4f4f4&#8243; top_padding=&#8221;40&#8243; bottom_padding=&#8221;40&#8243;][vc_column width=&#8221;1\/3&#8243;]<div class=\"single_image wpb_content_element align-left  animate   \" data-animation=\"fade-in-from-left\" data-delay=\"0\"><img loading=\"lazy\" decoding=\"async\" width=\"800\" height=\"533\" src=\"https:\/\/www.ionisos.com\/wp-content\/uploads\/2017\/03\/Fotolia_43284149_XL.jpg\" class=\"attachment-full\" alt=\"\" srcset=\"https:\/\/www.ionisos.com\/wp-content\/uploads\/2017\/03\/Fotolia_43284149_XL.jpg 800w, https:\/\/www.ionisos.com\/wp-content\/uploads\/2017\/03\/Fotolia_43284149_XL-300x200.jpg 300w, https:\/\/www.ionisos.com\/wp-content\/uploads\/2017\/03\/Fotolia_43284149_XL-768x512.jpg 768w, https:\/\/www.ionisos.com\/wp-content\/uploads\/2017\/03\/Fotolia_43284149_XL-600x400.jpg 600w, https:\/\/www.ionisos.com\/wp-content\/uploads\/2017\/03\/Fotolia_43284149_XL-200x133.jpg 200w\" sizes=\"auto, (max-width: 800px) 100vw, 800px\" \/><\/div>[\/vc_column][vc_column width=&#8221;2\/3&#8243;]<div class=\"minti_list wpb_content_element color-accent plus\" style=\"padding-left: 10px;\">\n<ul>\n<li>Die computergest\u00fctzte Durchf\u00fchrung der Behandlung, die Zuverl\u00e4ssigkeit, Nachverfolgbarkeit und Reproduzierbarkeit gew\u00e4hrleistet,<\/li>\n<li>Die Dosis\u00fcberpr\u00fcfung gem\u00e4\u00df den geltenden Vorschriften und Bestimmungen,<\/li>\n<li>Dokumentation: Ausstellung eines Behandlungszertifikats.<\/li>\n<\/ul>\n<\/div><div class=\"spacer\" style=\"height: 40px;\"><\/div>[\/vc_column][\/vc_row][vc_row bg_color=&#8221;#0b2677&#8243; text_color=&#8221;light&#8221; text_align=&#8221;center&#8221; top_padding=&#8221;40&#8243; bottom_padding=&#8221;40&#8243;][vc_column width=&#8221;3\/4&#8243;]<div class=\"spacer\" style=\"height: 5px;\"><\/div>[vc_column_text]<\/p>\n<h3 style=\"text-align: left;\">M\u00f6chten Sie Ionisos f\u00fcr eine Ionisationsanfrage kontaktieren?<\/h3>\n<p>[\/vc_column_text][\/vc_column][vc_column width=&#8221;1\/4&#8243;]<a href=\"\/contact\/\" target=\"_self\" class=\"button color-8 medium \" style=\"border-radius: 2px;\">Kontaktieren Sie uns<\/a>[\/vc_column][\/vc_row][vc_row][vc_column width=&#8221;1\/1&#8243;][\/vc_column][\/vc_row]<\/p>\n","protected":false},"excerpt":{"rendered":"<p>[vc_row bg_image=&#8221;15566&#8243; bg_repeat=&#8221;no-repeat&#8221; text_color=&#8221;light&#8221; text_align=&#8221;center&#8221; top_padding=&#8221;100&#8243; bottom_padding=&#8221;100&#8243;][vc_column width=&#8221;1\/1&#8243;][\/vc_column][\/vc_row][vc_row][vc_column width=&#8221;1\/1&#8243;][\/vc_column][\/vc_row][vc_row bg_position=&#8221;left top&#8221;][vc_column width=&#8221;1\/1&#8243;][vc_row_inner][vc_column_inner width=&#8221;1\/2&#8243;][\/vc_column_inner][vc_column_inner width=&#8221;1\/2&#8243;][\/vc_column_inner][\/vc_row_inner][\/vc_column][\/vc_row][vc_row][vc_column width=&#8221;1\/1&#8243;][\/vc_column][\/vc_row][vc_row][vc_column width=&#8221;2\/3&#8243;][vc_column_text]Die Ionisation kann in verschiedenen Bereichen f\u00fcr verschiedene Anwendungen eingesetzt werden.[\/vc_column_text][vc_tta_accordion style=&#8221;flat&#8221; active_section=&#8221;0&#8243; collapsible_all=&#8221;true&#8221;][vc_tta_section title=&#8221;Die medizinischen und chirurgischen Bereiche&#8221; tab_id=&#8221;1490695151271-56f9569b-07aa&#8221;][vc_column_text] Die Sterilisation von Einweg-Medizin- und Chirurgiematerialien sowie von Laborartikeln erfolgt durch hermetische Verpackungen, im Stadium des verpackten Produkts auf Paletten. Sie hinterl\u00e4sst keine toxischen R\u00fcckst\u00e4nde in den ionisierten Materialien, was die sofortige Verwendung des Materials nach der Sterilisation erm\u00f6glicht. Mit einer anerkannten Effizienz seit den fr\u00fchen 50er Jahren ist die Ionisation das f\u00fchrende Sterilisationsverfahren in wirtschaftlich entwickelten L\u00e4ndern. [\/vc_column_text][\/vc_tta_section][vc_tta_section title=&#8221;Die Pharmazie und Kosmetik&#8221; tab_id=&#8221;1490695151300-493eb754-19d8&#8243;][vc_column_text] Die Ionisation wird auf leere Verpackungen, Rohstoffe, aber auch auf Fertigprodukte angewendet. Sie ist Teil des Qualit\u00e4tssicherungskonzepts, ebenso wie Verfahren unter laminarer Str\u00f6mung, Arbeiten in Reinr\u00e4umen und die Automatisierung von Prozessen. [\/vc_column_text][\/vc_tta_section][vc_tta_section title=&#8221;Die Kunststoffchemie&#8221; tab_id=&#8221;1490695151339-6a8b96a4-75fc&#8221;][vc_column_text] Die Ionisation verbessert die mechanischen Eigenschaften von Polyethylenfolien und erm\u00f6glicht es, bei gleicher Leistung die Dicke um 40 bis 60 % zu verringern. Sie erweitert die Schmelzbereiche von schrumpfbaren Folien. Dadurch wird die Maschinenkalibrierung weniger heikel und die Qualit\u00e4t des Schrumpfens verbessert. Mehrere Forschungsprogramme sind im Gange, um das Anwendungsgebiet der Ionisation von Polymeren zu erweitern. [\/vc_column_text][\/vc_tta_section][\/vc_tta_accordion][\/vc_column][vc_column width=&#8221;1\/3&#8243;][\/vc_column][\/vc_row][vc_row][vc_column width=&#8221;1\/1&#8243;][\/vc_column][\/vc_row][vc_row bg_color=&#8221;#f4f4f4&#8243; text_align=&#8221;center&#8221; top_padding=&#8221;40&#8243; bottom_padding=&#8221;40&#8243;][vc_column width=&#8221;1\/1&#8243;][vc_column_text][\/vc_column_text][\/vc_column][\/vc_row][vc_row bg_color=&#8221;#0b2677&#8243; text_color=&#8221;light&#8221; [&hellip;]<\/p>\n","protected":false},"author":1,"featured_media":0,"parent":0,"menu_order":0,"comment_status":"closed","ping_status":"closed","template":"","meta":{"inline_featured_image":false,"footnotes":""},"class_list":["post-16116","page","type-page","status-publish","hentry"],"yoast_head":"<!-- This site is optimized with the Yoast SEO plugin v26.3 - https:\/\/yoast.com\/wordpress\/plugins\/seo\/ -->\n<title>Unsere Aktivit\u00e4ten - Ionisos<\/title>\n<meta name=\"description\" content=\"Jeden Tag tr\u00e4gt die Ionisation dazu bei, Leben zu retten, die Gesundheit zu bewahren und die Umwelt zu sch\u00fctzen.\" \/>\n<meta name=\"robots\" content=\"index, follow, max-snippet:-1, max-image-preview:large, max-video-preview:-1\" \/>\n<link rel=\"canonical\" href=\"https:\/\/www.ionisos.com\/de\/unsere-aktivitaeten\/\" \/>\n<meta property=\"og:locale\" content=\"de_DE\" \/>\n<meta property=\"og:type\" content=\"article\" \/>\n<meta property=\"og:title\" content=\"Unsere Aktivit\u00e4ten - Ionisos\" \/>\n<meta property=\"og:description\" content=\"Jeden Tag tr\u00e4gt die Ionisation dazu bei, Leben zu retten, die Gesundheit zu bewahren und die Umwelt zu sch\u00fctzen.\" \/>\n<meta property=\"og:url\" content=\"https:\/\/www.ionisos.com\/de\/unsere-aktivitaeten\/\" \/>\n<meta property=\"og:site_name\" content=\"Ionisos\" \/>\n<meta property=\"article:modified_time\" content=\"2025-10-29T09:27:38+00:00\" \/>\n<meta name=\"twitter:card\" content=\"summary_large_image\" \/>\n<meta name=\"twitter:label1\" content=\"Gesch\u00e4tzte Lesezeit\" \/>\n\t<meta name=\"twitter:data1\" content=\"3\u00a0Minuten\" \/>\n<script type=\"application\/ld+json\" class=\"yoast-schema-graph\">{\"@context\":\"https:\/\/schema.org\",\"@graph\":[{\"@type\":\"WebPage\",\"@id\":\"https:\/\/www.ionisos.com\/de\/unsere-aktivitaeten\/\",\"url\":\"https:\/\/www.ionisos.com\/de\/unsere-aktivitaeten\/\",\"name\":\"Unsere Aktivit\u00e4ten - Ionisos\",\"isPartOf\":{\"@id\":\"https:\/\/www.ionisos.com\/#website\"},\"datePublished\":\"2017-05-22T13:36:08+00:00\",\"dateModified\":\"2025-10-29T09:27:38+00:00\",\"description\":\"Jeden Tag tr\u00e4gt die Ionisation dazu bei, Leben zu retten, die Gesundheit zu bewahren und die Umwelt zu sch\u00fctzen.\",\"breadcrumb\":{\"@id\":\"https:\/\/www.ionisos.com\/de\/unsere-aktivitaeten\/#breadcrumb\"},\"inLanguage\":\"de\",\"potentialAction\":[{\"@type\":\"ReadAction\",\"target\":[\"https:\/\/www.ionisos.com\/de\/unsere-aktivitaeten\/\"]}]},{\"@type\":\"BreadcrumbList\",\"@id\":\"https:\/\/www.ionisos.com\/de\/unsere-aktivitaeten\/#breadcrumb\",\"itemListElement\":[{\"@type\":\"ListItem\",\"position\":1,\"name\":\"Accueil\",\"item\":\"https:\/\/www.ionisos.com\/de\/\"},{\"@type\":\"ListItem\",\"position\":2,\"name\":\"Unsere Aktivit\u00e4ten\"}]},{\"@type\":\"WebSite\",\"@id\":\"https:\/\/www.ionisos.com\/#website\",\"url\":\"https:\/\/www.ionisos.com\/\",\"name\":\"Ionisos\",\"description\":\"Ionisation par \u00e9lectrons acc\u00e9l\u00e9r\u00e9s, rayons gamma, rayons X et oxyde d&#039;\u00e9thyl\u00e8ne\",\"potentialAction\":[{\"@type\":\"SearchAction\",\"target\":{\"@type\":\"EntryPoint\",\"urlTemplate\":\"https:\/\/www.ionisos.com\/?s={search_term_string}\"},\"query-input\":{\"@type\":\"PropertyValueSpecification\",\"valueRequired\":true,\"valueName\":\"search_term_string\"}}],\"inLanguage\":\"de\"}]}<\/script>\n<!-- \/ Yoast SEO plugin. -->","yoast_head_json":{"title":"Unsere Aktivit\u00e4ten - Ionisos","description":"Jeden Tag tr\u00e4gt die Ionisation dazu bei, Leben zu retten, die Gesundheit zu bewahren und die Umwelt zu sch\u00fctzen.","robots":{"index":"index","follow":"follow","max-snippet":"max-snippet:-1","max-image-preview":"max-image-preview:large","max-video-preview":"max-video-preview:-1"},"canonical":"https:\/\/www.ionisos.com\/de\/unsere-aktivitaeten\/","og_locale":"de_DE","og_type":"article","og_title":"Unsere Aktivit\u00e4ten - Ionisos","og_description":"Jeden Tag tr\u00e4gt die Ionisation dazu bei, Leben zu retten, die Gesundheit zu bewahren und die Umwelt zu sch\u00fctzen.","og_url":"https:\/\/www.ionisos.com\/de\/unsere-aktivitaeten\/","og_site_name":"Ionisos","article_modified_time":"2025-10-29T09:27:38+00:00","twitter_card":"summary_large_image","twitter_misc":{"Gesch\u00e4tzte Lesezeit":"3\u00a0Minuten"},"schema":{"@context":"https:\/\/schema.org","@graph":[{"@type":"WebPage","@id":"https:\/\/www.ionisos.com\/de\/unsere-aktivitaeten\/","url":"https:\/\/www.ionisos.com\/de\/unsere-aktivitaeten\/","name":"Unsere Aktivit\u00e4ten - Ionisos","isPartOf":{"@id":"https:\/\/www.ionisos.com\/#website"},"datePublished":"2017-05-22T13:36:08+00:00","dateModified":"2025-10-29T09:27:38+00:00","description":"Jeden Tag tr\u00e4gt die Ionisation dazu bei, Leben zu retten, die Gesundheit zu bewahren und die Umwelt zu sch\u00fctzen.","breadcrumb":{"@id":"https:\/\/www.ionisos.com\/de\/unsere-aktivitaeten\/#breadcrumb"},"inLanguage":"de","potentialAction":[{"@type":"ReadAction","target":["https:\/\/www.ionisos.com\/de\/unsere-aktivitaeten\/"]}]},{"@type":"BreadcrumbList","@id":"https:\/\/www.ionisos.com\/de\/unsere-aktivitaeten\/#breadcrumb","itemListElement":[{"@type":"ListItem","position":1,"name":"Accueil","item":"https:\/\/www.ionisos.com\/de\/"},{"@type":"ListItem","position":2,"name":"Unsere Aktivit\u00e4ten"}]},{"@type":"WebSite","@id":"https:\/\/www.ionisos.com\/#website","url":"https:\/\/www.ionisos.com\/","name":"Ionisos","description":"Ionisation par \u00e9lectrons acc\u00e9l\u00e9r\u00e9s, rayons gamma, rayons X et oxyde d&#039;\u00e9thyl\u00e8ne","potentialAction":[{"@type":"SearchAction","target":{"@type":"EntryPoint","urlTemplate":"https:\/\/www.ionisos.com\/?s={search_term_string}"},"query-input":{"@type":"PropertyValueSpecification","valueRequired":true,"valueName":"search_term_string"}}],"inLanguage":"de"}]}},"_links":{"self":[{"href":"https:\/\/www.ionisos.com\/de\/wp-json\/wp\/v2\/pages\/16116","targetHints":{"allow":["GET"]}}],"collection":[{"href":"https:\/\/www.ionisos.com\/de\/wp-json\/wp\/v2\/pages"}],"about":[{"href":"https:\/\/www.ionisos.com\/de\/wp-json\/wp\/v2\/types\/page"}],"author":[{"embeddable":true,"href":"https:\/\/www.ionisos.com\/de\/wp-json\/wp\/v2\/users\/1"}],"replies":[{"embeddable":true,"href":"https:\/\/www.ionisos.com\/de\/wp-json\/wp\/v2\/comments?post=16116"}],"version-history":[{"count":19,"href":"https:\/\/www.ionisos.com\/de\/wp-json\/wp\/v2\/pages\/16116\/revisions"}],"predecessor-version":[{"id":27558,"href":"https:\/\/www.ionisos.com\/de\/wp-json\/wp\/v2\/pages\/16116\/revisions\/27558"}],"wp:attachment":[{"href":"https:\/\/www.ionisos.com\/de\/wp-json\/wp\/v2\/media?parent=16116"}],"curies":[{"name":"wp","href":"https:\/\/api.w.org\/{rel}","templated":true}]}}