 {"id":16114,"date":"2017-05-22T15:07:23","date_gmt":"2017-05-22T13:07:23","guid":{"rendered":"https:\/\/www.ionisos.com\/?page_id=16114\/"},"modified":"2017-11-20T17:35:55","modified_gmt":"2017-11-20T16:35:55","slug":"forschung-und-entwicklung","status":"publish","type":"page","link":"https:\/\/www.ionisos.com\/de\/das-unternehmen\/forschung-und-entwicklung\/","title":{"rendered":"Forschung und Entwicklung"},"content":{"rendered":"<p>[vc_row bg_image=&#8221;15563&#8243; bg_repeat=&#8221;no-repeat&#8221; text_color=&#8221;light&#8221; text_align=&#8221;center&#8221; top_padding=&#8221;100&#8243; bottom_padding=&#8221;100&#8243;][vc_column width=&#8221;1\/1&#8243;]<h1 class=\"headline font-special fontsize-xxxl fontweight-inherit lh-inherit align-center transform-uppercase \" style=\"margin: 0;\"><strong>Forschung<\/strong> und <strong>Entwicklung<\/strong><\/h1>[\/vc_column][\/vc_row][vc_row text_align=&#8221;center&#8221;][vc_column width=&#8221;1\/1&#8243;]<div class=\"spacer\" style=\"height: 40px;\"><\/div>[vc_column_text]<\/p>\n<p style=\"text-align: center;\"><span style=\"font-family: Abel; font-size: 25px;\"><br \/>\nDie Abteilung <strong>Forschung und Entwicklung<\/strong> von Ionisos stellt seine Materialexpertise in den verschiedenen Anwendungsbereichen der ionisierenden Strahlung (Sterilisation, Industrie, Nuklear) zur Verf\u00fcgung, insbesondere \u00fcber folgende Thematiken:<br \/>\n<\/span><\/p>\n<p>[\/vc_column_text][\/vc_column][\/vc_row][vc_row top_padding=&#8221;100&#8243; bottom_padding=&#8221;80&#8243; bg_position=&#8221;left top&#8221;][vc_column width=&#8221;1\/3&#8243;]<div class=\"iconbox  wpb_content_element iconbox-style-4 icon-color-accent color-dark clearfix\"><div class=\"iconbox-icon\"><i class=\"fa sl-chemistry boxicon\" style=\"\"><\/i><\/div><div class=\"iconbox-content\"><h3>Materialkompatibilit\u00e4t \/ Sterilisationstechniken<\/h3><p>Vorherige Kenntnisse \u00fcber das Verhalten von verschiedenen Materialtypen bei einer Sterilisationsbehandlung erm\u00f6glicht die Auswahl der passenden Methode oder die richtige Auswahl der Materialien bereits bei der Konzeption eines medizinischen Ger\u00e4ts.<\/p>\n<p style=\"text-align: center;\"><a href=\"\/de\/das-unternehmen\/forschung-und-entwicklung\/materialkompatibilitae\/\" target=\"_blank\" class=\"button color-4 small \" style=\"border-radius: 2px;\">Mehr erfahren<\/a>\n<\/p><\/div><\/div>[\/vc_column][vc_column width=&#8221;1\/3&#8243;]<div class=\"iconbox  wpb_content_element iconbox-style-4 icon-color-accent color-dark clearfix\"><div class=\"iconbox-icon\"><i class=\"fa sl-eye boxicon\" style=\"\"><\/i><\/div><div class=\"iconbox-content\"><h3>Chemie unter Einwirkung von Strahlung<\/h3><p>Ionisierende Strahlung kann in Polymeren Polyadditionsreaktionen ausl\u00f6sen, ohne Zuf\u00fcgen eines chemischen oder photochemischen Initiators. Auf diese Weise k\u00f6nnen interessante Materialverbesserungen erreicht werden.<\/p>\n<p style=\"text-align: center;\"><a href=\"\/de\/das-unternehmen\/forschung-und-entwicklung\/chemie-unter-einwirkung-von-strahlung\/\" target=\"_blank\" class=\"button color-4 small \" style=\"border-radius: 2px;\">Mehr erfahren<\/a>\n<\/p><\/div><\/div>[\/vc_column][vc_column width=&#8221;1\/3&#8243;]<div class=\"iconbox  wpb_content_element iconbox-style-4 icon-color-accent color-dark clearfix\"><div class=\"iconbox-icon\"><i class=\"fa sl-globe boxicon\" style=\"\"><\/i><\/div><div class=\"iconbox-content\"><h3>Reifung durch Strahlung<\/h3><p>Unsere Anlagen erm\u00f6glichen die Durchf\u00fchrung von Testl\u00e4ufen im Bereich der Reifung von Materialien und Komponenten durch ionisierende Strahlung, die im Nuklearbereich oder in bestimmten Branchen wie der Nuklearphysik, der Raumfahrt, etc. durchgef\u00fchrt werden.<\/p>\n<p style=\"text-align: center;\"><a href=\"\/de\/das-unternehmen\/forschung-und-entwicklung\/strahlungsreifung\/\" target=\"_blank\" class=\"button color-4 small \" style=\"border-radius: 2px;\">Mehr erfahren<\/a>\n<\/p><\/div><\/div>[\/vc_column][\/vc_row][vc_row][vc_column width=&#8221;1\/1&#8243;]<div class=\"spacer\" style=\"height: 40px;\"><\/div>[\/vc_column][\/vc_row][vc_row bg_color=&#8221;#0b2677&#8243; text_color=&#8221;light&#8221; text_align=&#8221;center&#8221; top_padding=&#8221;40&#8243; bottom_padding=&#8221;40&#8243;][vc_column width=&#8221;3\/4&#8243;]<div class=\"spacer\" style=\"height: 5px;\"><\/div>[vc_column_text]<\/p>\n<h3 style=\"text-align: left;\">Weitere Informationen zu unseren Forschungs- und Entwicklungsprogrammen.<\/h3>\n<p>[\/vc_column_text][\/vc_column][vc_column width=&#8221;1\/4&#8243;]<a href=\"\/de\/kontakt\/\" target=\"_self\" class=\"button color-8 medium \" style=\"border-radius: 2px;\">Kontakt<\/a>[\/vc_column][\/vc_row]<\/p>\n","protected":false},"excerpt":{"rendered":"<p>[vc_row bg_image=&#8221;15563&#8243; bg_repeat=&#8221;no-repeat&#8221; text_color=&#8221;light&#8221; text_align=&#8221;center&#8221; top_padding=&#8221;100&#8243; bottom_padding=&#8221;100&#8243;][vc_column width=&#8221;1\/1&#8243;][\/vc_column][\/vc_row][vc_row text_align=&#8221;center&#8221;][vc_column width=&#8221;1\/1&#8243;][vc_column_text] Die Abteilung Forschung und Entwicklung von Ionisos stellt seine Materialexpertise in den verschiedenen Anwendungsbereichen der ionisierenden Strahlung (Sterilisation, Industrie, Nuklear) zur Verf\u00fcgung, insbesondere \u00fcber folgende Thematiken: [\/vc_column_text][\/vc_column][\/vc_row][vc_row top_padding=&#8221;100&#8243; bottom_padding=&#8221;80&#8243; bg_position=&#8221;left top&#8221;][vc_column width=&#8221;1\/3&#8243;][\/vc_column][vc_column width=&#8221;1\/3&#8243;][\/vc_column][vc_column width=&#8221;1\/3&#8243;][\/vc_column][\/vc_row][vc_row][vc_column width=&#8221;1\/1&#8243;][\/vc_column][\/vc_row][vc_row bg_color=&#8221;#0b2677&#8243; text_color=&#8221;light&#8221; text_align=&#8221;center&#8221; top_padding=&#8221;40&#8243; bottom_padding=&#8221;40&#8243;][vc_column width=&#8221;3\/4&#8243;][vc_column_text] Weitere Informationen zu unseren Forschungs- und Entwicklungsprogrammen. [\/vc_column_text][\/vc_column][vc_column width=&#8221;1\/4&#8243;][\/vc_column][\/vc_row]<\/p>\n","protected":false},"author":1,"featured_media":0,"parent":16108,"menu_order":0,"comment_status":"closed","ping_status":"closed","template":"","meta":{"inline_featured_image":false,"footnotes":""},"class_list":["post-16114","page","type-page","status-publish","hentry"],"yoast_head":"<!-- This site is optimized with the Yoast SEO plugin v26.3 - https:\/\/yoast.com\/wordpress\/plugins\/seo\/ -->\n<title>Forschung und Entwicklung - Ionisos<\/title>\n<meta name=\"robots\" content=\"index, follow, max-snippet:-1, max-image-preview:large, max-video-preview:-1\" \/>\n<link rel=\"canonical\" href=\"https:\/\/www.ionisos.com\/de\/das-unternehmen\/forschung-und-entwicklung\/\" \/>\n<meta property=\"og:locale\" content=\"de_DE\" \/>\n<meta property=\"og:type\" content=\"article\" \/>\n<meta property=\"og:title\" content=\"Forschung und Entwicklung - Ionisos\" \/>\n<meta property=\"og:description\" content=\"[vc_row bg_image=&#8221;15563&#8243; bg_repeat=&#8221;no-repeat&#8221; text_color=&#8221;light&#8221; text_align=&#8221;center&#8221; top_padding=&#8221;100&#8243; bottom_padding=&#8221;100&#8243;][vc_column width=&#8221;1\/1&#8243;][\/vc_column][\/vc_row][vc_row text_align=&#8221;center&#8221;][vc_column width=&#8221;1\/1&#8243;][vc_column_text] Die Abteilung Forschung und Entwicklung von Ionisos stellt seine Materialexpertise in den verschiedenen Anwendungsbereichen der ionisierenden Strahlung (Sterilisation, Industrie, Nuklear) zur Verf\u00fcgung, insbesondere \u00fcber folgende Thematiken: [\/vc_column_text][\/vc_column][\/vc_row][vc_row top_padding=&#8221;100&#8243; bottom_padding=&#8221;80&#8243; bg_position=&#8221;left top&#8221;][vc_column width=&#8221;1\/3&#8243;][\/vc_column][vc_column width=&#8221;1\/3&#8243;][\/vc_column][vc_column width=&#8221;1\/3&#8243;][\/vc_column][\/vc_row][vc_row][vc_column width=&#8221;1\/1&#8243;][\/vc_column][\/vc_row][vc_row bg_color=&#8221;#0b2677&#8243; text_color=&#8221;light&#8221; text_align=&#8221;center&#8221; top_padding=&#8221;40&#8243; bottom_padding=&#8221;40&#8243;][vc_column width=&#8221;3\/4&#8243;][vc_column_text] Weitere Informationen zu unseren Forschungs- und Entwicklungsprogrammen. [\/vc_column_text][\/vc_column][vc_column width=&#8221;1\/4&#8243;][\/vc_column][\/vc_row]\" \/>\n<meta property=\"og:url\" content=\"https:\/\/www.ionisos.com\/de\/das-unternehmen\/forschung-und-entwicklung\/\" \/>\n<meta property=\"og:site_name\" content=\"Ionisos\" \/>\n<meta property=\"article:modified_time\" content=\"2017-11-20T16:35:55+00:00\" \/>\n<meta name=\"twitter:card\" content=\"summary_large_image\" \/>\n<meta name=\"twitter:label1\" content=\"Gesch\u00e4tzte Lesezeit\" \/>\n\t<meta name=\"twitter:data1\" content=\"2\u00a0Minuten\" \/>\n<script type=\"application\/ld+json\" class=\"yoast-schema-graph\">{\"@context\":\"https:\/\/schema.org\",\"@graph\":[{\"@type\":\"WebPage\",\"@id\":\"https:\/\/www.ionisos.com\/de\/das-unternehmen\/forschung-und-entwicklung\/\",\"url\":\"https:\/\/www.ionisos.com\/de\/das-unternehmen\/forschung-und-entwicklung\/\",\"name\":\"Forschung und Entwicklung - Ionisos\",\"isPartOf\":{\"@id\":\"https:\/\/www.ionisos.com\/#website\"},\"datePublished\":\"2017-05-22T13:07:23+00:00\",\"dateModified\":\"2017-11-20T16:35:55+00:00\",\"breadcrumb\":{\"@id\":\"https:\/\/www.ionisos.com\/de\/das-unternehmen\/forschung-und-entwicklung\/#breadcrumb\"},\"inLanguage\":\"de\",\"potentialAction\":[{\"@type\":\"ReadAction\",\"target\":[\"https:\/\/www.ionisos.com\/de\/das-unternehmen\/forschung-und-entwicklung\/\"]}]},{\"@type\":\"BreadcrumbList\",\"@id\":\"https:\/\/www.ionisos.com\/de\/das-unternehmen\/forschung-und-entwicklung\/#breadcrumb\",\"itemListElement\":[{\"@type\":\"ListItem\",\"position\":1,\"name\":\"Accueil\",\"item\":\"https:\/\/www.ionisos.com\/de\/\"},{\"@type\":\"ListItem\",\"position\":2,\"name\":\"Ionisos\",\"item\":\"https:\/\/www.ionisos.com\/de\/das-unternehmen\/\"},{\"@type\":\"ListItem\",\"position\":3,\"name\":\"Forschung und Entwicklung\"}]},{\"@type\":\"WebSite\",\"@id\":\"https:\/\/www.ionisos.com\/#website\",\"url\":\"https:\/\/www.ionisos.com\/\",\"name\":\"Ionisos\",\"description\":\"Ionisation par \u00e9lectrons acc\u00e9l\u00e9r\u00e9s, rayons gamma, rayons X et oxyde d&#039;\u00e9thyl\u00e8ne\",\"potentialAction\":[{\"@type\":\"SearchAction\",\"target\":{\"@type\":\"EntryPoint\",\"urlTemplate\":\"https:\/\/www.ionisos.com\/?s={search_term_string}\"},\"query-input\":{\"@type\":\"PropertyValueSpecification\",\"valueRequired\":true,\"valueName\":\"search_term_string\"}}],\"inLanguage\":\"de\"}]}<\/script>\n<!-- \/ Yoast SEO plugin. -->","yoast_head_json":{"title":"Forschung und Entwicklung - Ionisos","robots":{"index":"index","follow":"follow","max-snippet":"max-snippet:-1","max-image-preview":"max-image-preview:large","max-video-preview":"max-video-preview:-1"},"canonical":"https:\/\/www.ionisos.com\/de\/das-unternehmen\/forschung-und-entwicklung\/","og_locale":"de_DE","og_type":"article","og_title":"Forschung und Entwicklung - Ionisos","og_description":"[vc_row bg_image=&#8221;15563&#8243; bg_repeat=&#8221;no-repeat&#8221; text_color=&#8221;light&#8221; text_align=&#8221;center&#8221; top_padding=&#8221;100&#8243; bottom_padding=&#8221;100&#8243;][vc_column width=&#8221;1\/1&#8243;][\/vc_column][\/vc_row][vc_row text_align=&#8221;center&#8221;][vc_column width=&#8221;1\/1&#8243;][vc_column_text] Die Abteilung Forschung und Entwicklung von Ionisos stellt seine Materialexpertise in den verschiedenen Anwendungsbereichen der ionisierenden Strahlung (Sterilisation, Industrie, Nuklear) zur Verf\u00fcgung, insbesondere \u00fcber folgende Thematiken: [\/vc_column_text][\/vc_column][\/vc_row][vc_row top_padding=&#8221;100&#8243; bottom_padding=&#8221;80&#8243; bg_position=&#8221;left top&#8221;][vc_column width=&#8221;1\/3&#8243;][\/vc_column][vc_column width=&#8221;1\/3&#8243;][\/vc_column][vc_column width=&#8221;1\/3&#8243;][\/vc_column][\/vc_row][vc_row][vc_column width=&#8221;1\/1&#8243;][\/vc_column][\/vc_row][vc_row bg_color=&#8221;#0b2677&#8243; text_color=&#8221;light&#8221; text_align=&#8221;center&#8221; top_padding=&#8221;40&#8243; bottom_padding=&#8221;40&#8243;][vc_column width=&#8221;3\/4&#8243;][vc_column_text] Weitere Informationen zu unseren Forschungs- und Entwicklungsprogrammen. [\/vc_column_text][\/vc_column][vc_column width=&#8221;1\/4&#8243;][\/vc_column][\/vc_row]","og_url":"https:\/\/www.ionisos.com\/de\/das-unternehmen\/forschung-und-entwicklung\/","og_site_name":"Ionisos","article_modified_time":"2017-11-20T16:35:55+00:00","twitter_card":"summary_large_image","twitter_misc":{"Gesch\u00e4tzte Lesezeit":"2\u00a0Minuten"},"schema":{"@context":"https:\/\/schema.org","@graph":[{"@type":"WebPage","@id":"https:\/\/www.ionisos.com\/de\/das-unternehmen\/forschung-und-entwicklung\/","url":"https:\/\/www.ionisos.com\/de\/das-unternehmen\/forschung-und-entwicklung\/","name":"Forschung und Entwicklung - Ionisos","isPartOf":{"@id":"https:\/\/www.ionisos.com\/#website"},"datePublished":"2017-05-22T13:07:23+00:00","dateModified":"2017-11-20T16:35:55+00:00","breadcrumb":{"@id":"https:\/\/www.ionisos.com\/de\/das-unternehmen\/forschung-und-entwicklung\/#breadcrumb"},"inLanguage":"de","potentialAction":[{"@type":"ReadAction","target":["https:\/\/www.ionisos.com\/de\/das-unternehmen\/forschung-und-entwicklung\/"]}]},{"@type":"BreadcrumbList","@id":"https:\/\/www.ionisos.com\/de\/das-unternehmen\/forschung-und-entwicklung\/#breadcrumb","itemListElement":[{"@type":"ListItem","position":1,"name":"Accueil","item":"https:\/\/www.ionisos.com\/de\/"},{"@type":"ListItem","position":2,"name":"Ionisos","item":"https:\/\/www.ionisos.com\/de\/das-unternehmen\/"},{"@type":"ListItem","position":3,"name":"Forschung und Entwicklung"}]},{"@type":"WebSite","@id":"https:\/\/www.ionisos.com\/#website","url":"https:\/\/www.ionisos.com\/","name":"Ionisos","description":"Ionisation par \u00e9lectrons acc\u00e9l\u00e9r\u00e9s, rayons gamma, rayons X et oxyde d&#039;\u00e9thyl\u00e8ne","potentialAction":[{"@type":"SearchAction","target":{"@type":"EntryPoint","urlTemplate":"https:\/\/www.ionisos.com\/?s={search_term_string}"},"query-input":{"@type":"PropertyValueSpecification","valueRequired":true,"valueName":"search_term_string"}}],"inLanguage":"de"}]}},"_links":{"self":[{"href":"https:\/\/www.ionisos.com\/de\/wp-json\/wp\/v2\/pages\/16114","targetHints":{"allow":["GET"]}}],"collection":[{"href":"https:\/\/www.ionisos.com\/de\/wp-json\/wp\/v2\/pages"}],"about":[{"href":"https:\/\/www.ionisos.com\/de\/wp-json\/wp\/v2\/types\/page"}],"author":[{"embeddable":true,"href":"https:\/\/www.ionisos.com\/de\/wp-json\/wp\/v2\/users\/1"}],"replies":[{"embeddable":true,"href":"https:\/\/www.ionisos.com\/de\/wp-json\/wp\/v2\/comments?post=16114"}],"version-history":[{"count":6,"href":"https:\/\/www.ionisos.com\/de\/wp-json\/wp\/v2\/pages\/16114\/revisions"}],"predecessor-version":[{"id":17267,"href":"https:\/\/www.ionisos.com\/de\/wp-json\/wp\/v2\/pages\/16114\/revisions\/17267"}],"up":[{"embeddable":true,"href":"https:\/\/www.ionisos.com\/de\/wp-json\/wp\/v2\/pages\/16108"}],"wp:attachment":[{"href":"https:\/\/www.ionisos.com\/de\/wp-json\/wp\/v2\/media?parent=16114"}],"curies":[{"name":"wp","href":"https:\/\/api.w.org\/{rel}","templated":true}]}}