 {"id":16112,"date":"2017-05-22T14:58:03","date_gmt":"2017-05-22T12:58:03","guid":{"rendered":"https:\/\/www.ionisos.com\/?page_id=16112\/"},"modified":"2025-10-17T11:22:01","modified_gmt":"2025-10-17T09:22:01","slug":"firmenlinks","status":"publish","type":"page","link":"https:\/\/www.ionisos.com\/de\/firmenlinks\/","title":{"rendered":"Firmenlinks"},"content":{"rendered":"<p>[vc_row bg_color=&#8221;#bcdcd2&#8243; top_padding=&#8221;100&#8243; bottom_padding=&#8221;50&#8243;][vc_column width=&#8221;3\/5&#8243;][vc_column_text]<\/p>\n<h1><span style=\"color: #153c32; font-size: 40px;\"><strong>UNSERE STANDORTE<\/strong><\/span><\/h1>\n<div style=\"color: #153c32; font-size: 16px;\">\n<p>Unser Netzwerk erstreckt sich \u00fcber Europa mit 12 strategisch verteilten Standorten in 5 L\u00e4ndern, darunter Frankreich, Deutschland, Spanien, die Schweiz und Estland.<\/p>\n<p>Unsere Teams, bestehend aus 280 engagierten Fachkr\u00e4ften, arbeiten unerm\u00fcdlich daran, die Qualit\u00e4t und Sicherheit Ihrer Medizinprodukte zu gew\u00e4hrleisten. Jeder Standort ist mit modernster Technologie ausgestattet, darunter Gammastrahlen, Betastrahlen (auch bekannt als beschleunigte Elektronen) und Ethylenoxid, was unser Engagement f\u00fcr Innovation und Exzellenz widerspiegelt. Unser neuer Standort in Henriville, Frankreich, der sich derzeit im Bau befindet, wird die R\u00f6ntgentechnologie in unser bereits umfangreiches Portfolio einf\u00fchren.<\/p>\n<p>Erfahren Sie mehr \u00fcber jeden unserer Standorte, die einzigartige Technologie, die sie einsetzen, sowie ihre Zertifikate, indem Sie auf den jeweiligen Pfeil klicken.<\/p><\/div>\n<p>[\/vc_column_text]<a href=\"mailto:info@ionisos.com\" target=\"_blank\" class=\"button custom medium \" style=\"background-color: #e69a40; border-color: #e69a40;border-radius: 2px;\"><i class='fa fa-regular fa-envelope'><\/i>Kontakt<\/a>[\/vc_column][vc_column width=&#8221;2\/5&#8243;][vc_raw_html]PGlmcmFtZSBzcmM9Imh0dHBzOi8vd3d3Lmdvb2dsZS5jb20vbWFwcy9kL3UvMC9lbWJlZD9taWQ9MS1pVGgyZk5rbHlrWGFkN1gtWDZQN3BzRHpqMWw2NFkmYW1wO2VoYmM9MkUzMTJGJmFtcDtub3Byb2Y9MSIgd2lkdGg9IjY0MCIgaGVpZ2h0PSI0ODAiPjwvaWZyYW1lPg==[\/vc_raw_html][\/vc_column][\/vc_row][vc_row][vc_column width=&#8221;1\/1&#8243;]<div class=\"spacer\" style=\"height: 60px;\"><\/div>[\/vc_column][\/vc_row][vc_row][vc_column width=&#8221;1\/5&#8243;][vc_column_text]<span style=\"color: #153c32; font-size: 20px;\"><strong>Bautzen, Deutschland<\/strong><\/span><br \/>\n<em><span style=\"color: #ea5045;\">Ebeam<\/span><\/em>[\/vc_column_text][\/vc_column][vc_column width=&#8221;1\/5&#8243;]<div class=\"ult-just-icon-wrapper  \"><div class=\"align-icon\" style=\"text-align:center;\">\n<a class=\"aio-tooltip 69ea6b477d558\" href = \"https:\/\/www.ionisos.com\/de\/firmenlinks\/bautzen\/\"    data-toggle=\"tooltip\" data-placement=\"\" title=\"\"><div class=\"aio-icon none \" data-animation=\"pulse\" data-animation-delay=\"03\" style=\"color:#ea5045;font-size:32px;display:inline-block;\">\n\t<i class=\"Defaults-chevron-right\"><\/i>\n<\/div><\/a><\/div><\/div>[\/vc_column][vc_column width=&#8221;1\/5&#8243;][\/vc_column][vc_column width=&#8221;1\/5&#8243;][vc_column_text]<span style=\"color: #153c32; font-size: 20px;\"><strong>Chaumesnil, Frankreich<\/strong><\/span><br \/>\n<em><span style=\"color: #ea5045;\">Ebeam<\/span><\/em>[\/vc_column_text][\/vc_column][vc_column width=&#8221;1\/5&#8243;]<div class=\"ult-just-icon-wrapper  \"><div class=\"align-icon\" style=\"text-align:center;\">\n<a class=\"aio-tooltip 69ea6b477d58c\" href = \"https:\/\/www.ionisos.com\/de\/firmenlinks\/chaumesnil\/\"    data-toggle=\"tooltip\" data-placement=\"\" title=\"\"><div class=\"aio-icon none \" data-animation=\"pulse\" data-animation-delay=\"03\" style=\"color:#ea5045;font-size:32px;display:inline-block;\">\n\t<i class=\"Defaults-chevron-right\"><\/i>\n<\/div><\/a><\/div><\/div>[\/vc_column][\/vc_row][vc_row][vc_column width=&#8221;1\/1&#8243;]<div class=\"divider divider1\" style='margin:40px 0 40px 0 !important;'><\/div>[\/vc_column][\/vc_row][vc_row][vc_column width=&#8221;1\/5&#8243;][vc_column_text]<span style=\"color: #153c32; font-size: 20px;\"><strong>Civrieux d&#8217;Azergues, Frankreich<\/strong><\/span><br \/>\n<em><span style=\"color: #21b3aa;\">Ethylenoxid<\/span><\/em>[\/vc_column_text][\/vc_column][vc_column width=&#8221;1\/5&#8243;]<div class=\"ult-just-icon-wrapper  \"><div class=\"align-icon\" style=\"text-align:center;\">\n<a class=\"aio-tooltip 69ea6b477d5c8\" href = \"https:\/\/www.ionisos.com\/de\/firmenlinks\/civrieux-dazergues\/\"    data-toggle=\"tooltip\" data-placement=\"\" title=\"\"><div class=\"aio-icon none \" data-animation=\"pulse\" data-animation-delay=\"03\" style=\"color:#21b3aa;font-size:32px;display:inline-block;\">\n\t<i class=\"Defaults-chevron-right\"><\/i>\n<\/div><\/a><\/div><\/div>[\/vc_column][vc_column width=&#8221;1\/5&#8243;][\/vc_column][vc_column width=&#8221;1\/5&#8243;][vc_column_text]<span style=\"color: #153c32; font-size: 20px;\"><strong>Kleve, Deutschland<\/strong><\/span><br \/>\n<em><span style=\"color: #21b3aa;\"> Ethylenoxid <\/span><\/em>[\/vc_column_text][\/vc_column][vc_column width=&#8221;1\/5&#8243;]<div class=\"ult-just-icon-wrapper  \"><div class=\"align-icon\" style=\"text-align:center;\">\n<a class=\"aio-tooltip 69ea6b477d5e1\" href = \"https:\/\/www.ionisos.com\/de\/firmenlinks\/kleve\/\"    data-toggle=\"tooltip\" data-placement=\"\" title=\"\"><div class=\"aio-icon none \" data-animation=\"pulse\" data-animation-delay=\"03\" style=\"color:#21b3aa;font-size:32px;display:inline-block;\">\n\t<i class=\"Defaults-chevron-right\"><\/i>\n<\/div><\/a><\/div><\/div>[\/vc_column][\/vc_row][vc_row][vc_column width=&#8221;1\/1&#8243;]<div class=\"divider divider1\" style='margin:40px 0 40px 0 !important;'><\/div>[\/vc_column][\/vc_row][vc_row][vc_column width=&#8221;1\/5&#8243;][vc_column_text]<span style=\"color: #153c32; font-size: 20px;\"><strong>Dagneux, Frankreich <\/strong><\/span><br \/>\n<em><span style=\"color: #5996d1;\">Gamma<\/span><\/em>[\/vc_column_text][\/vc_column][vc_column width=&#8221;1\/5&#8243;]<div class=\"ult-just-icon-wrapper  \"><div class=\"align-icon\" style=\"text-align:center;\">\n<a class=\"aio-tooltip 69ea6b477d60b\" href = \"https:\/\/www.ionisos.com\/de\/firmenlinks\/dagneux\/\"    data-toggle=\"tooltip\" data-placement=\"\" title=\"\"><div class=\"aio-icon none \" data-animation=\"pulse\" data-animation-delay=\"03\" style=\"color:#5996d1;font-size:32px;display:inline-block;\">\n\t<i class=\"Defaults-chevron-right\"><\/i>\n<\/div><\/a><\/div><\/div>[\/vc_column][vc_column width=&#8221;1\/5&#8243;][\/vc_column][vc_column width=&#8221;1\/5&#8243;][vc_column_text]<span style=\"color: #153c32; font-size: 20px;\"><strong>D\u00e4niken, Schweiz<\/strong><\/span><br \/>\n<em><span style=\"color: #ea5045;\">Ebeam<\/span><\/em>[\/vc_column_text][\/vc_column][vc_column width=&#8221;1\/5&#8243;]<div class=\"ult-just-icon-wrapper  \"><div class=\"align-icon\" style=\"text-align:center;\">\n<a class=\"aio-tooltip 69ea6b477d621\" href = \"https:\/\/www.ionisos.com\/de\/firmenlinks\/daeniken\/\"    data-toggle=\"tooltip\" data-placement=\"\" title=\"\"><div class=\"aio-icon none \" data-animation=\"pulse\" data-animation-delay=\"03\" style=\"color:#ea5045;font-size:32px;display:inline-block;\">\n\t<i class=\"Defaults-chevron-right\"><\/i>\n<\/div><\/a><\/div><\/div>[\/vc_column][\/vc_row][vc_row][vc_column width=&#8221;1\/1&#8243;]<div class=\"divider divider1\" style='margin:40px 0 40px 0 !important;'><\/div>[\/vc_column][\/vc_row][vc_row][vc_column width=&#8221;1\/5&#8243;][vc_column_text]<span style=\"color: #153c32; font-size: 20px;\"><strong>Gien, Frankreich <\/strong><\/span><br \/>\n<em><span style=\"color: #21b3aa;\">Ethylenoxid<\/span><\/em>[\/vc_column_text][\/vc_column][vc_column width=&#8221;1\/5&#8243;]<div class=\"ult-just-icon-wrapper  \"><div class=\"align-icon\" style=\"text-align:center;\">\n<a class=\"aio-tooltip 69ea6b477d659\" href = \"https:\/\/www.ionisos.com\/de\/firmenlinks\/gien\/\"    data-toggle=\"tooltip\" data-placement=\"\" title=\"\"><div class=\"aio-icon none \" data-animation=\"pulse\" data-animation-delay=\"03\" style=\"color:#21b3aa;font-size:32px;display:inline-block;\">\n\t<i class=\"Defaults-chevron-right\"><\/i>\n<\/div><\/a><\/div><\/div>[\/vc_column][vc_column width=&#8221;1\/5&#8243;][\/vc_column][vc_column width=&#8221;1\/5&#8243;][vc_column_text]<span style=\"color: #153c32; font-size: 20px;\"><strong>Henriville, Frankreich<\/strong><\/span><br \/>\n<em><span style=\"color: #ef9e1c;\"> R\u00f6nggestraalig <\/span><\/em><br \/>\n<em>Im Bau befindlich<\/em>[\/vc_column_text][\/vc_column][vc_column width=&#8221;1\/5&#8243;]<div class=\"ult-just-icon-wrapper  \"><div class=\"align-icon\" style=\"text-align:center;\">\n<a class=\"aio-tooltip 69ea6b477d670\" href = \"https:\/\/www.ionisos.com\/de\/firmenlinks\/henriville\/\"    data-toggle=\"tooltip\" data-placement=\"\" title=\"\"><div class=\"aio-icon none \" data-animation=\"pulse\" data-animation-delay=\"03\" style=\"color:#ef9e1c;font-size:32px;display:inline-block;\">\n\t<i class=\"Defaults-chevron-right\"><\/i>\n<\/div><\/a><\/div><\/div>[\/vc_column][\/vc_row][vc_row][vc_column width=&#8221;1\/1&#8243;]<div class=\"divider divider1\" style='margin:40px 0 40px 0 !important;'><\/div>[\/vc_column][\/vc_row][vc_row][vc_column width=&#8221;1\/5&#8243;][vc_column_text]<span style=\"color: #153c32; font-size: 20px;\"><strong>Pouzauges, Frankreich <\/strong><\/span><br \/>\n<em><span style=\"color: #5996d1;\">Gamma<\/span><\/em>[\/vc_column_text][\/vc_column][vc_column width=&#8221;1\/5&#8243;]<div class=\"ult-just-icon-wrapper  \"><div class=\"align-icon\" style=\"text-align:center;\">\n<a class=\"aio-tooltip 69ea6b477d696\" href = \"https:\/\/www.ionisos.com\/de\/firmenlinks\/pouzauges\/\"    data-toggle=\"tooltip\" data-placement=\"\" title=\"\"><div class=\"aio-icon none \" data-animation=\"pulse\" data-animation-delay=\"03\" style=\"color:#5996d1;font-size:32px;display:inline-block;\">\n\t<i class=\"Defaults-chevron-right\"><\/i>\n<\/div><\/a><\/div><\/div>[\/vc_column][vc_column width=&#8221;1\/5&#8243;][\/vc_column][vc_column width=&#8221;1\/5&#8243;][vc_column_text]<span style=\"color: #153c32; font-size: 20px;\"><strong>Sabl\u00e9-sur-Sarthe, Frankreich <\/strong><\/span><br \/>\n<em><span style=\"color: #5996d1;\">Gamma<\/span><\/em>[\/vc_column_text][\/vc_column][vc_column width=&#8221;1\/5&#8243;]<div class=\"ult-just-icon-wrapper  \"><div class=\"align-icon\" style=\"text-align:center;\">\n<a class=\"aio-tooltip 69ea6b477d6ab\" href = \"https:\/\/www.ionisos.com\/de\/firmenlinks\/sable-sur-sarthe\/\"    data-toggle=\"tooltip\" data-placement=\"\" title=\"\"><div class=\"aio-icon none \" data-animation=\"pulse\" data-animation-delay=\"03\" style=\"color:#5996d1;font-size:32px;display:inline-block;\">\n\t<i class=\"Defaults-chevron-right\"><\/i>\n<\/div><\/a><\/div><\/div>[\/vc_column][\/vc_row][vc_row][vc_column width=&#8221;1\/1&#8243;]<div class=\"divider divider1\" style='margin:40px 0 40px 0 !important;'><\/div>[\/vc_column][\/vc_row][vc_row][vc_column width=&#8221;1\/5&#8243;][vc_column_text]<span style=\"color: #153c32; font-size: 20px;\"><strong>Tallinn, Estland<\/strong><\/span><br \/>\n<em><span style=\"color: #5996d1;\">Gamma<\/span><\/em>[\/vc_column_text][\/vc_column][vc_column width=&#8221;1\/5&#8243;]<div class=\"ult-just-icon-wrapper  \"><div class=\"align-icon\" style=\"text-align:center;\">\n<a class=\"aio-tooltip 69ea6b477d6d0\" href = \"https:\/\/www.ionisos.com\/de\/firmenlinks\/tallinn\/\"    data-toggle=\"tooltip\" data-placement=\"\" title=\"\"><div class=\"aio-icon none \" data-animation=\"pulse\" data-animation-delay=\"03\" style=\"color:#5996d1;font-size:32px;display:inline-block;\">\n\t<i class=\"Defaults-chevron-right\"><\/i>\n<\/div><\/a><\/div><\/div>[\/vc_column][vc_column width=&#8221;1\/5&#8243;][\/vc_column][vc_column width=&#8221;1\/5&#8243;][vc_column_text]<span style=\"color: #153c32; font-size: 20px;\"><strong>Taranc\u00f3n, Spanien<\/strong><\/span><br \/>\n<em><span style=\"color: #ea5045;\">Ebeam<\/span><\/em>[\/vc_column_text][\/vc_column][vc_column width=&#8221;1\/5&#8243;]<div class=\"ult-just-icon-wrapper  \"><div class=\"align-icon\" style=\"text-align:center;\">\n<a class=\"aio-tooltip 69ea6b477d6e5\" href = \"https:\/\/www.ionisos.com\/de\/firmenlinks\/tarancon\/\"    data-toggle=\"tooltip\" data-placement=\"\" title=\"\"><div class=\"aio-icon none \" data-animation=\"pulse\" data-animation-delay=\"03\" style=\"color:#ea5045;font-size:32px;display:inline-block;\">\n\t<i class=\"Defaults-chevron-right\"><\/i>\n<\/div><\/a><\/div><\/div>[\/vc_column][\/vc_row][vc_row][vc_column width=&#8221;1\/1&#8243;]<div class=\"spacer\" style=\"height: 40px;\"><\/div>[\/vc_column][\/vc_row]<\/p>\n","protected":false},"excerpt":{"rendered":"<p>[vc_row bg_color=&#8221;#bcdcd2&#8243; top_padding=&#8221;100&#8243; bottom_padding=&#8221;50&#8243;][vc_column width=&#8221;3\/5&#8243;][vc_column_text] UNSERE STANDORTE Unser Netzwerk erstreckt sich \u00fcber Europa mit 12 strategisch verteilten Standorten in 5 L\u00e4ndern, darunter Frankreich, Deutschland, Spanien, die Schweiz und Estland. Unsere Teams, bestehend aus 280 engagierten Fachkr\u00e4ften, arbeiten unerm\u00fcdlich daran, die Qualit\u00e4t und Sicherheit Ihrer Medizinprodukte zu gew\u00e4hrleisten. Jeder Standort ist mit modernster Technologie ausgestattet, darunter Gammastrahlen, Betastrahlen (auch bekannt als beschleunigte Elektronen) und Ethylenoxid, was unser Engagement f\u00fcr Innovation und Exzellenz widerspiegelt. Unser neuer Standort in Henriville, Frankreich, der sich derzeit im Bau befindet, wird die R\u00f6ntgentechnologie in unser bereits umfangreiches Portfolio einf\u00fchren. Erfahren Sie mehr \u00fcber jeden unserer Standorte, die einzigartige Technologie, die sie einsetzen, sowie ihre Zertifikate, indem Sie auf den jeweiligen Pfeil klicken. [\/vc_column_text][\/vc_column][vc_column width=&#8221;2\/5&#8243;][vc_raw_html]PGlmcmFtZSBzcmM9Imh0dHBzOi8vd3d3Lmdvb2dsZS5jb20vbWFwcy9kL3UvMC9lbWJlZD9taWQ9MS1pVGgyZk5rbHlrWGFkN1gtWDZQN3BzRHpqMWw2NFkmYW1wO2VoYmM9MkUzMTJGJmFtcDtub3Byb2Y9MSIgd2lkdGg9IjY0MCIgaGVpZ2h0PSI0ODAiPjwvaWZyYW1lPg==[\/vc_raw_html][\/vc_column][\/vc_row][vc_row][vc_column width=&#8221;1\/1&#8243;][\/vc_column][\/vc_row][vc_row][vc_column width=&#8221;1\/5&#8243;][vc_column_text]Bautzen, Deutschland Ebeam[\/vc_column_text][\/vc_column][vc_column width=&#8221;1\/5&#8243;][\/vc_column][vc_column width=&#8221;1\/5&#8243;][\/vc_column][vc_column width=&#8221;1\/5&#8243;][vc_column_text]Chaumesnil, Frankreich Ebeam[\/vc_column_text][\/vc_column][vc_column width=&#8221;1\/5&#8243;][\/vc_column][\/vc_row][vc_row][vc_column width=&#8221;1\/1&#8243;][\/vc_column][\/vc_row][vc_row][vc_column width=&#8221;1\/5&#8243;][vc_column_text]Civrieux d&#8217;Azergues, Frankreich Ethylenoxid[\/vc_column_text][\/vc_column][vc_column width=&#8221;1\/5&#8243;][\/vc_column][vc_column width=&#8221;1\/5&#8243;][\/vc_column][vc_column width=&#8221;1\/5&#8243;][vc_column_text]Kleve, Deutschland Ethylenoxid [\/vc_column_text][\/vc_column][vc_column width=&#8221;1\/5&#8243;][\/vc_column][\/vc_row][vc_row][vc_column width=&#8221;1\/1&#8243;][\/vc_column][\/vc_row][vc_row][vc_column width=&#8221;1\/5&#8243;][vc_column_text]Dagneux, Frankreich Gamma[\/vc_column_text][\/vc_column][vc_column width=&#8221;1\/5&#8243;][\/vc_column][vc_column width=&#8221;1\/5&#8243;][\/vc_column][vc_column width=&#8221;1\/5&#8243;][vc_column_text]D\u00e4niken, Schweiz Ebeam[\/vc_column_text][\/vc_column][vc_column width=&#8221;1\/5&#8243;][\/vc_column][\/vc_row][vc_row][vc_column width=&#8221;1\/1&#8243;][\/vc_column][\/vc_row][vc_row][vc_column width=&#8221;1\/5&#8243;][vc_column_text]Gien, Frankreich Ethylenoxid[\/vc_column_text][\/vc_column][vc_column width=&#8221;1\/5&#8243;][\/vc_column][vc_column width=&#8221;1\/5&#8243;][\/vc_column][vc_column width=&#8221;1\/5&#8243;][vc_column_text]Henriville, Frankreich R\u00f6nggestraalig Im Bau befindlich[\/vc_column_text][\/vc_column][vc_column width=&#8221;1\/5&#8243;][\/vc_column][\/vc_row][vc_row][vc_column width=&#8221;1\/1&#8243;][\/vc_column][\/vc_row][vc_row][vc_column width=&#8221;1\/5&#8243;][vc_column_text]Pouzauges, Frankreich Gamma[\/vc_column_text][\/vc_column][vc_column width=&#8221;1\/5&#8243;][\/vc_column][vc_column width=&#8221;1\/5&#8243;][\/vc_column][vc_column width=&#8221;1\/5&#8243;][vc_column_text]Sabl\u00e9-sur-Sarthe, Frankreich Gamma[\/vc_column_text][\/vc_column][vc_column width=&#8221;1\/5&#8243;][\/vc_column][\/vc_row][vc_row][vc_column width=&#8221;1\/1&#8243;][\/vc_column][\/vc_row][vc_row][vc_column width=&#8221;1\/5&#8243;][vc_column_text]Tallinn, Estland Gamma[\/vc_column_text][\/vc_column][vc_column width=&#8221;1\/5&#8243;][\/vc_column][vc_column width=&#8221;1\/5&#8243;][\/vc_column][vc_column width=&#8221;1\/5&#8243;][vc_column_text]Taranc\u00f3n, Spanien Ebeam[\/vc_column_text][\/vc_column][vc_column width=&#8221;1\/5&#8243;][\/vc_column][\/vc_row][vc_row][vc_column width=&#8221;1\/1&#8243;][\/vc_column][\/vc_row]<\/p>\n","protected":false},"author":1,"featured_media":21472,"parent":0,"menu_order":0,"comment_status":"closed","ping_status":"closed","template":"","meta":{"inline_featured_image":false,"footnotes":""},"class_list":["post-16112","page","type-page","status-publish","has-post-thumbnail","hentry"],"yoast_head":"<!-- This site is optimized with the Yoast SEO plugin v26.3 - https:\/\/yoast.com\/wordpress\/plugins\/seo\/ -->\n<title>Firmenlinks - Ionisos<\/title>\n<meta name=\"description\" content=\"Die IONISOS-Gruppe besteht aus vier Technologien, die auf 11 Industriestandorte in Frankreich, Spanien, Deutschland, Estland und der Schweiz verteilt sind.\" \/>\n<meta name=\"robots\" content=\"index, follow, max-snippet:-1, max-image-preview:large, max-video-preview:-1\" \/>\n<link rel=\"canonical\" href=\"https:\/\/www.ionisos.com\/de\/firmenlinks\/\" \/>\n<meta property=\"og:locale\" content=\"de_DE\" \/>\n<meta property=\"og:type\" content=\"article\" \/>\n<meta property=\"og:title\" content=\"Firmenlinks - Ionisos\" \/>\n<meta property=\"og:description\" content=\"Die IONISOS-Gruppe besteht aus vier Technologien, die auf 11 Industriestandorte in Frankreich, Spanien, Deutschland, Estland und der Schweiz verteilt sind.\" \/>\n<meta property=\"og:url\" content=\"https:\/\/www.ionisos.com\/de\/firmenlinks\/\" \/>\n<meta property=\"og:site_name\" content=\"Ionisos\" \/>\n<meta property=\"article:modified_time\" content=\"2025-10-17T09:22:01+00:00\" \/>\n<meta property=\"og:image\" content=\"https:\/\/www.ionisos.com\/wp-content\/uploads\/2021\/03\/exterieur-IONISOS-reduit-2.jpg\" \/>\n\t<meta property=\"og:image:width\" content=\"892\" \/>\n\t<meta property=\"og:image:height\" content=\"647\" \/>\n\t<meta property=\"og:image:type\" content=\"image\/jpeg\" \/>\n<meta name=\"twitter:card\" content=\"summary_large_image\" \/>\n<meta name=\"twitter:label1\" content=\"Gesch\u00e4tzte Lesezeit\" \/>\n\t<meta name=\"twitter:data1\" content=\"2\u00a0Minuten\" \/>\n<script type=\"application\/ld+json\" class=\"yoast-schema-graph\">{\"@context\":\"https:\/\/schema.org\",\"@graph\":[{\"@type\":\"WebPage\",\"@id\":\"https:\/\/www.ionisos.com\/de\/firmenlinks\/\",\"url\":\"https:\/\/www.ionisos.com\/de\/firmenlinks\/\",\"name\":\"Firmenlinks - Ionisos\",\"isPartOf\":{\"@id\":\"https:\/\/www.ionisos.com\/#website\"},\"primaryImageOfPage\":{\"@id\":\"https:\/\/www.ionisos.com\/de\/firmenlinks\/#primaryimage\"},\"image\":{\"@id\":\"https:\/\/www.ionisos.com\/de\/firmenlinks\/#primaryimage\"},\"thumbnailUrl\":\"https:\/\/www.ionisos.com\/wp-content\/uploads\/2021\/03\/exterieur-IONISOS-reduit-2.jpg\",\"datePublished\":\"2017-05-22T12:58:03+00:00\",\"dateModified\":\"2025-10-17T09:22:01+00:00\",\"description\":\"Die IONISOS-Gruppe besteht aus vier Technologien, die auf 11 Industriestandorte in Frankreich, Spanien, Deutschland, Estland und der Schweiz verteilt sind.\",\"breadcrumb\":{\"@id\":\"https:\/\/www.ionisos.com\/de\/firmenlinks\/#breadcrumb\"},\"inLanguage\":\"de\",\"potentialAction\":[{\"@type\":\"ReadAction\",\"target\":[\"https:\/\/www.ionisos.com\/de\/firmenlinks\/\"]}]},{\"@type\":\"ImageObject\",\"inLanguage\":\"de\",\"@id\":\"https:\/\/www.ionisos.com\/de\/firmenlinks\/#primaryimage\",\"url\":\"https:\/\/www.ionisos.com\/wp-content\/uploads\/2021\/03\/exterieur-IONISOS-reduit-2.jpg\",\"contentUrl\":\"https:\/\/www.ionisos.com\/wp-content\/uploads\/2021\/03\/exterieur-IONISOS-reduit-2.jpg\",\"width\":892,\"height\":647},{\"@type\":\"BreadcrumbList\",\"@id\":\"https:\/\/www.ionisos.com\/de\/firmenlinks\/#breadcrumb\",\"itemListElement\":[{\"@type\":\"ListItem\",\"position\":1,\"name\":\"Accueil\",\"item\":\"https:\/\/www.ionisos.com\/de\/\"},{\"@type\":\"ListItem\",\"position\":2,\"name\":\"Firmenlinks\"}]},{\"@type\":\"WebSite\",\"@id\":\"https:\/\/www.ionisos.com\/#website\",\"url\":\"https:\/\/www.ionisos.com\/\",\"name\":\"Ionisos\",\"description\":\"Ionisation par \u00e9lectrons acc\u00e9l\u00e9r\u00e9s, rayons gamma, rayons X et oxyde d&#039;\u00e9thyl\u00e8ne\",\"potentialAction\":[{\"@type\":\"SearchAction\",\"target\":{\"@type\":\"EntryPoint\",\"urlTemplate\":\"https:\/\/www.ionisos.com\/?s={search_term_string}\"},\"query-input\":{\"@type\":\"PropertyValueSpecification\",\"valueRequired\":true,\"valueName\":\"search_term_string\"}}],\"inLanguage\":\"de\"}]}<\/script>\n<!-- \/ Yoast SEO plugin. -->","yoast_head_json":{"title":"Firmenlinks - Ionisos","description":"Die IONISOS-Gruppe besteht aus vier Technologien, die auf 11 Industriestandorte in Frankreich, Spanien, Deutschland, Estland und der Schweiz verteilt sind.","robots":{"index":"index","follow":"follow","max-snippet":"max-snippet:-1","max-image-preview":"max-image-preview:large","max-video-preview":"max-video-preview:-1"},"canonical":"https:\/\/www.ionisos.com\/de\/firmenlinks\/","og_locale":"de_DE","og_type":"article","og_title":"Firmenlinks - Ionisos","og_description":"Die IONISOS-Gruppe besteht aus vier Technologien, die auf 11 Industriestandorte in Frankreich, Spanien, Deutschland, Estland und der Schweiz verteilt sind.","og_url":"https:\/\/www.ionisos.com\/de\/firmenlinks\/","og_site_name":"Ionisos","article_modified_time":"2025-10-17T09:22:01+00:00","og_image":[{"width":892,"height":647,"url":"https:\/\/www.ionisos.com\/wp-content\/uploads\/2021\/03\/exterieur-IONISOS-reduit-2.jpg","type":"image\/jpeg"}],"twitter_card":"summary_large_image","twitter_misc":{"Gesch\u00e4tzte Lesezeit":"2\u00a0Minuten"},"schema":{"@context":"https:\/\/schema.org","@graph":[{"@type":"WebPage","@id":"https:\/\/www.ionisos.com\/de\/firmenlinks\/","url":"https:\/\/www.ionisos.com\/de\/firmenlinks\/","name":"Firmenlinks - Ionisos","isPartOf":{"@id":"https:\/\/www.ionisos.com\/#website"},"primaryImageOfPage":{"@id":"https:\/\/www.ionisos.com\/de\/firmenlinks\/#primaryimage"},"image":{"@id":"https:\/\/www.ionisos.com\/de\/firmenlinks\/#primaryimage"},"thumbnailUrl":"https:\/\/www.ionisos.com\/wp-content\/uploads\/2021\/03\/exterieur-IONISOS-reduit-2.jpg","datePublished":"2017-05-22T12:58:03+00:00","dateModified":"2025-10-17T09:22:01+00:00","description":"Die IONISOS-Gruppe besteht aus vier Technologien, die auf 11 Industriestandorte in Frankreich, Spanien, Deutschland, Estland und der Schweiz verteilt sind.","breadcrumb":{"@id":"https:\/\/www.ionisos.com\/de\/firmenlinks\/#breadcrumb"},"inLanguage":"de","potentialAction":[{"@type":"ReadAction","target":["https:\/\/www.ionisos.com\/de\/firmenlinks\/"]}]},{"@type":"ImageObject","inLanguage":"de","@id":"https:\/\/www.ionisos.com\/de\/firmenlinks\/#primaryimage","url":"https:\/\/www.ionisos.com\/wp-content\/uploads\/2021\/03\/exterieur-IONISOS-reduit-2.jpg","contentUrl":"https:\/\/www.ionisos.com\/wp-content\/uploads\/2021\/03\/exterieur-IONISOS-reduit-2.jpg","width":892,"height":647},{"@type":"BreadcrumbList","@id":"https:\/\/www.ionisos.com\/de\/firmenlinks\/#breadcrumb","itemListElement":[{"@type":"ListItem","position":1,"name":"Accueil","item":"https:\/\/www.ionisos.com\/de\/"},{"@type":"ListItem","position":2,"name":"Firmenlinks"}]},{"@type":"WebSite","@id":"https:\/\/www.ionisos.com\/#website","url":"https:\/\/www.ionisos.com\/","name":"Ionisos","description":"Ionisation par \u00e9lectrons acc\u00e9l\u00e9r\u00e9s, rayons gamma, rayons X et oxyde d&#039;\u00e9thyl\u00e8ne","potentialAction":[{"@type":"SearchAction","target":{"@type":"EntryPoint","urlTemplate":"https:\/\/www.ionisos.com\/?s={search_term_string}"},"query-input":{"@type":"PropertyValueSpecification","valueRequired":true,"valueName":"search_term_string"}}],"inLanguage":"de"}]}},"_links":{"self":[{"href":"https:\/\/www.ionisos.com\/de\/wp-json\/wp\/v2\/pages\/16112","targetHints":{"allow":["GET"]}}],"collection":[{"href":"https:\/\/www.ionisos.com\/de\/wp-json\/wp\/v2\/pages"}],"about":[{"href":"https:\/\/www.ionisos.com\/de\/wp-json\/wp\/v2\/types\/page"}],"author":[{"embeddable":true,"href":"https:\/\/www.ionisos.com\/de\/wp-json\/wp\/v2\/users\/1"}],"replies":[{"embeddable":true,"href":"https:\/\/www.ionisos.com\/de\/wp-json\/wp\/v2\/comments?post=16112"}],"version-history":[{"count":21,"href":"https:\/\/www.ionisos.com\/de\/wp-json\/wp\/v2\/pages\/16112\/revisions"}],"predecessor-version":[{"id":27480,"href":"https:\/\/www.ionisos.com\/de\/wp-json\/wp\/v2\/pages\/16112\/revisions\/27480"}],"wp:featuredmedia":[{"embeddable":true,"href":"https:\/\/www.ionisos.com\/de\/wp-json\/wp\/v2\/media\/21472"}],"wp:attachment":[{"href":"https:\/\/www.ionisos.com\/de\/wp-json\/wp\/v2\/media?parent=16112"}],"curies":[{"name":"wp","href":"https:\/\/api.w.org\/{rel}","templated":true}]}}