 {"id":16110,"date":"2017-11-13T23:50:10","date_gmt":"2017-11-13T22:50:10","guid":{"rendered":"https:\/\/www.ionisos.com\/?page_id=16110\/"},"modified":"2025-02-25T15:55:36","modified_gmt":"2025-02-25T14:55:36","slug":"unsere-geschichte","status":"publish","type":"page","link":"https:\/\/www.ionisos.com\/de\/das-unternehmen\/unsere-geschichte\/","title":{"rendered":"Unsere Geschichte"},"content":{"rendered":"<p>[vc_row bg_image=&#8221;24450&#8243; bg_repeat=&#8221;no-repeat&#8221; text_color=&#8221;light&#8221; text_align=&#8221;center&#8221; top_padding=&#8221;100&#8243; bottom_padding=&#8221;100&#8243;][vc_column width=&#8221;1\/1&#8243;]<h1 class=\"headline font-special fontsize-xxxl fontweight-inherit lh-inherit align-center transform-uppercase \" style=\"margin: 0;\">Unsere <strong>Geschichte<\/strong><\/h1>[\/vc_column][\/vc_row][vc_row text_align=&#8221;center&#8221;][vc_column width=&#8221;1\/1&#8243;]<div class=\"spacer\" style=\"height: 40px;\"><\/div>[vc_column_text]<\/p>\n<p style=\"text-align: center;\"><span style=\"font-family: Abel; font-size: 25px;\">Ionisos ist seit <strong>mehr als 60 Jahren<\/strong> auf <strong>Sterilisation<\/strong> und <strong>Vernetzung<\/strong> spezialisiert<\/span><\/p>\n<p>[\/vc_column_text][\/vc_column][\/vc_row][vc_row][vc_column width=&#8221;1\/1&#8243;]<div class=\"spacer\" style=\"height: 40px;\"><\/div>[\/vc_column][\/vc_row][vc_row][vc_column width=&#8221;1\/4&#8243;][vc_column_text]<\/p>\n<h2><span style=\"color: #333399;\"><strong>1956<\/strong><\/span><\/h2>\n<p>[\/vc_column_text][\/vc_column][vc_column width=&#8221;3\/4&#8243;]<div class=\"minti_list wpb_content_element color-grey circle\" style=\"\">\n<ul>\n<li>Gr\u00fcndung des <b><i>Centre Lyonnais d&#8217;Application Atomique<\/i><\/b>, des weltweit ersten Unternehmens im Bereich der Behandlung von Produkten mit ionisierender Strahlung.<\/li>\n<\/ul>\n<\/div>[\/vc_column][\/vc_row][vc_row][vc_column width=&#8221;1\/1&#8243;]<div class=\"spacer\" style=\"height: 40px;\"><\/div>[\/vc_column][\/vc_row][vc_row][vc_column width=&#8221;1\/4&#8243;][vc_column_text]<\/p>\n<h2><span style=\"color: #333399;\"><strong>1958<\/strong><\/span><\/h2>\n<p>[\/vc_column_text][\/vc_column][vc_column width=&#8221;3\/4&#8243;]<div class=\"minti_list wpb_content_element color-grey circle\" style=\"\">\n<ul>\n<li>Verordnung der Pr\u00e4fektur Ain, die die Gr\u00fcndung der ersten Gamma-Sterilisationsanlage in Dagneux genehmigt.<\/li>\n<\/ul>\n<\/div>[\/vc_column][\/vc_row][vc_row][vc_column width=&#8221;1\/1&#8243;]<div class=\"spacer\" style=\"height: 40px;\"><\/div>[\/vc_column][\/vc_row][vc_row][vc_column width=&#8221;1\/4&#8243;][vc_column_text]<\/p>\n<h2><span style=\"color: #333399;\"><strong>1961<\/strong><\/span><\/h2>\n<p>[\/vc_column_text][\/vc_column][vc_column width=&#8221;3\/4&#8243;]<div class=\"minti_list wpb_content_element color-grey circle\" style=\"\">\n<ul>\n<li>Das <b><i>Centre Lyonnais d&#8217;Application<\/i><\/b><strong><i>Atomique<\/i><\/strong> wird zu <b><i>Conservatome.<\/i><\/b><\/li>\n<li>Er\u00f6ffnung der Sterilisationsanlage in Dagneux (D1).<\/li>\n<\/ul>\n<\/div>[\/vc_column][\/vc_row][vc_row][vc_column width=&#8221;1\/1&#8243;]<div class=\"spacer\" style=\"height: 40px;\"><\/div>[\/vc_column][\/vc_row][vc_row][vc_column width=&#8221;1\/4&#8243;][vc_column_text]<\/p>\n<h2><span style=\"color: #333399;\"><strong>1962<\/strong><\/span><\/h2>\n<p>[\/vc_column_text][\/vc_column][vc_column width=&#8221;3\/4&#8243;]<div class=\"minti_list wpb_content_element color-grey circle\" style=\"\">\n<ul>\n<li>Er\u00f6ffnung einer zweiten Sterilisationsanlage in Dagneux (D2).<\/li>\n<\/ul>\n<\/div>[\/vc_column][\/vc_row][vc_row][vc_column width=&#8221;1\/1&#8243;]<div class=\"spacer\" style=\"height: 40px;\"><\/div>[\/vc_column][\/vc_row][vc_row][vc_column width=&#8221;1\/4&#8243;][vc_column_text]<\/p>\n<h2><span style=\"color: #333399;\"><strong>1972<\/strong><\/span><\/h2>\n<p>[\/vc_column_text][\/vc_column][vc_column width=&#8221;3\/4&#8243;]<div class=\"minti_list wpb_content_element color-grey circle\" style=\"\">\n<ul>\n<li>Er\u00f6ffnung einer dritten Sterilisationsanlage mit deutlich erh\u00f6hter Kapazit\u00e4t (D3).<\/li>\n<\/ul>\n<\/div>[\/vc_column][\/vc_row][vc_row][vc_column width=&#8221;1\/1&#8243;]<div class=\"spacer\" style=\"height: 40px;\"><\/div>[\/vc_column][\/vc_row][vc_row][vc_column width=&#8221;1\/4&#8243;][vc_column_text]<\/p>\n<h2><span style=\"color: #333399;\"><strong>1978<\/strong><\/span><\/h2>\n<p>[\/vc_column_text][\/vc_column][vc_column width=&#8221;3\/4&#8243;]<div class=\"minti_list wpb_content_element color-grey circle\" style=\"\">\n<ul>\n<li>Verordnung, die das Unternehmen <b><i>Conservatome<\/i><\/b> autorisiert, die maximale Aktivit\u00e4t der Bestrahlungsquelle der Anlage mit dem Namen D3 zu erh\u00f6hen.<\/li>\n<\/ul>\n<\/div>[\/vc_column][\/vc_row][vc_row][vc_column width=&#8221;1\/1&#8243;]<div class=\"spacer\" style=\"height: 40px;\"><\/div>[\/vc_column][\/vc_row][vc_row][vc_column width=&#8221;1\/4&#8243;][vc_column_text]<\/p>\n<h2><span style=\"color: #333399;\"><strong>1992<\/strong><\/span><\/h2>\n<p>[\/vc_column_text][\/vc_column][vc_column width=&#8221;3\/4&#8243;]<div class=\"minti_list wpb_content_element color-grey circle\" style=\"\">\n<ul>\n<li>Er\u00f6ffnung einer neuen Gamma-Sterilisationsanlage in <strong>Sabl\u00e9-sur-Sarthe<\/strong>.<\/li>\n<\/ul>\n<\/div>[\/vc_column][\/vc_row][vc_row][vc_column width=&#8221;1\/1&#8243;]<div class=\"spacer\" style=\"height: 40px;\"><\/div>[\/vc_column][\/vc_row][vc_row][vc_column width=&#8221;1\/4&#8243;][vc_column_text]<\/p>\n<h2><span style=\"color: #333399;\"><strong>1993<\/strong><\/span><\/h2>\n<p>[\/vc_column_text][\/vc_column][vc_column width=&#8221;3\/4&#8243;]<div class=\"minti_list wpb_content_element color-grey circle\" style=\"\">\n<ul>\n<li>Gr\u00fcndung der <b><i>Gruppe<\/i><\/b> <b>Ionisos<\/b> nach der Fusion von <b><i>Conservatome<\/i><\/b> mit <i>AMPHYTRION<\/i>, dessen Anlage in Pouzauges, die 1989 in Betrieb genommen wurde, die erste in Europa war, die f\u00fcr den Agrar- und Lebensmittelsektor gebaut wurde.<\/li>\n<\/ul>\n<\/div>[\/vc_column][\/vc_row][vc_row][vc_column width=&#8221;1\/1&#8243;]<div class=\"spacer\" style=\"height: 40px;\"><\/div>[\/vc_column][\/vc_row][vc_row][vc_column width=&#8221;1\/4&#8243;][vc_column_text]<\/p>\n<h2><span style=\"color: #333399;\"><strong>1997<\/strong><\/span><\/h2>\n<p>[\/vc_column_text][\/vc_column][vc_column width=&#8221;3\/4&#8243;]<div class=\"minti_list wpb_content_element color-grey circle\" style=\"\">\n<ul>\n<li>Die Gruppe Ionisos erwirbt das Unternehmen <i>CARIC<\/i> in <strong>Chaumesnil<\/strong>, um von einer zweiten Technologie im Bereich ionisierende Strahlung zu profitieren: beschleunigte Elektronen (Beta-Behandlung, auch als <em>ebeam<\/em> bezeichnet).<\/li>\n<\/ul>\n<\/div>[\/vc_column][\/vc_row][vc_row][vc_column width=&#8221;1\/1&#8243;]<div class=\"spacer\" style=\"height: 40px;\"><\/div>[\/vc_column][\/vc_row][vc_row][vc_column width=&#8221;1\/4&#8243;][vc_column_text]<\/p>\n<h2><span style=\"color: #333399;\"><strong>2004<\/strong><\/span><\/h2>\n<p>[\/vc_column_text][\/vc_column][vc_column width=&#8221;3\/4&#8243;]<div class=\"minti_list wpb_content_element color-grey circle\" style=\"\">\n<ul>\n<li>Die Gruppe Ionisos erweitert ihr Sterilisationsportfolio um eine dritte Technologie, indem sie ihre erste Ethylenoxid-Behandlungsanlage in <strong>Gien<\/strong> durch ihre Tochtergesellschaft <i>STERYLENE<\/i> er\u00f6ffnet.<\/li>\n<\/ul>\n<\/div>[\/vc_column][\/vc_row][vc_row][vc_column width=&#8221;1\/1&#8243;]<div class=\"spacer\" style=\"height: 40px;\"><\/div>[\/vc_column][\/vc_row][vc_row][vc_column width=&#8221;1\/4&#8243;][vc_column_text]<\/p>\n<h2><span style=\"color: #333399;\"><strong>2007<\/strong><\/span><\/h2>\n<p>[\/vc_column_text][\/vc_column][vc_column width=&#8221;3\/4&#8243;]<div class=\"minti_list wpb_content_element color-grey circle\" style=\"\">\n<ul>\n<li>Ionisos startet seine europ\u00e4ische Expansion durch den Erwerb des Unternehmens <i>IONMED<\/i>, Spezialist f\u00fcr Beta-Behandlungen in <strong>Spanien<\/strong>.<\/li>\n<\/ul>\n<\/div>[\/vc_column][\/vc_row][vc_row][vc_column width=&#8221;1\/1&#8243;]<div class=\"spacer\" style=\"height: 40px;\"><\/div>[\/vc_column][\/vc_row][vc_row][vc_column width=&#8221;1\/4&#8243;][vc_column_text]<\/p>\n<h2><span style=\"color: #333399;\"><strong>2016<\/strong><\/span><\/h2>\n<p>[\/vc_column_text][\/vc_column][vc_column width=&#8221;3\/4&#8243;]<div class=\"minti_list wpb_content_element color-grey circle\" style=\"\">\n<ul>\n<li>Ionisos setzt seine europ\u00e4ische Expansion fort, indem es das Unternehmen <i>IONISOS GmbH<\/i> (ehemals <i>LEONI STUDER GmbH<\/i>) mit Sitz in Bautzen in <strong>Deutschland<\/strong> integriert, das auf Vernetzung spezialisiert ist.<\/li>\n<\/ul>\n<\/div>[\/vc_column][\/vc_row][vc_row][vc_column width=&#8221;1\/1&#8243;]<div class=\"spacer\" style=\"height: 40px;\"><\/div>[\/vc_column][\/vc_row][vc_row][vc_column width=&#8221;1\/4&#8243;][vc_column_text]<\/p>\n<h2><span style=\"color: #333399;\"><strong>2017<\/strong><\/span><\/h2>\n<p>[\/vc_column_text][\/vc_column][vc_column width=&#8221;3\/4&#8243;]<div class=\"minti_list wpb_content_element color-grey circle\" style=\"\">\n<ul>\n<li>Ionisos verst\u00e4rkt seine Position auf dem franz\u00f6sischen Markt durch die Integration des Unternehmens <i>STERMED<\/i>, das sich in der N\u00e4he von Lyon befindet und auf die Behandlung mit <strong>Ethylenoxid<\/strong> spezialisiert ist.<\/li>\n<li>Ionisos k\u00fcndigt den Erwerb von <em>Scandinavian Clinics Estonia<\/em> an. Gegr\u00fcndet im Jahr 2005 und ans\u00e4ssig im Landkreis Harju in <strong>Estland<\/strong>, ist Scandinavian Clinics Estonia der baltische Spezialist f\u00fcr Gamma-Sterilisation.<\/li>\n<\/ul>\n<\/div>[\/vc_column][\/vc_row][vc_row][vc_column width=&#8221;1\/1&#8243;]<div class=\"spacer\" style=\"height: 40px;\"><\/div>[\/vc_column][\/vc_row][vc_row][vc_column width=&#8221;1\/4&#8243;][vc_column_text]<\/p>\n<h2><span style=\"color: #333399;\"><strong>2018-2019<\/strong><\/span><\/h2>\n<p>[\/vc_column_text][\/vc_column][vc_column width=&#8221;3\/4&#8243;]<div class=\"minti_list wpb_content_element color-grey circle\" style=\"\">\n<ul>\n<li><em><strong>Sabl\u00e9-sur-Sarthe<\/strong><\/em>: Erh\u00f6hung der Lagerkapazit\u00e4ten f\u00fcr behandelte und unbehandelte Produkte, Verbesserung der logistischen Abl\u00e4ufe.<\/li>\n<\/ul>\n<\/div>[\/vc_column][\/vc_row][vc_row][vc_column width=&#8221;1\/1&#8243;]<div class=\"spacer\" style=\"height: 40px;\"><\/div>[\/vc_column][\/vc_row][vc_row][vc_column width=&#8221;1\/4&#8243;][vc_column_text]<\/p>\n<h2><span style=\"color: #333399;\"><strong>2020<\/strong><\/span><\/h2>\n<p>[\/vc_column_text][\/vc_column][vc_column width=&#8221;3\/4&#8243;]<div class=\"minti_list wpb_content_element color-grey circle\" style=\"\">\n<ul>\n<li><em><strong>Estland<\/strong><\/em>: Erh\u00f6hung der Lagerkapazit\u00e4t vor Ort.<\/li>\n<\/ul>\n<\/div>[\/vc_column][\/vc_row][vc_row][vc_column width=&#8221;1\/1&#8243;]<div class=\"spacer\" style=\"height: 40px;\"><\/div>[\/vc_column][\/vc_row][vc_row][vc_column width=&#8221;1\/4&#8243;][vc_column_text]<\/p>\n<h2><span style=\"color: #333399;\"><strong>2023<\/strong><\/span><\/h2>\n<p>[\/vc_column_text][\/vc_column][vc_column width=&#8221;3\/4&#8243;]<div class=\"minti_list wpb_content_element color-grey circle\" style=\"\">\n<ul>\n<li>Ionisos setzt sein europ\u00e4isches Wachstum fort, indem es durch eine Carve-out-Transaktion einen Teil der Beta-Sterilisations- und Vernetzungsaktivit\u00e4ten des Unternehmens Studer Cable, mit Sitz in D\u00e4niken in <strong>Schweiz<\/strong>, integriert.<\/li>\n<li>Die Gr\u00fcndung der ersten Ionisos-Anlage, die die <strong>R\u00f6ntgenstrahl<\/strong>-Technologie nutzt, wird in Frankreich, in Henriville, gestartet.<\/li>\n<\/ul>\n<\/div>[\/vc_column][\/vc_row][vc_row][vc_column width=&#8221;1\/1&#8243;][\/vc_column][\/vc_row][vc_row][vc_column width=&#8221;1\/1&#8243;]<div class=\"spacer\" style=\"height: 40px;\"><\/div>[\/vc_column][\/vc_row][vc_row bg_color=&#8221;#f4f4f4&#8243; top_padding=&#8221;50&#8243; bottom_padding=&#8221;50&#8243; bg_position=&#8221;center center&#8221;][vc_column width=&#8221;1\/4&#8243;]<div class=\"counter clearfix wpb_content_element\"><div class=\"counter-number\" style=\"color:  !important;\">11<\/div><span class=\"counter-title\">Produktionsstandorte<\/span><\/div>[\/vc_column][vc_column width=&#8221;1\/4&#8243;]<div class=\"counter clearfix wpb_content_element\"><div class=\"counter-number\" style=\"color:  !important;\">280<\/div><span class=\"counter-title\">Mitarbeiter<\/span><\/div>[\/vc_column][vc_column width=&#8221;1\/4&#8243;]<div class=\"counter clearfix wpb_content_element\"><div class=\"counter-number\" style=\"color:  !important;\">5<\/div><span class=\"counter-title\">L\u00e4nder weltweit<\/span><\/div>[\/vc_column][vc_column width=&#8221;1\/4&#8243;]<div class=\"counter clearfix wpb_content_element\"><div class=\"counter-number\" style=\"color:  !important;\">1956<\/div><span class=\"counter-title\">Gr\u00fcndungsjahr<\/span><\/div>[\/vc_column][\/vc_row][vc_row bg_color=&#8221;#0b2677&#8243; text_color=&#8221;light&#8221; text_align=&#8221;center&#8221; top_padding=&#8221;40&#8243; bottom_padding=&#8221;40&#8243;][vc_column width=&#8221;2\/3&#8243;]<div class=\"spacer\" style=\"height: 5px;\"><\/div>[vc_column_text]<\/p>\n<h3 style=\"text-align: left;\">Weitere Informationen \u00fcber die Ionisos-Gruppe<\/h3>\n<p>[\/vc_column_text][\/vc_column][vc_column width=&#8221;1\/3&#8243;]<a href=\"\/die-gruppe\/\" target=\"_self\" class=\"button color-8 medium \" style=\"border-radius: 2px;\">Ionisos<\/a>[\/vc_column][\/vc_row]<\/p>\n","protected":false},"excerpt":{"rendered":"<p>[vc_row bg_image=&#8221;24450&#8243; bg_repeat=&#8221;no-repeat&#8221; text_color=&#8221;light&#8221; text_align=&#8221;center&#8221; top_padding=&#8221;100&#8243; bottom_padding=&#8221;100&#8243;][vc_column width=&#8221;1\/1&#8243;][\/vc_column][\/vc_row][vc_row text_align=&#8221;center&#8221;][vc_column width=&#8221;1\/1&#8243;][vc_column_text] Ionisos ist seit mehr als 60 Jahren auf Sterilisation und Vernetzung spezialisiert [\/vc_column_text][\/vc_column][\/vc_row][vc_row][vc_column width=&#8221;1\/1&#8243;][\/vc_column][\/vc_row][vc_row][vc_column width=&#8221;1\/4&#8243;][vc_column_text] 1956 [\/vc_column_text][\/vc_column][vc_column width=&#8221;3\/4&#8243;][\/vc_column][\/vc_row][vc_row][vc_column width=&#8221;1\/1&#8243;][\/vc_column][\/vc_row][vc_row][vc_column width=&#8221;1\/4&#8243;][vc_column_text] 1958 [\/vc_column_text][\/vc_column][vc_column width=&#8221;3\/4&#8243;][\/vc_column][\/vc_row][vc_row][vc_column width=&#8221;1\/1&#8243;][\/vc_column][\/vc_row][vc_row][vc_column width=&#8221;1\/4&#8243;][vc_column_text] 1961 [\/vc_column_text][\/vc_column][vc_column width=&#8221;3\/4&#8243;][\/vc_column][\/vc_row][vc_row][vc_column width=&#8221;1\/1&#8243;][\/vc_column][\/vc_row][vc_row][vc_column width=&#8221;1\/4&#8243;][vc_column_text] 1962 [\/vc_column_text][\/vc_column][vc_column width=&#8221;3\/4&#8243;][\/vc_column][\/vc_row][vc_row][vc_column width=&#8221;1\/1&#8243;][\/vc_column][\/vc_row][vc_row][vc_column width=&#8221;1\/4&#8243;][vc_column_text] 1972 [\/vc_column_text][\/vc_column][vc_column width=&#8221;3\/4&#8243;][\/vc_column][\/vc_row][vc_row][vc_column width=&#8221;1\/1&#8243;][\/vc_column][\/vc_row][vc_row][vc_column width=&#8221;1\/4&#8243;][vc_column_text] 1978 [\/vc_column_text][\/vc_column][vc_column width=&#8221;3\/4&#8243;][\/vc_column][\/vc_row][vc_row][vc_column width=&#8221;1\/1&#8243;][\/vc_column][\/vc_row][vc_row][vc_column width=&#8221;1\/4&#8243;][vc_column_text] 1992 [\/vc_column_text][\/vc_column][vc_column width=&#8221;3\/4&#8243;][\/vc_column][\/vc_row][vc_row][vc_column width=&#8221;1\/1&#8243;][\/vc_column][\/vc_row][vc_row][vc_column width=&#8221;1\/4&#8243;][vc_column_text] 1993 [\/vc_column_text][\/vc_column][vc_column width=&#8221;3\/4&#8243;][\/vc_column][\/vc_row][vc_row][vc_column width=&#8221;1\/1&#8243;][\/vc_column][\/vc_row][vc_row][vc_column width=&#8221;1\/4&#8243;][vc_column_text] 1997 [\/vc_column_text][\/vc_column][vc_column width=&#8221;3\/4&#8243;][\/vc_column][\/vc_row][vc_row][vc_column width=&#8221;1\/1&#8243;][\/vc_column][\/vc_row][vc_row][vc_column width=&#8221;1\/4&#8243;][vc_column_text] 2004 [\/vc_column_text][\/vc_column][vc_column width=&#8221;3\/4&#8243;][\/vc_column][\/vc_row][vc_row][vc_column width=&#8221;1\/1&#8243;][\/vc_column][\/vc_row][vc_row][vc_column width=&#8221;1\/4&#8243;][vc_column_text] 2007 [\/vc_column_text][\/vc_column][vc_column width=&#8221;3\/4&#8243;][\/vc_column][\/vc_row][vc_row][vc_column width=&#8221;1\/1&#8243;][\/vc_column][\/vc_row][vc_row][vc_column width=&#8221;1\/4&#8243;][vc_column_text] 2016 [\/vc_column_text][\/vc_column][vc_column width=&#8221;3\/4&#8243;][\/vc_column][\/vc_row][vc_row][vc_column width=&#8221;1\/1&#8243;][\/vc_column][\/vc_row][vc_row][vc_column width=&#8221;1\/4&#8243;][vc_column_text] 2017 [\/vc_column_text][\/vc_column][vc_column width=&#8221;3\/4&#8243;][\/vc_column][\/vc_row][vc_row][vc_column width=&#8221;1\/1&#8243;][\/vc_column][\/vc_row][vc_row][vc_column width=&#8221;1\/4&#8243;][vc_column_text] 2018-2019 [\/vc_column_text][\/vc_column][vc_column width=&#8221;3\/4&#8243;][\/vc_column][\/vc_row][vc_row][vc_column width=&#8221;1\/1&#8243;][\/vc_column][\/vc_row][vc_row][vc_column width=&#8221;1\/4&#8243;][vc_column_text] 2020 [\/vc_column_text][\/vc_column][vc_column width=&#8221;3\/4&#8243;][\/vc_column][\/vc_row][vc_row][vc_column width=&#8221;1\/1&#8243;][\/vc_column][\/vc_row][vc_row][vc_column width=&#8221;1\/4&#8243;][vc_column_text] 2023 [\/vc_column_text][\/vc_column][vc_column width=&#8221;3\/4&#8243;][\/vc_column][\/vc_row][vc_row][vc_column width=&#8221;1\/1&#8243;][\/vc_column][\/vc_row][vc_row][vc_column width=&#8221;1\/1&#8243;][\/vc_column][\/vc_row][vc_row bg_color=&#8221;#f4f4f4&#8243; top_padding=&#8221;50&#8243; bottom_padding=&#8221;50&#8243; bg_position=&#8221;center center&#8221;][vc_column width=&#8221;1\/4&#8243;][\/vc_column][vc_column width=&#8221;1\/4&#8243;][\/vc_column][vc_column width=&#8221;1\/4&#8243;][\/vc_column][vc_column width=&#8221;1\/4&#8243;][\/vc_column][\/vc_row][vc_row bg_color=&#8221;#0b2677&#8243; text_color=&#8221;light&#8221; text_align=&#8221;center&#8221; top_padding=&#8221;40&#8243; bottom_padding=&#8221;40&#8243;][vc_column width=&#8221;2\/3&#8243;][vc_column_text] Weitere Informationen \u00fcber die Ionisos-Gruppe [\/vc_column_text][\/vc_column][vc_column width=&#8221;1\/3&#8243;][\/vc_column][\/vc_row]<\/p>\n","protected":false},"author":1,"featured_media":0,"parent":16108,"menu_order":0,"comment_status":"closed","ping_status":"closed","template":"","meta":{"inline_featured_image":false,"footnotes":""},"class_list":["post-16110","page","type-page","status-publish","hentry"],"yoast_head":"<!-- This site is optimized with the Yoast SEO plugin v26.3 - https:\/\/yoast.com\/wordpress\/plugins\/seo\/ -->\n<title>IONISOS, Gamma-Sterilisation, Ebeam, R\u00f6ntgenstrahlen und Sterilisation mit Ethylenoxid<\/title>\n<meta name=\"description\" content=\"IONISOS, Spezialist f\u00fcr Gamma-Sterilisation, Ebeam, R\u00f6ntgenstrahlen und Ethylenoxid-Sterilisation, mit 12 Behandlungsstandorten in Frankreich und Europa. Entdecken Sie unser gesamtes Dienstleistungsangebot und unsere Vorteile.\" \/>\n<meta name=\"robots\" content=\"index, follow, max-snippet:-1, max-image-preview:large, max-video-preview:-1\" \/>\n<link rel=\"canonical\" href=\"https:\/\/www.ionisos.com\/de\/das-unternehmen\/unsere-geschichte\/\" \/>\n<meta property=\"og:locale\" content=\"de_DE\" \/>\n<meta property=\"og:type\" content=\"article\" \/>\n<meta property=\"og:title\" content=\"IONISOS, Gamma-Sterilisation, Ebeam, R\u00f6ntgenstrahlen und Sterilisation mit Ethylenoxid\" \/>\n<meta property=\"og:description\" content=\"IONISOS, Spezialist f\u00fcr Gamma-Sterilisation, Ebeam, R\u00f6ntgenstrahlen und Ethylenoxid-Sterilisation, mit 12 Behandlungsstandorten in Frankreich und Europa. Entdecken Sie unser gesamtes Dienstleistungsangebot und unsere Vorteile.\" \/>\n<meta property=\"og:url\" content=\"https:\/\/www.ionisos.com\/de\/das-unternehmen\/unsere-geschichte\/\" \/>\n<meta property=\"og:site_name\" content=\"Ionisos\" \/>\n<meta property=\"article:modified_time\" content=\"2025-02-25T14:55:36+00:00\" \/>\n<meta name=\"twitter:card\" content=\"summary_large_image\" \/>\n<meta name=\"twitter:label1\" content=\"Gesch\u00e4tzte Lesezeit\" \/>\n\t<meta name=\"twitter:data1\" content=\"3\u00a0Minuten\" \/>\n<script type=\"application\/ld+json\" class=\"yoast-schema-graph\">{\"@context\":\"https:\/\/schema.org\",\"@graph\":[{\"@type\":\"WebPage\",\"@id\":\"https:\/\/www.ionisos.com\/de\/das-unternehmen\/unsere-geschichte\/\",\"url\":\"https:\/\/www.ionisos.com\/de\/das-unternehmen\/unsere-geschichte\/\",\"name\":\"IONISOS, Gamma-Sterilisation, Ebeam, R\u00f6ntgenstrahlen und Sterilisation mit Ethylenoxid\",\"isPartOf\":{\"@id\":\"https:\/\/www.ionisos.com\/#website\"},\"datePublished\":\"2017-11-13T22:50:10+00:00\",\"dateModified\":\"2025-02-25T14:55:36+00:00\",\"description\":\"IONISOS, Spezialist f\u00fcr Gamma-Sterilisation, Ebeam, R\u00f6ntgenstrahlen und Ethylenoxid-Sterilisation, mit 12 Behandlungsstandorten in Frankreich und Europa. Entdecken Sie unser gesamtes Dienstleistungsangebot und unsere Vorteile.\",\"breadcrumb\":{\"@id\":\"https:\/\/www.ionisos.com\/de\/das-unternehmen\/unsere-geschichte\/#breadcrumb\"},\"inLanguage\":\"de\",\"potentialAction\":[{\"@type\":\"ReadAction\",\"target\":[\"https:\/\/www.ionisos.com\/de\/das-unternehmen\/unsere-geschichte\/\"]}]},{\"@type\":\"BreadcrumbList\",\"@id\":\"https:\/\/www.ionisos.com\/de\/das-unternehmen\/unsere-geschichte\/#breadcrumb\",\"itemListElement\":[{\"@type\":\"ListItem\",\"position\":1,\"name\":\"Accueil\",\"item\":\"https:\/\/www.ionisos.com\/de\/\"},{\"@type\":\"ListItem\",\"position\":2,\"name\":\"Ionisos\",\"item\":\"https:\/\/www.ionisos.com\/de\/das-unternehmen\/\"},{\"@type\":\"ListItem\",\"position\":3,\"name\":\"Unsere Geschichte\"}]},{\"@type\":\"WebSite\",\"@id\":\"https:\/\/www.ionisos.com\/#website\",\"url\":\"https:\/\/www.ionisos.com\/\",\"name\":\"Ionisos\",\"description\":\"Ionisation par \u00e9lectrons acc\u00e9l\u00e9r\u00e9s, rayons gamma, rayons X et oxyde d&#039;\u00e9thyl\u00e8ne\",\"potentialAction\":[{\"@type\":\"SearchAction\",\"target\":{\"@type\":\"EntryPoint\",\"urlTemplate\":\"https:\/\/www.ionisos.com\/?s={search_term_string}\"},\"query-input\":{\"@type\":\"PropertyValueSpecification\",\"valueRequired\":true,\"valueName\":\"search_term_string\"}}],\"inLanguage\":\"de\"}]}<\/script>\n<!-- \/ Yoast SEO plugin. -->","yoast_head_json":{"title":"IONISOS, Gamma-Sterilisation, Ebeam, R\u00f6ntgenstrahlen und Sterilisation mit Ethylenoxid","description":"IONISOS, Spezialist f\u00fcr Gamma-Sterilisation, Ebeam, R\u00f6ntgenstrahlen und Ethylenoxid-Sterilisation, mit 12 Behandlungsstandorten in Frankreich und Europa. Entdecken Sie unser gesamtes Dienstleistungsangebot und unsere Vorteile.","robots":{"index":"index","follow":"follow","max-snippet":"max-snippet:-1","max-image-preview":"max-image-preview:large","max-video-preview":"max-video-preview:-1"},"canonical":"https:\/\/www.ionisos.com\/de\/das-unternehmen\/unsere-geschichte\/","og_locale":"de_DE","og_type":"article","og_title":"IONISOS, Gamma-Sterilisation, Ebeam, R\u00f6ntgenstrahlen und Sterilisation mit Ethylenoxid","og_description":"IONISOS, Spezialist f\u00fcr Gamma-Sterilisation, Ebeam, R\u00f6ntgenstrahlen und Ethylenoxid-Sterilisation, mit 12 Behandlungsstandorten in Frankreich und Europa. Entdecken Sie unser gesamtes Dienstleistungsangebot und unsere Vorteile.","og_url":"https:\/\/www.ionisos.com\/de\/das-unternehmen\/unsere-geschichte\/","og_site_name":"Ionisos","article_modified_time":"2025-02-25T14:55:36+00:00","twitter_card":"summary_large_image","twitter_misc":{"Gesch\u00e4tzte Lesezeit":"3\u00a0Minuten"},"schema":{"@context":"https:\/\/schema.org","@graph":[{"@type":"WebPage","@id":"https:\/\/www.ionisos.com\/de\/das-unternehmen\/unsere-geschichte\/","url":"https:\/\/www.ionisos.com\/de\/das-unternehmen\/unsere-geschichte\/","name":"IONISOS, Gamma-Sterilisation, Ebeam, R\u00f6ntgenstrahlen und Sterilisation mit Ethylenoxid","isPartOf":{"@id":"https:\/\/www.ionisos.com\/#website"},"datePublished":"2017-11-13T22:50:10+00:00","dateModified":"2025-02-25T14:55:36+00:00","description":"IONISOS, Spezialist f\u00fcr Gamma-Sterilisation, Ebeam, R\u00f6ntgenstrahlen und Ethylenoxid-Sterilisation, mit 12 Behandlungsstandorten in Frankreich und Europa. Entdecken Sie unser gesamtes Dienstleistungsangebot und unsere Vorteile.","breadcrumb":{"@id":"https:\/\/www.ionisos.com\/de\/das-unternehmen\/unsere-geschichte\/#breadcrumb"},"inLanguage":"de","potentialAction":[{"@type":"ReadAction","target":["https:\/\/www.ionisos.com\/de\/das-unternehmen\/unsere-geschichte\/"]}]},{"@type":"BreadcrumbList","@id":"https:\/\/www.ionisos.com\/de\/das-unternehmen\/unsere-geschichte\/#breadcrumb","itemListElement":[{"@type":"ListItem","position":1,"name":"Accueil","item":"https:\/\/www.ionisos.com\/de\/"},{"@type":"ListItem","position":2,"name":"Ionisos","item":"https:\/\/www.ionisos.com\/de\/das-unternehmen\/"},{"@type":"ListItem","position":3,"name":"Unsere Geschichte"}]},{"@type":"WebSite","@id":"https:\/\/www.ionisos.com\/#website","url":"https:\/\/www.ionisos.com\/","name":"Ionisos","description":"Ionisation par \u00e9lectrons acc\u00e9l\u00e9r\u00e9s, rayons gamma, rayons X et oxyde d&#039;\u00e9thyl\u00e8ne","potentialAction":[{"@type":"SearchAction","target":{"@type":"EntryPoint","urlTemplate":"https:\/\/www.ionisos.com\/?s={search_term_string}"},"query-input":{"@type":"PropertyValueSpecification","valueRequired":true,"valueName":"search_term_string"}}],"inLanguage":"de"}]}},"_links":{"self":[{"href":"https:\/\/www.ionisos.com\/de\/wp-json\/wp\/v2\/pages\/16110","targetHints":{"allow":["GET"]}}],"collection":[{"href":"https:\/\/www.ionisos.com\/de\/wp-json\/wp\/v2\/pages"}],"about":[{"href":"https:\/\/www.ionisos.com\/de\/wp-json\/wp\/v2\/types\/page"}],"author":[{"embeddable":true,"href":"https:\/\/www.ionisos.com\/de\/wp-json\/wp\/v2\/users\/1"}],"replies":[{"embeddable":true,"href":"https:\/\/www.ionisos.com\/de\/wp-json\/wp\/v2\/comments?post=16110"}],"version-history":[{"count":17,"href":"https:\/\/www.ionisos.com\/de\/wp-json\/wp\/v2\/pages\/16110\/revisions"}],"predecessor-version":[{"id":26039,"href":"https:\/\/www.ionisos.com\/de\/wp-json\/wp\/v2\/pages\/16110\/revisions\/26039"}],"up":[{"embeddable":true,"href":"https:\/\/www.ionisos.com\/de\/wp-json\/wp\/v2\/pages\/16108"}],"wp:attachment":[{"href":"https:\/\/www.ionisos.com\/de\/wp-json\/wp\/v2\/media?parent=16110"}],"curies":[{"name":"wp","href":"https:\/\/api.w.org\/{rel}","templated":true}]}}