 {"id":16108,"date":"2017-11-13T23:50:10","date_gmt":"2017-11-13T22:50:10","guid":{"rendered":"https:\/\/www.ionisos.com\/?page_id=16108\/"},"modified":"2025-02-25T15:27:46","modified_gmt":"2025-02-25T14:27:46","slug":"das-unternehmen","status":"publish","type":"page","link":"https:\/\/www.ionisos.com\/de\/das-unternehmen\/","title":{"rendered":"Ionisos"},"content":{"rendered":"<p>[vc_row bg_image=&#8221;15459&#8243; bg_repeat=&#8221;no-repeat&#8221; text_color=&#8221;light&#8221; text_align=&#8221;center&#8221; top_padding=&#8221;100&#8243; bottom_padding=&#8221;100&#8243;][vc_column width=&#8221;1\/1&#8243;]<h1 class=\"headline font-special fontsize-xxxl fontweight-inherit lh-inherit align-center transform-uppercase \" style=\"margin: 0;\">Die <strong> Ionisos-Gruppe <\/strong><\/h1>[\/vc_column][\/vc_row][vc_row text_align=&#8221;center&#8221;][vc_column width=&#8221;1\/1&#8243;]<div class=\"spacer\" style=\"height: 40px;\"><\/div>[vc_column_text]<\/p>\n<p style=\"text-align: center;\"><span style=\"font-family: Abel; font-size: 25px;\">IONISOS ist Dienstleister f\u00fcr Kaltsterilisation <\/span><span style=\"font-family: Abel; font-size: 25px;\">mit <strong>vier komplement\u00e4ren Technologien<\/strong>:<\/span><\/p>\n<p>[\/vc_column_text][vc_column_text]<a href=\"\/de\/unsere-aktivitaeten\/x-ray-behandlung\/\" target=\"_self\" class=\"button custom medium \" style=\"background-color: #ea5045; border-color: #ea5045;border-radius: 2px;\">Elektronenstrahl<\/a><a href=\"\/de\/unsere-aktivitaeten\/gamma-bestrahlung\/\" target=\"_self\" class=\"button custom medium \" style=\"background-color: #5996d1; border-color: #5996d1;border-radius: 2px;\">Gamma-Strahlen<\/a><a href=\"https:\/\/www.ionisos.com\/de\/unsere-aktivitaeten\/x-ray-behandlung\/\" target=\"_self\" class=\"button custom medium \" style=\"background-color: #EF9E1C; border-color: #EF9E1C;border-radius: 2px;\">R\u00f6ntgenstrahlen<\/a><a href=\"https:\/\/www.ionisos.com\/de\/unsere-aktivitaeten\/ethylenoxid\/\" target=\"_self\" class=\"button custom medium \" style=\"background-color: #21b3aa; border-color: #21b3aa;border-radius: 2px;\">Ethylenoxid<\/a>[\/vc_column_text][\/vc_column][\/vc_row][vc_row][vc_column width=&#8221;1\/1&#8243;]<div class=\"spacer\" style=\"height: 60px;\"><\/div>[\/vc_column][\/vc_row][vc_row bg_position=&#8221;left top&#8221;][vc_column width=&#8221;1\/1&#8243;]<h2 class=\"headline font-special fontsize-l fontweight-700 lh-inherit align-center transform-uppercase \" style=\"margin: 0 0 40px 0;\">Ihre Hauptanwendungen sind :<\/h2>[vc_row_inner][vc_column_inner width=&#8221;1\/2&#8243;]<div class=\"iconbox  iconbox-style-8 icon-color-greyscale color-dark clearfix\"><h3>Sterilisieren<\/h3><i class=\"fa sl-drop boxicon\" style=\"\"><\/i><p><a href=\"\/nos-activites\/steriliser\/\" target=\"_self\" class=\"button color-1 small \" style=\"border-radius: 2px;\">Mehr erfahren<\/a>\n<\/p><\/div>[\/vc_column_inner][vc_column_inner width=&#8221;1\/2&#8243;]<div class=\"iconbox  iconbox-style-8 icon-color-greyscale color-dark clearfix\"><h3>Retikulieren<\/h3><i class=\"fa sl-layers boxicon\" style=\"\"><\/i><p><a href=\"\/de\/unsere-aktivitaeten\/vernetzen\/\" target=\"_self\" class=\"button color-1 small \" style=\"border-radius: 2px;\">Mehr erfahren<\/a><\/p><\/div>[\/vc_column_inner][\/vc_row_inner][\/vc_column][\/vc_row][vc_row][vc_column width=&#8221;1\/4&#8243;]<div class=\"single_image wpb_content_element align-left    \" data-animation=\"none\" data-delay=\"0\"><img loading=\"lazy\" decoding=\"async\" width=\"900\" height=\"500\" src=\"https:\/\/www.ionisos.com\/wp-content\/uploads\/2017\/03\/Probetas2014-1.jpg\" class=\"attachment-full\" alt=\"\" srcset=\"https:\/\/www.ionisos.com\/wp-content\/uploads\/2017\/03\/Probetas2014-1.jpg 900w, https:\/\/www.ionisos.com\/wp-content\/uploads\/2017\/03\/Probetas2014-1-300x167.jpg 300w, https:\/\/www.ionisos.com\/wp-content\/uploads\/2017\/03\/Probetas2014-1-768x427.jpg 768w, https:\/\/www.ionisos.com\/wp-content\/uploads\/2017\/03\/Probetas2014-1-200x111.jpg 200w\" sizes=\"auto, (max-width: 900px) 100vw, 900px\" \/><\/div>[\/vc_column][vc_column width=&#8221;3\/4&#8243;][vc_column_text]<\/p>\n<h4 style=\"text-align: left;\">Das Prinzip der Ionisation besteht darin, Materialien oder Rohstoffe zu sterilisieren, zu konservieren und zu desinfizieren, wodurch es zum Schutz der Umwelt und der Gesundheit beitr\u00e4gt.<\/h4>\n<h4 style=\"text-align: left;\">Die Ionisation ist seit 60 Jahren bekannt, ihre industrielle Entwicklung begann vor etwa zwanzig Jahren.<\/h4>\n<p style=\"text-align: left;\">Gamma-Photonen sowie beschleunigte Elektronen <strong>t\u00f6ten Bakterien, Hefen, Schimmelpilze, Pilze, Viren<\/strong> und <strong>garantieren die Sterilit\u00e4t<\/strong> des behandelten Produkts.<\/p>\n<p style=\"text-align: left;\">Die Ionisation erfolgt ohne Temperaturerh\u00f6hung oder Zugabe chemischer Zus\u00e4tze, durch die dichte Verpackung.<\/p>\n<p>[\/vc_column_text][\/vc_column][\/vc_row][vc_row][vc_column width=&#8221;1\/1&#8243;]<div class=\"spacer\" style=\"height: 40px;\"><\/div>[\/vc_column][\/vc_row][vc_row bg_color=&#8221;#0b2677&#8243; text_color=&#8221;light&#8221; text_align=&#8221;center&#8221; top_padding=&#8221;40&#8243; bottom_padding=&#8221;40&#8243;][vc_column width=&#8221;2\/3&#8243;]<div class=\"spacer\" style=\"height: 5px;\"><\/div>[vc_column_text]<\/p>\n<h3 style=\"text-align: left;\">Erfahren Sie mehr \u00fcber unser Ionisationsverfahren<\/h3>\n<p>[\/vc_column_text][\/vc_column][vc_column width=&#8221;1\/3&#8243;]<a href=\"\/de\/unsere-aktivitaeten\/\" target=\"_self\" class=\"button color-8 medium \" style=\"border-radius: 2px;\">Klicken Sie hier<\/a>[\/vc_column][\/vc_row]<\/p>\n","protected":false},"excerpt":{"rendered":"<p>[vc_row bg_image=&#8221;15459&#8243; bg_repeat=&#8221;no-repeat&#8221; text_color=&#8221;light&#8221; text_align=&#8221;center&#8221; top_padding=&#8221;100&#8243; bottom_padding=&#8221;100&#8243;][vc_column width=&#8221;1\/1&#8243;][\/vc_column][\/vc_row][vc_row text_align=&#8221;center&#8221;][vc_column width=&#8221;1\/1&#8243;][vc_column_text] IONISOS ist Dienstleister f\u00fcr Kaltsterilisation mit vier komplement\u00e4ren Technologien: [\/vc_column_text][vc_column_text][\/vc_column_text][\/vc_column][\/vc_row][vc_row][vc_column width=&#8221;1\/1&#8243;][\/vc_column][\/vc_row][vc_row bg_position=&#8221;left top&#8221;][vc_column width=&#8221;1\/1&#8243;][vc_row_inner][vc_column_inner width=&#8221;1\/2&#8243;][\/vc_column_inner][vc_column_inner width=&#8221;1\/2&#8243;][\/vc_column_inner][\/vc_row_inner][\/vc_column][\/vc_row][vc_row][vc_column width=&#8221;1\/4&#8243;][\/vc_column][vc_column width=&#8221;3\/4&#8243;][vc_column_text] Das Prinzip der Ionisation besteht darin, Materialien oder Rohstoffe zu sterilisieren, zu konservieren und zu desinfizieren, wodurch es zum Schutz der Umwelt und der Gesundheit beitr\u00e4gt. Die Ionisation ist seit 60 Jahren bekannt, ihre industrielle Entwicklung begann vor etwa zwanzig Jahren. Gamma-Photonen sowie beschleunigte Elektronen t\u00f6ten Bakterien, Hefen, Schimmelpilze, Pilze, Viren und garantieren die Sterilit\u00e4t des behandelten Produkts. Die Ionisation erfolgt ohne Temperaturerh\u00f6hung oder Zugabe chemischer Zus\u00e4tze, durch die dichte Verpackung. [\/vc_column_text][\/vc_column][\/vc_row][vc_row][vc_column width=&#8221;1\/1&#8243;][\/vc_column][\/vc_row][vc_row bg_color=&#8221;#0b2677&#8243; text_color=&#8221;light&#8221; text_align=&#8221;center&#8221; top_padding=&#8221;40&#8243; bottom_padding=&#8221;40&#8243;][vc_column width=&#8221;2\/3&#8243;][vc_column_text] Erfahren Sie mehr \u00fcber unser Ionisationsverfahren [\/vc_column_text][\/vc_column][vc_column width=&#8221;1\/3&#8243;][\/vc_column][\/vc_row]<\/p>\n","protected":false},"author":1,"featured_media":0,"parent":0,"menu_order":0,"comment_status":"open","ping_status":"open","template":"","meta":{"inline_featured_image":false,"footnotes":""},"class_list":["post-16108","page","type-page","status-publish","hentry"],"yoast_head":"<!-- This site is optimized with the Yoast SEO plugin v26.3 - https:\/\/yoast.com\/wordpress\/plugins\/seo\/ -->\n<title>IONISOS, Gamma-Sterilisation, eBeam, R\u00f6ntgenstrahlung und Ethylenoxid-Sterilisation<\/title>\n<meta name=\"description\" content=\"Der Ionisos-Gruppe ist seit \u00fcber 60 Jahren auf Sterilisation, Konservierung und Vernetzung spezialisiert.\" \/>\n<meta name=\"robots\" content=\"index, follow, max-snippet:-1, max-image-preview:large, max-video-preview:-1\" \/>\n<link rel=\"canonical\" href=\"https:\/\/www.ionisos.com\/de\/das-unternehmen\/\" \/>\n<meta property=\"og:locale\" content=\"de_DE\" \/>\n<meta property=\"og:type\" content=\"article\" \/>\n<meta property=\"og:title\" content=\"IONISOS, Gamma-Sterilisation, eBeam, R\u00f6ntgenstrahlung und Ethylenoxid-Sterilisation\" \/>\n<meta property=\"og:description\" content=\"Der Ionisos-Gruppe ist seit \u00fcber 60 Jahren auf Sterilisation, Konservierung und Vernetzung spezialisiert.\" \/>\n<meta property=\"og:url\" content=\"https:\/\/www.ionisos.com\/de\/das-unternehmen\/\" \/>\n<meta property=\"og:site_name\" content=\"Ionisos\" \/>\n<meta property=\"article:modified_time\" content=\"2025-02-25T14:27:46+00:00\" \/>\n<meta name=\"twitter:card\" content=\"summary_large_image\" \/>\n<meta name=\"twitter:label1\" content=\"Gesch\u00e4tzte Lesezeit\" \/>\n\t<meta name=\"twitter:data1\" content=\"2\u00a0Minuten\" \/>\n<script type=\"application\/ld+json\" class=\"yoast-schema-graph\">{\"@context\":\"https:\/\/schema.org\",\"@graph\":[{\"@type\":\"WebPage\",\"@id\":\"https:\/\/www.ionisos.com\/de\/das-unternehmen\/\",\"url\":\"https:\/\/www.ionisos.com\/de\/das-unternehmen\/\",\"name\":\"IONISOS, Gamma-Sterilisation, eBeam, R\u00f6ntgenstrahlung und Ethylenoxid-Sterilisation\",\"isPartOf\":{\"@id\":\"https:\/\/www.ionisos.com\/#website\"},\"datePublished\":\"2017-11-13T22:50:10+00:00\",\"dateModified\":\"2025-02-25T14:27:46+00:00\",\"description\":\"Der Ionisos-Gruppe ist seit \u00fcber 60 Jahren auf Sterilisation, Konservierung und Vernetzung spezialisiert.\",\"breadcrumb\":{\"@id\":\"https:\/\/www.ionisos.com\/de\/das-unternehmen\/#breadcrumb\"},\"inLanguage\":\"de\",\"potentialAction\":[{\"@type\":\"ReadAction\",\"target\":[\"https:\/\/www.ionisos.com\/de\/das-unternehmen\/\"]}]},{\"@type\":\"BreadcrumbList\",\"@id\":\"https:\/\/www.ionisos.com\/de\/das-unternehmen\/#breadcrumb\",\"itemListElement\":[{\"@type\":\"ListItem\",\"position\":1,\"name\":\"Accueil\",\"item\":\"https:\/\/www.ionisos.com\/de\/\"},{\"@type\":\"ListItem\",\"position\":2,\"name\":\"Ionisos\"}]},{\"@type\":\"WebSite\",\"@id\":\"https:\/\/www.ionisos.com\/#website\",\"url\":\"https:\/\/www.ionisos.com\/\",\"name\":\"Ionisos\",\"description\":\"Ionisation par \u00e9lectrons acc\u00e9l\u00e9r\u00e9s, rayons gamma, rayons X et oxyde d&#039;\u00e9thyl\u00e8ne\",\"potentialAction\":[{\"@type\":\"SearchAction\",\"target\":{\"@type\":\"EntryPoint\",\"urlTemplate\":\"https:\/\/www.ionisos.com\/?s={search_term_string}\"},\"query-input\":{\"@type\":\"PropertyValueSpecification\",\"valueRequired\":true,\"valueName\":\"search_term_string\"}}],\"inLanguage\":\"de\"}]}<\/script>\n<!-- \/ Yoast SEO plugin. -->","yoast_head_json":{"title":"IONISOS, Gamma-Sterilisation, eBeam, R\u00f6ntgenstrahlung und Ethylenoxid-Sterilisation","description":"Der Ionisos-Gruppe ist seit \u00fcber 60 Jahren auf Sterilisation, Konservierung und Vernetzung spezialisiert.","robots":{"index":"index","follow":"follow","max-snippet":"max-snippet:-1","max-image-preview":"max-image-preview:large","max-video-preview":"max-video-preview:-1"},"canonical":"https:\/\/www.ionisos.com\/de\/das-unternehmen\/","og_locale":"de_DE","og_type":"article","og_title":"IONISOS, Gamma-Sterilisation, eBeam, R\u00f6ntgenstrahlung und Ethylenoxid-Sterilisation","og_description":"Der Ionisos-Gruppe ist seit \u00fcber 60 Jahren auf Sterilisation, Konservierung und Vernetzung spezialisiert.","og_url":"https:\/\/www.ionisos.com\/de\/das-unternehmen\/","og_site_name":"Ionisos","article_modified_time":"2025-02-25T14:27:46+00:00","twitter_card":"summary_large_image","twitter_misc":{"Gesch\u00e4tzte Lesezeit":"2\u00a0Minuten"},"schema":{"@context":"https:\/\/schema.org","@graph":[{"@type":"WebPage","@id":"https:\/\/www.ionisos.com\/de\/das-unternehmen\/","url":"https:\/\/www.ionisos.com\/de\/das-unternehmen\/","name":"IONISOS, Gamma-Sterilisation, eBeam, R\u00f6ntgenstrahlung und Ethylenoxid-Sterilisation","isPartOf":{"@id":"https:\/\/www.ionisos.com\/#website"},"datePublished":"2017-11-13T22:50:10+00:00","dateModified":"2025-02-25T14:27:46+00:00","description":"Der Ionisos-Gruppe ist seit \u00fcber 60 Jahren auf Sterilisation, Konservierung und Vernetzung spezialisiert.","breadcrumb":{"@id":"https:\/\/www.ionisos.com\/de\/das-unternehmen\/#breadcrumb"},"inLanguage":"de","potentialAction":[{"@type":"ReadAction","target":["https:\/\/www.ionisos.com\/de\/das-unternehmen\/"]}]},{"@type":"BreadcrumbList","@id":"https:\/\/www.ionisos.com\/de\/das-unternehmen\/#breadcrumb","itemListElement":[{"@type":"ListItem","position":1,"name":"Accueil","item":"https:\/\/www.ionisos.com\/de\/"},{"@type":"ListItem","position":2,"name":"Ionisos"}]},{"@type":"WebSite","@id":"https:\/\/www.ionisos.com\/#website","url":"https:\/\/www.ionisos.com\/","name":"Ionisos","description":"Ionisation par \u00e9lectrons acc\u00e9l\u00e9r\u00e9s, rayons gamma, rayons X et oxyde d&#039;\u00e9thyl\u00e8ne","potentialAction":[{"@type":"SearchAction","target":{"@type":"EntryPoint","urlTemplate":"https:\/\/www.ionisos.com\/?s={search_term_string}"},"query-input":{"@type":"PropertyValueSpecification","valueRequired":true,"valueName":"search_term_string"}}],"inLanguage":"de"}]}},"_links":{"self":[{"href":"https:\/\/www.ionisos.com\/de\/wp-json\/wp\/v2\/pages\/16108","targetHints":{"allow":["GET"]}}],"collection":[{"href":"https:\/\/www.ionisos.com\/de\/wp-json\/wp\/v2\/pages"}],"about":[{"href":"https:\/\/www.ionisos.com\/de\/wp-json\/wp\/v2\/types\/page"}],"author":[{"embeddable":true,"href":"https:\/\/www.ionisos.com\/de\/wp-json\/wp\/v2\/users\/1"}],"replies":[{"embeddable":true,"href":"https:\/\/www.ionisos.com\/de\/wp-json\/wp\/v2\/comments?post=16108"}],"version-history":[{"count":18,"href":"https:\/\/www.ionisos.com\/de\/wp-json\/wp\/v2\/pages\/16108\/revisions"}],"predecessor-version":[{"id":26033,"href":"https:\/\/www.ionisos.com\/de\/wp-json\/wp\/v2\/pages\/16108\/revisions\/26033"}],"wp:attachment":[{"href":"https:\/\/www.ionisos.com\/de\/wp-json\/wp\/v2\/media?parent=16108"}],"curies":[{"name":"wp","href":"https:\/\/api.w.org\/{rel}","templated":true}]}}